{"id":17131,"date":"2023-09-20T14:13:28","date_gmt":"2023-09-20T14:13:28","guid":{"rendered":"https:\/\/digitaltarget.com.tr\/?post_type=product&#038;p=17131"},"modified":"2024-08-01T11:37:20","modified_gmt":"2024-08-01T11:37:20","slug":"vtol-drone-delivery-drone-surveillance-drone","status":"publish","type":"product","link":"https:\/\/digitaltarget.com.tr\/ar\/product\/vtol-drone-delivery-drone-surveillance-drone\/","title":{"rendered":"VTOL DRONE, TESL\u0130MAT DRONE, G\u00f6zetleme dronu"},"content":{"rendered":"<p>\u00f6zellikler:<\/p>\n<p>y\u00fck kapasitesi: 10 kg<\/p>\n<p>u\u00e7u\u015f s\u00fcresi: 2 saat<\/p>\n<p>h\u0131z: saatte 30 m<\/p>\n<p>\u00f6zellikler:<\/p>\n<p>Pixhawk RTF:<\/p>\n<p class=\" translation-block\">1x AYK-350 VTOL<br>\r\n1x Y\u00fcksek Verimli Kuyruk Motoru<br>\r\n1x Kuyruk ESC<br>\r\n1x Kuyruk Motoru i\u00e7in 24 in\u00e7 Pervane<br>\r\n1x Kuyruk Motoru i\u00e7in 24 in\u00e7 Yedek Pervane (\u00fccretsiz)<br>\r\n4x Servo<br>\r\nVTOL Modu i\u00e7in 4x Motor<br>\r\nVTOL Modu i\u00e7in 4x ESC<br>\r\n2x (\u00e7ift) VTOL Modu i\u00e7in 26 in\u00e7 Pervane<br>\r\n1x (\u00e7ift) VTOL Modu i\u00e7in 26 in\u00e7 Yedek Pervane (\u00fccretsiz)<br>\r\n2x UBEC<br>\r\n2x G\u00fc\u00e7 \u0130zleme Mod\u00fcl\u00fc<br>\r\n1x Pixhawk Cube Orange Standart Set<br>\r\n2x C-RTK 9P Y\u00fcksek Hassasiyetli Konumland\u0131rma Mod\u00fcl\u00fc Pixhawk Sky End<br>\r\n1x DA16S+ Radyo Kontrol Cihaz\u0131<br>\r\n1x Ta\u015f\u0131ma \u00c7antas\u0131<br>\r\n1x Montaj, Ayarlama ve U\u00e7u\u015f Testi Servis 1x TF02-Pro 40m IP65 LiDAR 1xUltra Power Duo 1200W Balance Charger 4xTATTU 22.8V 6S 25000mAh 10C Y\u00fcksek Voltajl\u0131 Lipo Pil<\/p>\n<p>men\u015fei: \u00c7in<\/p>\n<p>&nbsp;<\/p>\n<h3><strong>not<\/strong>:<\/h3>\n<pre>e\u011fitim ve yal\u0131t\u0131m s\u00fcreci bir servis olarak sa\u011flanabilir<\/pre>","protected":false},"excerpt":{"rendered":"<p>\u00f6zellikler: y\u00fck kapasitesi: 10 kg u\u00e7u\u015f s\u00fcresi: 2 saat h\u0131z: saatte 30 m \u00f6zellikler: Pixhawk RTF: 1x AYK-350 VTOL 1x<\/p>","protected":false},"featured_media":17133,"comment_status":"open","ping_status":"closed","template":"","meta":{"_monsterinsights_skip_tracking":false,"_monsterinsights_sitenote_active":false,"_monsterinsights_sitenote_note":"","_monsterinsights_sitenote_category":0},"product_cat":[381],"product_tag":[],"aioseo_notices":[],"jetpack_sharing_enabled":true,"_links":{"self":[{"href":"https:\/\/digitaltarget.com.tr\/ar\/wp-json\/wp\/v2\/product\/17131"}],"collection":[{"href":"https:\/\/digitaltarget.com.tr\/ar\/wp-json\/wp\/v2\/product"}],"about":[{"href":"https:\/\/digitaltarget.com.tr\/ar\/wp-json\/wp\/v2\/types\/product"}],"replies":[{"embeddable":true,"href":"https:\/\/digitaltarget.com.tr\/ar\/wp-json\/wp\/v2\/comments?post=17131"}],"version-history":[{"count":3,"href":"https:\/\/digitaltarget.com.tr\/ar\/wp-json\/wp\/v2\/product\/17131\/revisions"}],"predecessor-version":[{"id":19044,"href":"https:\/\/digitaltarget.com.tr\/ar\/wp-json\/wp\/v2\/product\/17131\/revisions\/19044"}],"wp:featuredmedia":[{"embeddable":true,"href":"https:\/\/digitaltarget.com.tr\/ar\/wp-json\/wp\/v2\/media\/17133"}],"wp:attachment":[{"href":"https:\/\/digitaltarget.com.tr\/ar\/wp-json\/wp\/v2\/media?parent=17131"}],"wp:term":[{"taxonomy":"product_cat","embeddable":true,"href":"https:\/\/digitaltarget.com.tr\/ar\/wp-json\/wp\/v2\/product_cat?post=17131"},{"taxonomy":"product_tag","embeddable":true,"href":"https:\/\/digitaltarget.com.tr\/ar\/wp-json\/wp\/v2\/product_tag?post=17131"}],"curies":[{"name":"wp","href":"https:\/\/api.w.org\/{rel}","templated":true}]}}