{"id":17141,"date":"2023-09-20T14:40:56","date_gmt":"2023-09-20T14:40:56","guid":{"rendered":"https:\/\/digitaltarget.com.tr\/?post_type=product&#038;p=17141"},"modified":"2024-08-01T11:35:23","modified_gmt":"2024-08-01T11:35:23","slug":"jt40l-404-high-quality-agriculture-drone","status":"publish","type":"product","link":"https:\/\/digitaltarget.com.tr\/ar\/product\/jt40l-404-high-quality-agriculture-drone\/","title":{"rendered":"JT40L-404\/ y\u00fcksek kaliteli tar\u0131m drone&#8217;u"},"content":{"rendered":"<h2>TIP: Tar\u0131m Dronu<\/h2>\n<p><strong>A\u00e7\u0131klama:<\/strong><\/p>\n<table width=\"456\">\n<tbody>\n<tr>\n<td width=\"202\">Model<\/td>\n<td width=\"254\">JT40L-404<\/td>\n<\/tr>\n<tr>\n<td width=\"202\">Pestisit Tank\u0131<\/td>\n<td width=\"254\">40L<\/td>\n<\/tr>\n<tr>\n<td width=\"202\">Net A\u011f\u0131rl\u0131k<\/td>\n<td width=\"254\">48 kg<\/td>\n<\/tr>\n<tr>\n<td width=\"202\">Kalk\u0131\u015f A\u011f\u0131rl\u0131\u011f\u0131<\/td>\n<td width=\"254\">88 kg<\/td>\n<\/tr>\n<tr>\n<td width=\"202\">U\u00e7u\u015f S\u00fcresi<\/td>\n<td width=\"254\">10~12 dk<\/td>\n<\/tr>\n<tr>\n<td width=\"202\">U\u00e7u\u015f Yar\u0131\u00e7ap\u0131<\/td>\n<td width=\"254\">0~1000m<\/td>\n<\/tr>\n<tr>\n<td width=\"202\">U\u00e7u\u015f Y\u00fcksekli\u011fi<\/td>\n<td width=\"254\">0~30m<\/td>\n<\/tr>\n<tr>\n<td width=\"202\">U\u00e7u\u015f H\u0131z\u0131<\/td>\n<td width=\"254\">0~10m\/s<\/td>\n<\/tr>\n<tr>\n<td width=\"202\">\u00c7al\u0131\u015fma S\u0131cakl\u0131\u011f\u0131<\/td>\n<td width=\"254\">-10~70\u00b0C<\/td>\n<\/tr>\n<tr>\n<td width=\"202\">\u00c7al\u0131\u015fma Nemlili\u011fi<\/td>\n<td width=\"254\">0~90%<\/td>\n<\/tr>\n<tr>\n<td width=\"202\">Sprey H\u0131z\u0131<\/td>\n<td width=\"254\">0~8m\/s<\/td>\n<\/tr>\n<tr>\n<td width=\"202\">Sprey Geni\u015fli\u011fi\/Nozul Say\u0131s\u0131<\/td>\n<td width=\"254\">&gt;10~12m \/ 4 Santrif\u00fcj Nozulu<\/td>\n<\/tr>\n<tr>\n<td width=\"202\">Sprey Ak\u0131\u015f\u0131<\/td>\n<td width=\"254\">Maks. 12L\/dk<\/td>\n<\/tr>\n<tr>\n<td width=\"202\">Sprey Verimlili\u011fi<\/td>\n<td width=\"254\">16~18Ha\/Saat<\/td>\n<\/tr>\n<tr>\n<td width=\"202\">A\u015fa\u011f\u0131 U\u00e7u\u015f Hava Ak\u0131\u015f\u0131<\/td>\n<td width=\"254\">4~15m\/s<\/td>\n<\/tr>\n<tr>\n<td width=\"202\">R\u00fczgar Direnci<\/td>\n<td width=\"254\">20m\/s<\/td>\n<\/tr>\n<tr>\n<td rowspan=\"2\" width=\"202\">Makine Boyutu<\/td>\n<td width=\"254\">A\u00e7\u0131k: G1.52m x U0.67m x Y0.93m<\/td>\n<\/tr>\n<tr>\n<td width=\"254\">Katlanm\u0131\u015f: U1.05m x G0.67m x Y0.93m<\/td>\n<\/tr>\n<tr>\n<td width=\"202\">G\u00fc\u00e7 Sistemi<\/td>\n<td width=\"254\">FOC X11 MAX<\/td>\n<\/tr>\n<tr>\n<td width=\"202\">U\u00e7u\u015f Kontrol\u00fc<\/td>\n<td width=\"254\">JIYI K++ V2<\/td>\n<\/tr>\n<tr>\n<td width=\"202\">Uzaktan Kumanda<\/td>\n<td width=\"254\">H12 RC, 5.5\u2033 ekran uygulamal\u0131<\/td>\n<\/tr>\n<tr>\n<td width=\"202\">Pil \/ Miktar<\/td>\n<td width=\"254\">18S 30000mAh \/ 1 adet<\/td>\n<\/tr>\n<tr>\n<td width=\"202\">Pompa<\/td>\n<td width=\"254\">\u00c7ift f\u0131r\u00e7as\u0131z pompa<\/td>\n<\/tr>\n<tr>\n<td width=\"202\">Adapt\u00f6r + \u015earj Cihaz\u0131<\/td>\n<td width=\"254\">\u00c7ift Kanall\u0131 \u015earj Cihaz\u0131 7200W<\/td>\n<\/tr>\n<tr>\n<td width=\"202\">Paketleme Kasesi<\/td>\n<td width=\"254\">Al\u00fcminyum Kasa<\/td>\n<\/tr>\n<tr>\n<td width=\"202\">Ara\u00e7 Seti<\/td>\n<td width=\"254\">Bak\u0131m\/Tamir Ara\u00e7lar\u0131<\/td>\n<\/tr>\n<tr>\n<td width=\"202\">Arazi Takip Radar<\/td>\n<td width=\"254\">Arazi Takibi<\/td>\n<\/tr>\n<tr>\n<td width=\"202\">Engellerden Ka\u00e7\u0131nma Sens\u00f6r\u00fc<\/td>\n<td width=\"254\">\u00d6n ve arka sens\u00f6r<\/td>\n<\/tr>\n<tr>\n<td width=\"202\">FPV<\/td>\n<td width=\"254\">Gece \u0131\u015f\u0131kl\u0131 kamera<\/td>\n<\/tr>\n<tr>\n<td width=\"202\">Yay\u0131c\u0131 Tank\u0131<\/td>\n<td width=\"254\">\u00c7im tohumlar\u0131 yayma, tohum ekme, besleme, g\u00fcbreleme, buz \u00e7\u00f6zme ajan\u0131 vb.<\/td>\n<\/tr>\n<\/tbody>\n<\/table>\n<p class=\" translation-block\"><strong>K\u00f6ken:<\/strong> \u00c7in<\/p>\n<p class=\" translation-block\"><strong>Marka:<\/strong> JOYANCE<\/p>","protected":false},"excerpt":{"rendered":"<p>TIP: Tar\u0131m Dronu A\u00e7\u0131klama: Model JT40L-404 Pestisit Tank\u0131 40L Net A\u011f\u0131rl\u0131k 48 kg Kalk\u0131\u015f A\u011f\u0131rl\u0131\u011f\u0131 88 kg U\u00e7u\u015f S\u00fcresi 10~12<\/p>","protected":false},"featured_media":17143,"comment_status":"open","ping_status":"closed","template":"","meta":{"_monsterinsights_skip_tracking":false,"_monsterinsights_sitenote_active":false,"_monsterinsights_sitenote_note":"","_monsterinsights_sitenote_category":0},"product_cat":[381],"product_tag":[],"aioseo_notices":[],"jetpack_sharing_enabled":true,"_links":{"self":[{"href":"https:\/\/digitaltarget.com.tr\/ar\/wp-json\/wp\/v2\/product\/17141"}],"collection":[{"href":"https:\/\/digitaltarget.com.tr\/ar\/wp-json\/wp\/v2\/product"}],"about":[{"href":"https:\/\/digitaltarget.com.tr\/ar\/wp-json\/wp\/v2\/types\/product"}],"replies":[{"embeddable":true,"href":"https:\/\/digitaltarget.com.tr\/ar\/wp-json\/wp\/v2\/comments?post=17141"}],"version-history":[{"count":3,"href":"https:\/\/digitaltarget.com.tr\/ar\/wp-json\/wp\/v2\/product\/17141\/revisions"}],"predecessor-version":[{"id":19042,"href":"https:\/\/digitaltarget.com.tr\/ar\/wp-json\/wp\/v2\/product\/17141\/revisions\/19042"}],"wp:featuredmedia":[{"embeddable":true,"href":"https:\/\/digitaltarget.com.tr\/ar\/wp-json\/wp\/v2\/media\/17143"}],"wp:attachment":[{"href":"https:\/\/digitaltarget.com.tr\/ar\/wp-json\/wp\/v2\/media?parent=17141"}],"wp:term":[{"taxonomy":"product_cat","embeddable":true,"href":"https:\/\/digitaltarget.com.tr\/ar\/wp-json\/wp\/v2\/product_cat?post=17141"},{"taxonomy":"product_tag","embeddable":true,"href":"https:\/\/digitaltarget.com.tr\/ar\/wp-json\/wp\/v2\/product_tag?post=17141"}],"curies":[{"name":"wp","href":"https:\/\/api.w.org\/{rel}","templated":true}]}}