{"id":17386,"date":"2023-10-21T07:29:31","date_gmt":"2023-10-21T07:29:31","guid":{"rendered":"https:\/\/digitaltarget.com.tr\/?post_type=product&#038;p=17386"},"modified":"2024-08-02T11:45:45","modified_gmt":"2024-08-02T11:45:45","slug":"foxeer-razer-micro-43-black-1-8mm-fpv-camera","status":"publish","type":"product","link":"https:\/\/digitaltarget.com.tr\/ar\/product\/foxeer-razer-micro-43-black-1-8mm-fpv-camera\/","title":{"rendered":"Foxeer Razer Micro 4:3 Siyah 1.8mm FPV Kamera"},"content":{"rendered":"<h1><strong><span style=\"color: #1b1919; font-size: 28px;\">Genel Bak\u0131\u015f<\/span><\/strong><\/h1>\n<div class=\"product-description\">\n<div class=\"product-features\">\n<div class=\"product-feature\">\n<h3>FOXEER Uygun Fiyatl\u0131 FPV Kamera<\/h3>\n<p>1200TVL ultra-net lens ile donat\u0131lm\u0131\u015ft\u0131r.<\/p>\n<\/div>\n<div class=\"product-feature\">\n<h3>\u00d6zellikler:<\/h3>\n<ul>\n<li>1200TVL \u00e7\u00f6z\u00fcn\u00fcrl\u00fck ile geli\u015fmi\u015f do\u011fal g\u00f6r\u00fcnt\u00fc.<\/li>\n<li>Y\u00fcksek kaliteli 1.8mm M8 lens.<\/li>\n<li>Opsiyonel 4:3\/16:9, PAL\/NTSC de\u011fi\u015ftirilebilir.<\/li>\n<li>4.5 ~ 25V giri\u015f voltaj\u0131n\u0131 destekler.<\/li>\n<\/ul>\n<\/div>\n<div class=\"product-feature\">\n<h3>Video Sistemi:<\/h3>\n<p>P sistemi\/N sistemi men\u00fcs\u00fc arac\u0131l\u0131\u011f\u0131yla daha iyi uyumluluk i\u00e7in de\u011fi\u015ftirilebilir.<\/p>\n<\/div>\n<div class=\"product-feature\">\n<h3>\u0130ki Kamera Aras\u0131ndaki Fark:<\/h3>\n<p>Micro Razer&#8217;\u0131n montaj geni\u015fli\u011fi 19mm&#8217;dir.<\/p>\n<p>Mini Razer ise 22mm montaj geni\u015fli\u011fi veya 28mm uzunlukta bir montaj aparat\u0131 ile gelir.<\/p>\n<p>Montaj geni\u015fli\u011fi d\u0131\u015f\u0131nda di\u011fer \u00f6zellikler ayn\u0131d\u0131r.<\/p>\n<\/div>\n<\/div>\n<div class=\"product-title\">Razer Micro<\/div>\n<div class=\"product-feature\">\n<h3>A\u00e7\u0131klama:<\/h3>\n<p>Marka Ad\u0131: Foxeer<\/p>\n<p>\u00dcr\u00fcn Ad\u0131: Razer Micro<\/p>\n<p class=\" translation-block\"><strong>Renk:<\/strong> Siyah<\/p>\n<p>G\u00f6r\u00fcnt\u00fc Oran\u0131: 4:3<\/p>\n<p>Sens\u00f6r Tipi: 1\/3 CMOS<\/p>\n<p>TV Sistemi: De\u011fi\u015ftirilebilir PAL \/ NTSC<\/p>\n<p>\u00c7\u00f6z\u00fcn\u00fcrl\u00fck: 1200TVL<\/p>\n<p>G\u00f6r\u00fc\u015f A\u00e7\u0131s\u0131 (FOV): 4:3 FOV-H 125\u00b0, FOV-D 150\u00b0<\/p>\n<p>Shutter H\u0131z\u0131: PAL: 1\/25 ~ 1\/10000 sn; NTSC: 1\/30 ~ 1\/10000 sn<\/p>\n<p>Video \u00c7\u0131k\u0131\u015f\u0131: CVBS<\/p>\n<p>Minimum Ayd\u0131nlatma: 0.01Lux<\/p>\n<p>Beyaz Dengesi: Otomatik<\/p>\n<p>DNR (Dijital G\u00fcr\u00fclt\u00fc Azaltma): 3DNR<\/p>\n<p>WDR (Geni\u015f Dinamik Aral\u0131k): 90db<\/p>\n<p>G\u00fcnd\u00fcz\/Gece Ge\u00e7i\u015fi: EXT\/Otomatik\/Renkli\/Siyah &#038; Beyaz<\/p>\n<p>G\u00fc\u00e7 Gereksinimi: DC 4.5V ~ 25V<\/p>\n<p>Diller: \u0130ngilizce\/\u00c7ince\/Rus\u00e7a\/\u0130spanyolca\/Frans\u0131zca\/Leh\u00e7e\/\u0130talyanca\/Portekizce\/Japonca\/Korece\/Almanca<\/p>\n<p>\u00c7al\u0131\u015fma S\u0131cakl\u0131\u011f\u0131: -10\u00b0C ~ +50\u00b0C, RH90% MAKS<\/p>\n<p>\u00c7al\u0131\u015fma Nem Oran\u0131: %20 ~ %80<\/p>\n<p>Depolama S\u0131cakl\u0131\u011f\u0131: -20\u00b0C ~ +70\u00b0C<\/p>\n<p>Depolama Nem Oran\u0131: %20 ~ %95<\/p>\n<p>Boyut: 19&#215;18.7mm (braketsiz)<\/p>\n<p>A\u011f\u0131rl\u0131k: 4.5g<\/p>\n<\/div>\n<\/div>","protected":false},"excerpt":{"rendered":"<div>FOXEER Razer is a cost-effective FPV camera, 1200 line ultra clear lens.<\/div>\n<div>1200TVL has supernatural image quality and restores FPV flight pictures.<\/div>\n<div>Low latency, high speed, high speed flight without card.<\/div>\n<div>Low illumination, can see the picture in low light conditions.<\/div>\n<div data-spm-anchor-id=\"a2g0o.detail.1000023.i0.35580S3y0S3yqX\">Wide voltage input, wiring is more convenient.<\/div>","protected":false},"featured_media":17387,"comment_status":"open","ping_status":"closed","template":"","meta":{"_monsterinsights_skip_tracking":false,"_monsterinsights_sitenote_active":false,"_monsterinsights_sitenote_note":"","_monsterinsights_sitenote_category":0},"product_cat":[308],"product_tag":[],"aioseo_notices":[],"jetpack_sharing_enabled":true,"_links":{"self":[{"href":"https:\/\/digitaltarget.com.tr\/ar\/wp-json\/wp\/v2\/product\/17386"}],"collection":[{"href":"https:\/\/digitaltarget.com.tr\/ar\/wp-json\/wp\/v2\/product"}],"about":[{"href":"https:\/\/digitaltarget.com.tr\/ar\/wp-json\/wp\/v2\/types\/product"}],"replies":[{"embeddable":true,"href":"https:\/\/digitaltarget.com.tr\/ar\/wp-json\/wp\/v2\/comments?post=17386"}],"version-history":[{"count":3,"href":"https:\/\/digitaltarget.com.tr\/ar\/wp-json\/wp\/v2\/product\/17386\/revisions"}],"predecessor-version":[{"id":19160,"href":"https:\/\/digitaltarget.com.tr\/ar\/wp-json\/wp\/v2\/product\/17386\/revisions\/19160"}],"wp:featuredmedia":[{"embeddable":true,"href":"https:\/\/digitaltarget.com.tr\/ar\/wp-json\/wp\/v2\/media\/17387"}],"wp:attachment":[{"href":"https:\/\/digitaltarget.com.tr\/ar\/wp-json\/wp\/v2\/media?parent=17386"}],"wp:term":[{"taxonomy":"product_cat","embeddable":true,"href":"https:\/\/digitaltarget.com.tr\/ar\/wp-json\/wp\/v2\/product_cat?post=17386"},{"taxonomy":"product_tag","embeddable":true,"href":"https:\/\/digitaltarget.com.tr\/ar\/wp-json\/wp\/v2\/product_tag?post=17386"}],"curies":[{"name":"wp","href":"https:\/\/api.w.org\/{rel}","templated":true}]}}