{"id":17411,"date":"2023-11-15T08:52:30","date_gmt":"2023-11-15T08:52:30","guid":{"rendered":"https:\/\/digitaltarget.com.tr\/?post_type=product&#038;p=17411"},"modified":"2024-08-02T11:43:12","modified_gmt":"2024-08-02T11:43:12","slug":"speedybee-f405-wing-flight-controller","status":"publish","type":"product","link":"https:\/\/digitaltarget.com.tr\/ar\/product\/speedybee-f405-wing-flight-controller\/","title":{"rendered":"SpeedyBee F405 WING U\u00e7u\u015f Kontrol\u00f6r\u00fc"},"content":{"rendered":"<h2>\u00dcr\u00fcn Ad\u0131: SpeedyBee F405 WING FC Kart\u0131<\/h2>\n<ul>\n<li>Kablosuz Konfig\u00fcrasyon<\/li>\n<li>Kolay kurulum, tak ve \u00e7al\u0131\u015ft\u0131r<\/li>\n<li>INAV ve Ardupilot i\u00e7in \u00e7ift yaz\u0131l\u0131m deste\u011fi<\/li>\n<li>Ardupilot&#8217;un VTOL fonksiyonunu destekler<\/li>\n<li>F405 t\u00fcm pinleri a\u00e7\u0131\u011fa \u00e7\u0131kar\u0131r<\/li>\n<li>Kararl\u0131 \u00e7al\u0131\u015fma i\u00e7in \u00e7ok katmanl\u0131 kart tasar\u0131m\u0131<\/li>\n<li>CRSF telemetri verileri Lua beti\u011fi ile g\u00f6r\u00fcnt\u00fclenir<\/li>\n<li>\u015e\u0131k ayd\u0131nlatma i\u00e7in 4x LED \u015ferit konekt\u00f6r\u00fc<\/li>\n<li>4 seviyeli batarya \u00f6mr\u00fc g\u00f6stergeleri<\/li>\n<li>3 BEC \u00e7\u0131k\u0131\u015f\u0131 ile entegre ak\u0131m sens\u00f6r\u00fc<\/li>\n<li>Kurulum y\u00fcksekli\u011fi i\u00e7in 90\u00b0 pin ba\u015fl\u0131klar\u0131 i\u00e7erir<\/li>\n<\/ul>\n<p><strong><span style=\"font-size: large;\">Sabit kanat yap\u0131land\u0131rmas\u0131 hi\u00e7 bu kadar kolay olmam\u0131\u015ft\u0131.<\/span> <\/strong><\/p>\n<p>Speedybee ve QGroundcontrol uygulamalar\u0131 arac\u0131l\u0131\u011f\u0131yla kablosuz konfig\u00fcrasyon destekler, bu sayede zahmetli s\u00fcr\u00fcc\u00fcler veya veri kablolar\u0131 gerekmez.<\/p>\n<p>Kolay ve pratik konfig\u00fcrasyon sayesinde u\u00e7u\u015funuzun tad\u0131n\u0131 \u00e7\u0131karabilirsiniz.<\/p>\n<p><strong><span style=\"font-size: large;\">Detayl\u0131 ayarlar m\u0131 gerekiyor ama mobil uygulamalar desteklenmiyor mu?<\/span> <\/strong><\/p>\n<p>BLE, Wi-Fi veya klasik Bluetooth gibi ihtiya\u00e7lar\u0131n\u0131za uygun her zaman bir ba\u011flant\u0131 y\u00f6ntemi mevcuttur.<\/p>\n<p><strong><span style=\"font-size: large;\">Soldering (Lehimleme) ile aran\u0131z iyi de\u011fil mi?<\/span> <\/strong><\/p>\n<p>Her \u015feyi sadece tak\u0131n! Dijital VTX, al\u0131c\u0131, kamera, analog VTX ve GPS&#8217;i ba\u011flayarak h\u0131zl\u0131ca montaj\u0131n\u0131z\u0131 tamamlay\u0131n.<\/p>\n<p>Ayr\u0131ca u\u00e7ak\u0131n\u0131z\u0131 zahmetsizce ayd\u0131nlatmak i\u00e7in 4x LED konekt\u00f6r\u00fc ile birlikte gelir.<\/p>\n<p>Lehimleme tercih ediliyor mu? Kart\u0131 \u00e7evirin ve \u00e7al\u0131\u015fmaya ba\u015flay\u0131n.<\/p>\n<p>&#8216;Dijital VTX konekt\u00f6r\u00fc tak ve \u00e7al\u0131\u015ft\u0131r destekler (DJI 03\/RunCam Link\/Caddx Vista\/Caddx WS Avatar\/DJI Air Unit V1)<\/p>\n<p>&#8216;Genel \u00e7evre birimleri i\u00e7in \u00f6n tarafta JST-SH1.0 konekt\u00f6rleri kullan\u0131l\u0131r.<\/p>\n<p><strong><span style=\"font-size: large;\">INAV\/Ardupilot \u00e7ift yaz\u0131l\u0131m\u0131n\u0131 istedi\u011finiz gibi se\u00e7in.<\/span> <\/strong><\/p>\n<p>FPV u\u00e7u\u015funu kolayca y\u00f6netmek i\u00e7in INAV veya geli\u015fmi\u015f \u00f6zellikler i\u00e7in Ardupilot kullanabilirsiniz.<\/p>\n<p><span style=\"font-size: large;\"><strong>U\u00e7u\u015funuzu stabilize edin, otomatik kalk\u0131\u015f, Kanat Yar\u0131\u015f\u0131, Formasyon U\u00e7u\u015f&#8230;<\/strong> <\/span><\/p>\n<p>\u0130ster acemi olun, ister uzman; bu u\u00e7u\u015f kontrolc\u00fcs\u00fc t\u00fcm u\u00e7u\u015f hayallerinizi ger\u00e7ekle\u015ftirebilir.<\/p>\n<p><strong><span style=\"font-size: large;\">Tam MCU pinout, art\u0131k aray\u00fcz se\u00e7imi sorunlar\u0131 yok.<\/span> <\/strong><\/p>\n<ul>\n<li>ELRS\/TBS al\u0131c\u0131<\/li>\n<li>SBUS giri\u015fi veya di\u011fer \u00e7evre birimleri<\/li>\n<li>GPS mod\u00fcl\u00fc<\/li>\n<li>Telemetri mod\u00fcl\u00fc veya di\u011fer \u00e7evre birimleri<\/li>\n<li>Dijital VTX veya Analog VTX<\/li>\n<li>Entegre kablosuz kontrolc\u00fc<\/li>\n<li>\u00c7e\u015fitli harici mod\u00fclleri ba\u011flamak i\u00e7in 6 UART ba\u011flant\u0131 noktas\u0131, GPS&#8217;ten Dijital VTX&#8217;e kadar.<\/li>\n<li>Motor ve servo kontrol\u00fc i\u00e7in 11&#8217;e kadar PWM \u00e7\u0131k\u0131\u015f\u0131.<\/li>\n<li>Bu u\u00e7u\u015f kontrolc\u00fcs\u00fc, geleneksel d\u00fczenli u\u00e7aklardan, V-tail u\u00e7aklar\u0131na, flaperonlu u\u00e7aklara ve VTOL&#8217;lara kadar \u00e7e\u015fitli sabit kanatl\u0131 u\u00e7aklar i\u00e7in uygundur.<\/li>\n<\/ul>\n<table>\n<tbody>\n<tr>\n<th>\u00dcr\u00fcn Ad\u0131<\/th>\n<td>SpeedyBee F405 WING FC Kart\u0131<\/td>\n<\/tr>\n<tr>\n<th>MCU<\/th>\n<td>STM32F405, 168MHz, 1MB Flash<\/td>\n<\/tr>\n<tr>\n<th>IMU (Jiroskop &amp; \u0130vme\u00f6l\u00e7er)<\/th>\n<td>ICM-42688-P<\/td>\n<\/tr>\n<tr>\n<th>Barometre<\/th>\n<td>SPL006-001<\/td>\n<\/tr>\n<tr>\n<th>OSD \u00c7ipi<\/th>\n<td>AT7456E<\/td>\n<\/tr>\n<tr>\n<th>Black Box<\/th>\n<td>MicroSD Kart Yuvas\u0131<\/td>\n<\/tr>\n<tr>\n<th>UART<\/th>\n<td>6 set (USART1, USART2, USART3, UART4, UART5, UART6 (kablo ba\u011flant\u0131s\u0131 i\u00e7in ayr\u0131lm\u0131\u015f))<\/td>\n<\/tr>\n<tr>\n<th>I2C<\/th>\n<td>Manyetikometre, dijital hava h\u0131z\u0131 sens\u00f6r\u00fc i\u00e7in kullan\u0131l\u0131r<\/td>\n<\/tr>\n<tr>\n<th>ADC<\/th>\n<td>4x (VBAT, Ak\u0131m, RSSI, Analog Hava H\u0131z\u0131)<\/td>\n<\/tr>\n<tr>\n<th>PWM<\/th>\n<td>12x (11+ &#8220;LED&#8221; pad)<\/td>\n<\/tr>\n<tr>\n<th>ELRS\/CRSF Al\u0131c\u0131<\/th>\n<td>Desteklenir, UART1&#8217;e ba\u011flan\u0131r<\/td>\n<\/tr>\n<tr>\n<th>SBUS<\/th>\n<td>SBUS giri\u015fi i\u00e7in yerle\u015fik invert\u00f6r (UART2-RX)<\/td>\n<\/tr>\n<tr>\n<th>LED<\/th>\n<td>FC Durumu i\u00e7in 3x LED (Mavi, Ye\u015fil) ve 3.3V g\u00f6stergesi (K\u0131rm\u0131z\u0131), 1x RGB<\/td>\n<\/tr>\n<tr>\n<th>RSSI<\/th>\n<td>Desteklenir, RS olarak etiketlenmi\u015ftir<\/td>\n<\/tr>\n<tr>\n<th>Desteklenen FC Yaz\u0131l\u0131mlar\u0131<\/th>\n<td>INAV: SpeedyBeeF405WING (varsay\u0131lan), ArduPilot: SpeedyBeeF405WING<\/td>\n<\/tr>\n<tr>\n<th>A\u011f\u0131rl\u0131k<\/th>\n<td>8.9g<\/td>\n<\/tr>\n<\/tbody>\n<\/table>\n<p>&nbsp;<\/p>\n<table>\n<tbody>\n<tr>\n<th>\u00dcr\u00fcn Ad\u0131<\/th>\n<td>SpeedyBee F405 WING PDB Kart\u0131<\/td>\n<\/tr>\n<tr>\n<th>Giri\u015f Voltaj\u0131 Aral\u0131\u011f\u0131<\/th>\n<td>7 ~ 36V (2 ~ 6S LiPo)<\/td>\n<\/tr>\n<tr>\n<th>Batarya Voltaj\u0131 Sens\u00f6r\u00fc<\/th>\n<td>FC kart\u0131na VBAT ba\u011flay\u0131n, 1K:10K (iNav&#8217;da 1100 olarak \u00f6l\u00e7\u00fcl\u00fcr, ArduPilot&#8217;ta BATT_VOLT_MULT 11.0 olarak ayarlan\u0131r)<\/td>\n<\/tr>\n<tr>\n<th>Batarya Ak\u0131m Sens\u00f6r\u00fc<\/th>\n<td>90A s\u00fcrekli, 215A pik ak\u0131m FC kart\u0131na ba\u011flan\u0131r (iNav&#8217;da 195 olarak \u00f6l\u00e7\u00fcl\u00fcr, ArduPilot&#8217;ta 50A\/V olarak ayarlan\u0131r)<\/td>\n<\/tr>\n<tr>\n<th>TVS Koruma Diyodu<\/th>\n<td>Evet<\/td>\n<\/tr>\n<tr>\n<th>FC BEC \u00c7\u0131k\u0131\u015f\u0131<\/th>\n<td>5.2V +\/- 0.1V DC, S\u00fcrekli ak\u0131m 2.4 Amper, 3A Pik, FC, Al\u0131c\u0131, GPS mod\u00fcl\u00fc, Hava h\u0131z\u0131 mod\u00fcl\u00fc, Telemetri mod\u00fcl\u00fc, WS2812 LED \u015feridi i\u00e7in tasarlanm\u0131\u015ft\u0131r<\/td>\n<\/tr>\n<tr>\n<th>VTX BEC \u00c7\u0131k\u0131\u015f\u0131<\/th>\n<td>9V +\/- 0.1V DC, S\u00fcrekli ak\u0131m 1.8 Amper, 2.3A Pik, Ayarlanabilir voltaj, Ana Video Verici, Dijital Video Verici, Kamera i\u00e7in tasarlanm\u0131\u015ft\u0131r<\/td>\n<\/tr>\n<tr>\n<th>Servo BEC \u00c7\u0131k\u0131\u015f\u0131<\/th>\n<td>4.9V +\/- 0.1V DC, S\u00fcrekli ak\u0131m 4.5 Amper, 5.5A Pik, Ayarlanabilir voltaj, 4.9V varsay\u0131lan servo i\u00e7in, jumper ile 6V veya 7.2V<\/td>\n<\/tr>\n<tr>\n<th>A\u011f\u0131rl\u0131k<\/th>\n<td>11.4g<\/td>\n<\/tr>\n<\/tbody>\n<\/table>\n<p>&nbsp;<\/p>\n<table>\n<tbody>\n<tr>\n<th>\u00dcr\u00fcn Ad\u0131<\/th>\n<td>SpeedyBee F405 WING Kablosuz Kart\u0131<\/td>\n<\/tr>\n<tr>\n<th>Kablosuz Konfig\u00fcrasyon (BLE modu)<\/th>\n<td>Speedybee Uygulamas\u0131na Ba\u011flan\u0131n<\/td>\n<\/tr>\n<tr>\n<th>Kablosuz Konfig\u00fcrasyon (Wi-Fi modu)<\/th>\n<td>QGroundControl Uygulamas\u0131na, Speedybee Uygulamas\u0131na, MissionPlanner vb. ba\u011flan\u0131n<\/td>\n<\/tr>\n<tr>\n<th>Kablosuz Konfig\u00fcrasyon (Bluetooth SPP modu)<\/th>\n<td>QGroundControl Uygulamas\u0131na, MissionPlanner&#8217;a ba\u011flan\u0131n<\/td>\n<\/tr>\n<tr>\n<th>LED \u015ferit kontrolc\u00fcs\u00fc<\/th>\n<td>4x WS2812 LED \u015ferit konekt\u00f6r\u00fc, ayarlanabilir renkler ve yanma modlar\u0131<\/td>\n<\/tr>\n<tr>\n<th>LED \u015ferit kontrolc\u00fcs\u00fc (Maksimum)<\/th>\n<td>Maksimum 5.2V 1.3A, yakla\u015f\u0131k 70 adet 5050 WS2812 LED taneciklerini destekler<\/td>\n<\/tr>\n<tr>\n<th>Kenarl\u0131k Batarya Seviyesi G\u00f6stergesi<\/th>\n<td>Batarya seviyesini g\u00f6stermek i\u00e7in 4x RGB g\u00f6sterge LED&#8217;leri<\/td>\n<\/tr>\n<tr>\n<th>A\u011f\u0131rl\u0131k<\/th>\n<td>4.2g<\/td>\n<\/tr>\n<\/tbody>\n<\/table>","protected":false},"excerpt":{"rendered":"<p>\u00dcr\u00fcn Ad\u0131: SpeedyBee F405 WING FC Kart\u0131 Kablosuz Konfig\u00fcrasyon Kolay kurulum, tak ve \u00e7al\u0131\u015ft\u0131r INAV ve Ardupilot i\u00e7in \u00e7ift yaz\u0131l\u0131m<\/p>","protected":false},"featured_media":17412,"comment_status":"open","ping_status":"closed","template":"","meta":{"_monsterinsights_skip_tracking":false,"_monsterinsights_sitenote_active":false,"_monsterinsights_sitenote_note":"","_monsterinsights_sitenote_category":0},"product_cat":[355,358,444],"product_tag":[],"aioseo_notices":[],"jetpack_sharing_enabled":true,"_links":{"self":[{"href":"https:\/\/digitaltarget.com.tr\/ar\/wp-json\/wp\/v2\/product\/17411"}],"collection":[{"href":"https:\/\/digitaltarget.com.tr\/ar\/wp-json\/wp\/v2\/product"}],"about":[{"href":"https:\/\/digitaltarget.com.tr\/ar\/wp-json\/wp\/v2\/types\/product"}],"replies":[{"embeddable":true,"href":"https:\/\/digitaltarget.com.tr\/ar\/wp-json\/wp\/v2\/comments?post=17411"}],"version-history":[{"count":3,"href":"https:\/\/digitaltarget.com.tr\/ar\/wp-json\/wp\/v2\/product\/17411\/revisions"}],"predecessor-version":[{"id":19158,"href":"https:\/\/digitaltarget.com.tr\/ar\/wp-json\/wp\/v2\/product\/17411\/revisions\/19158"}],"wp:featuredmedia":[{"embeddable":true,"href":"https:\/\/digitaltarget.com.tr\/ar\/wp-json\/wp\/v2\/media\/17412"}],"wp:attachment":[{"href":"https:\/\/digitaltarget.com.tr\/ar\/wp-json\/wp\/v2\/media?parent=17411"}],"wp:term":[{"taxonomy":"product_cat","embeddable":true,"href":"https:\/\/digitaltarget.com.tr\/ar\/wp-json\/wp\/v2\/product_cat?post=17411"},{"taxonomy":"product_tag","embeddable":true,"href":"https:\/\/digitaltarget.com.tr\/ar\/wp-json\/wp\/v2\/product_tag?post=17411"}],"curies":[{"name":"wp","href":"https:\/\/api.w.org\/{rel}","templated":true}]}}