{"id":17427,"date":"2023-11-15T09:32:30","date_gmt":"2023-11-15T09:32:30","guid":{"rendered":"https:\/\/digitaltarget.com.tr\/?post_type=product&#038;p=17427"},"modified":"2024-10-31T11:04:26","modified_gmt":"2024-10-31T11:04:26","slug":"t-motor-flame-80a-12s-v2-0-esc","status":"publish","type":"product","link":"https:\/\/digitaltarget.com.tr\/ar\/product\/t-motor-flame-80a-12s-v2-0-esc\/","title":{"rendered":"T-MOTOR FLAME 80A 12S V2.0 ESC"},"content":{"rendered":"<div><span class=\"size\" style=\"font-size: large;\"><br \/>\n<b>Bu ESC, \u00f6zellikle \u00e7ok rotorlu ara\u00e7lar i\u00e7in tasarlanm\u0131\u015ft\u0131r.<\/b><br \/>\n<\/span><\/p>\n<div class=\" translation-block\"><span class=\"size\" style=\"font-size: large;\"><br>\r\n<\/span><span class=\"size\" style=\"font-size: large;\"><b>Ba\u015flatma Korumas\u0131:<\/b><br>\r\n<\/span>Motor normal \u015fekilde ba\u015flayamazsa, ESC gaz de\u011ferini art\u0131r\u0131r ve motoru 2 saniye i\u00e7inde kapat\u0131r. Bu durumda, vericinin gaz kolunu en alt konuma \u00e7ekmeniz ve motoru yeniden ba\u015flatman\u0131z gerekir. (Olas\u0131 nedenler: ESC ve motor kablolar\u0131 aras\u0131ndaki ba\u011flant\u0131n\u0131n zay\u0131f veya kesintili olmas\u0131; pervanelerin s\u0131k\u0131\u015fmas\u0131 vb.)<\/div>\n<div><\/div>\n<div class=\" translation-block\"><span class=\"size\" style=\"font-size: large;\"><br>\r\n<b>Sinyal Kayb\u0131 Korumas\u0131:<\/b><br>\r\n<\/span>ESC, 0.25 saniyeden fazla bir s\u00fcre sinyal kayb\u0131 tespit etti\u011finde, \u00e7\u0131k\u0131\u015f\u0131 hemen keser, s\u00fcrekli d\u00f6nen pervaneler veya rotor b\u0131\u00e7aklar\u0131 taraf\u0131ndan daha b\u00fcy\u00fck kay\u0131plar\u0131n \u00f6nlenmesini sa\u011flar. ESC, normal sinyaller al\u0131nd\u0131\u011f\u0131nda ilgili \u00e7\u0131k\u0131\u015f\u0131 yeniden ba\u015flat\u0131r.<\/div>\n<div><\/div>\n<div class=\" translation-block\"><span class=\"size\" style=\"font-size: large;\"><br>\r\n<b>Motor Kilitleme Korumas\u0131:<\/b><br>\r\n<\/span>ESC, motor kilitlenmesini tespit etti\u011finde, motoru yeniden ba\u015flatmaya \u00e7al\u0131\u015f\u0131r (\u00fc\u00e7 kez); ba\u015far\u0131s\u0131z olursa, \u00e7\u0131k\u0131\u015f\u0131 keser ve yeniden deneme s\u00fcrecini durdurur. ESC\u2019yi yeniden ba\u015flatmak ve \u00e7\u0131k\u0131\u015f\u0131 s\u00fcrd\u00fcrmek i\u00e7in gaz kolunu en alt konuma \u00e7ekmeniz ve ard\u0131ndan yeniden ba\u015flatman\u0131z gerekir.<\/div>\n<div><\/div>\n<div class=\" translation-block\"><span class=\"size\" style=\"font-size: large;\"><br>\r\n<b>A\u015f\u0131r\u0131 Y\u00fck Korumas\u0131:<\/b><br>\r\n<\/span>Pik ak\u0131m 340A\u2019ya (k\u0131sa devre ak\u0131m\u0131) yakla\u015ft\u0131\u011f\u0131nda, ESC hemen \u00e7\u0131k\u0131\u015f\u0131n\u0131 keser. Normal \u00e7al\u0131\u015fmay\u0131 yeniden kazanmak i\u00e7in, g\u00fc\u00e7 kayna\u011f\u0131n\u0131 kapat\u0131p tekrar a\u00e7man\u0131z gerekir.<\/div>\n<div><\/div>\n<div>\u2022 Tamamen kapal\u0131<\/div>\n<div>\u2022 M\u00fckemmel su ge\u00e7irmezlik<\/div>\n<div>\u2022 Daha stabil performans, daha g\u00fcvenli kullan\u0131m<\/div>\n<div><\/div>\n<div><\/div>\n<\/div>","protected":false},"excerpt":{"rendered":"<p>Bu ESC, \u00f6zellikle \u00e7ok rotorlu ara\u00e7lar i\u00e7in tasarlanm\u0131\u015ft\u0131r. Ba\u015flatma Korumas\u0131: Motor normal \u015fekilde ba\u015flayamazsa, ESC gaz de\u011ferini art\u0131r\u0131r ve motoru<\/p>","protected":false},"featured_media":17428,"comment_status":"open","ping_status":"closed","template":"","meta":{"_monsterinsights_skip_tracking":false,"_monsterinsights_sitenote_active":false,"_monsterinsights_sitenote_note":"","_monsterinsights_sitenote_category":0},"product_cat":[444],"product_tag":[],"aioseo_notices":[],"jetpack_sharing_enabled":true,"_links":{"self":[{"href":"https:\/\/digitaltarget.com.tr\/ar\/wp-json\/wp\/v2\/product\/17427"}],"collection":[{"href":"https:\/\/digitaltarget.com.tr\/ar\/wp-json\/wp\/v2\/product"}],"about":[{"href":"https:\/\/digitaltarget.com.tr\/ar\/wp-json\/wp\/v2\/types\/product"}],"replies":[{"embeddable":true,"href":"https:\/\/digitaltarget.com.tr\/ar\/wp-json\/wp\/v2\/comments?post=17427"}],"version-history":[{"count":3,"href":"https:\/\/digitaltarget.com.tr\/ar\/wp-json\/wp\/v2\/product\/17427\/revisions"}],"predecessor-version":[{"id":18974,"href":"https:\/\/digitaltarget.com.tr\/ar\/wp-json\/wp\/v2\/product\/17427\/revisions\/18974"}],"wp:featuredmedia":[{"embeddable":true,"href":"https:\/\/digitaltarget.com.tr\/ar\/wp-json\/wp\/v2\/media\/17428"}],"wp:attachment":[{"href":"https:\/\/digitaltarget.com.tr\/ar\/wp-json\/wp\/v2\/media?parent=17427"}],"wp:term":[{"taxonomy":"product_cat","embeddable":true,"href":"https:\/\/digitaltarget.com.tr\/ar\/wp-json\/wp\/v2\/product_cat?post=17427"},{"taxonomy":"product_tag","embeddable":true,"href":"https:\/\/digitaltarget.com.tr\/ar\/wp-json\/wp\/v2\/product_tag?post=17427"}],"curies":[{"name":"wp","href":"https:\/\/api.w.org\/{rel}","templated":true}]}}