{"id":17434,"date":"2023-11-15T09:57:10","date_gmt":"2023-11-15T09:57:10","guid":{"rendered":"https:\/\/digitaltarget.com.tr\/?post_type=product&#038;p=17434"},"modified":"2025-07-24T04:07:41","modified_gmt":"2025-07-24T04:07:41","slug":"hobbywing-flyfun-160a-v5-6-14s-lipo-brushless-esc","status":"publish","type":"product","link":"https:\/\/digitaltarget.com.tr\/ar\/product\/hobbywing-flyfun-160a-v5-6-14s-lipo-brushless-esc\/","title":{"rendered":"Hobbywing Flyfun 160A V5 6-14S Lipo F\u0131r\u00e7as\u0131z Esc"},"content":{"rendered":"<h2><strong>Hobbywing FlyFun-160A-HV-OPTO V5:<\/strong><\/h2>\n<p><strong>Ak\u0131m: <\/strong>160A<\/p>\n<p><strong>S\u00fcrekli Ak\u0131m:<\/strong> 200A<\/p>\n<p class=\" translation-block\"><strong>\u00c7al\u0131\u015fma G\u00fcc\u00fc:<\/strong> 6-14S LiPo batarya<\/p>\n<p class=\" translation-block\"><strong>Boyut: <\/strong>110*50.3*33.2mm<\/p>\n<p><strong>A\u011f\u0131rl\u0131k: <\/strong>221.5g<\/p>\n<p class=\" translation-block\"><strong>BEC:<\/strong> Yok<\/p>\n<p class=\" translation-block\"><strong>Programlama Kart\u0131: <\/strong>LED dijital t\u00fcp programlama kart\u0131. Veya uzaktan kumanda ayarlar\u0131.<\/p>\n<h2><strong>\u00d6zellikler:<\/strong><\/h2>\n<p>\u2022 Daha do\u011frusal gaz tepkisi, daha d\u00fc\u015f\u00fck s\u0131cakl\u0131k, daha uzun u\u00e7u\u015f s\u00fcresi<\/p>\n<p>\u2022 Verimlili\u011fi art\u0131rmak i\u00e7in Senkronize D\u00fczeltme Verimlilik Optimizasyonu (DEO) kullan\u0131r;<\/p>\n<p>\u2022 Daha h\u0131zl\u0131 ve daha do\u011frusal gaz tepkisi getirir, u\u00e7u\u015f stabilitesini ve esnekli\u011fini art\u0131r\u0131r, daha d\u00fc\u015f\u00fck s\u0131cakl\u0131k art\u0131\u015f\u0131 sa\u011flar;<\/p>\n<p>\u2022 Elektrik transferi daha g\u00fcvenilir \u00e7al\u0131\u015f\u0131r; Daha y\u00fcksek s\u00fcr\u00fcc\u00fc verimlili\u011fi, daha uzun \u00f6m\u00fcr.<\/p>\n<p>\u2022 Yava\u015f ba\u015flama teknolojisi, uyumlu kanal kar\u0131\u015f\u0131m\u0131 motoru, ters iti\u015f fonksiyonu;<\/p>\n<p>\u2022 Ger\u00e7ek bir sabit kanatl\u0131 u\u00e7u\u015f gibi daha fazla e\u011flence ekler;<\/p>\n<p>\u2022 Genel pervaneli u\u00e7aklara uyum sa\u011flamakla birlikte, farkl\u0131 boyutlar i\u00e7in daha uygun olan \u00e7ok dosyal\u0131 yava\u015f ba\u015flama fonksiyonu yeni tasar\u0131m\u0131;<\/p>\n<p>\u2022 Ters iti\u015f fonksiyonuna sahip kanall\u0131 u\u00e7ak (kalk\u0131\u015fta anti-frenleme fonksiyonu ile), u\u00e7ak frenler a\u00e7\u0131k olarak ini\u015f yapabilir;<\/p>\n<p>\u2022 S\u0131radan u\u00e7aklar\u0131n taksi mesafesini azaltman\u0131n yan\u0131 s\u0131ra, ger\u00e7ek u\u00e7aklar\u0131n ultra-k\u0131sa mesafe ini\u015f modunu etkili bir \u015fekilde sim\u00fcle edebilir;<\/p>\n<p>\u2022 Fren, orant\u0131l\u0131 fren, \u00fc\u00e7 fren modu, s\u0131radan fren modunda fren direnci ayarlanabilir;<\/p>\n<p>\u2022 Ara\u00e7 modunda, fren kuvveti otomatik olarak gaz kolu taraf\u0131ndan da\u011f\u0131t\u0131l\u0131r.<\/p>","protected":false},"excerpt":{"rendered":"<p>Hobbywing FlyFun-160A-HV-OPTO V5: Ak\u0131m: 160A S\u00fcrekli Ak\u0131m: 200A \u00c7al\u0131\u015fma G\u00fcc\u00fc: 6-14S LiPo batarya Boyut: 110*50.3*33.2mm A\u011f\u0131rl\u0131k: 221.5g BEC: Yok Programlama<\/p>","protected":false},"featured_media":17435,"comment_status":"open","ping_status":"closed","template":"","meta":{"_monsterinsights_skip_tracking":false,"_monsterinsights_sitenote_active":false,"_monsterinsights_sitenote_note":"","_monsterinsights_sitenote_category":0},"product_cat":[444],"product_tag":[],"aioseo_notices":[],"jetpack_sharing_enabled":true,"_links":{"self":[{"href":"https:\/\/digitaltarget.com.tr\/ar\/wp-json\/wp\/v2\/product\/17434"}],"collection":[{"href":"https:\/\/digitaltarget.com.tr\/ar\/wp-json\/wp\/v2\/product"}],"about":[{"href":"https:\/\/digitaltarget.com.tr\/ar\/wp-json\/wp\/v2\/types\/product"}],"replies":[{"embeddable":true,"href":"https:\/\/digitaltarget.com.tr\/ar\/wp-json\/wp\/v2\/comments?post=17434"}],"version-history":[{"count":3,"href":"https:\/\/digitaltarget.com.tr\/ar\/wp-json\/wp\/v2\/product\/17434\/revisions"}],"predecessor-version":[{"id":18972,"href":"https:\/\/digitaltarget.com.tr\/ar\/wp-json\/wp\/v2\/product\/17434\/revisions\/18972"}],"wp:featuredmedia":[{"embeddable":true,"href":"https:\/\/digitaltarget.com.tr\/ar\/wp-json\/wp\/v2\/media\/17435"}],"wp:attachment":[{"href":"https:\/\/digitaltarget.com.tr\/ar\/wp-json\/wp\/v2\/media?parent=17434"}],"wp:term":[{"taxonomy":"product_cat","embeddable":true,"href":"https:\/\/digitaltarget.com.tr\/ar\/wp-json\/wp\/v2\/product_cat?post=17434"},{"taxonomy":"product_tag","embeddable":true,"href":"https:\/\/digitaltarget.com.tr\/ar\/wp-json\/wp\/v2\/product_tag?post=17434"}],"curies":[{"name":"wp","href":"https:\/\/api.w.org\/{rel}","templated":true}]}}