{"id":17453,"date":"2023-11-15T11:09:40","date_gmt":"2023-11-15T11:09:40","guid":{"rendered":"https:\/\/digitaltarget.com.tr\/?post_type=product&#038;p=17453"},"modified":"2024-10-31T11:04:11","modified_gmt":"2024-10-31T11:04:11","slug":"multifunctional-heat-soldering-station-cnc-xt60-xt90-t-banana-plug","status":"publish","type":"product","link":"https:\/\/digitaltarget.com.tr\/ar\/product\/multifunctional-heat-soldering-station-cnc-xt60-xt90-t-banana-plug\/","title":{"rendered":"\u00c7ok i\u015flevli \u0131s\u0131 lehimleme istasyonu CNC \/ XT60 XT90 T Banana Fi\u015fi"},"content":{"rendered":"<p style=\"box-sizing: border-box; -webkit-tap-highlight-color: transparent; outline: 0px; margin: 0px; padding: 0px; line-height: inherit; color: #222222; font-family: 'Open Sans', Roboto, Arial, Helvetica, sans-serif, SimSun; font-style: normal; font-variant-ligatures: normal; font-variant-caps: normal; font-weight: 400; letter-spacing: normal; orphans: 2; text-align: start; text-indent: 0px; text-transform: none; widows: 2; word-spacing: 0px; -webkit-text-stroke-width: 0px; white-space: normal; text-decoration-thickness: initial; text-decoration-style: initial; text-decoration-color: initial; font-size: 14px;\"><span style=\"box-sizing: border-box; -webkit-tap-highlight-color: transparent; outline: 0px; margin: 0px; padding: 0px; max-width: 100%; word-break: break-word; font-size: 16px;\"><br \/>\n<strong style=\"box-sizing: border-box; -webkit-tap-highlight-color: transparent; outline: 0px;\" data-spm-anchor-id=\"a2g0o.detail.1000023.i0.f0bb4f767LMlj3\">\u00dcr\u00fcn Ad\u0131: \u00c7ok Fonksiyonlu Is\u0131 Kaynak \u0130stasyonu CNC \/ XT60 XT90 T Banana Konnekt\u00f6r RC Quadcopter Multicopter Yedek Par\u00e7a Aksesuarlar\u0131<\/strong><br \/>\n<\/span><br \/>\n<br style=\"box-sizing: border-box; -webkit-tap-highlight-color: transparent; outline: 0px;\" \/><\/p>\n<p style=\"box-sizing: border-box; -webkit-tap-highlight-color: transparent; outline: 0px; margin: 0px; padding: 0px; line-height: inherit; color: #222222; font-family: 'Open Sans', Roboto, Arial, Helvetica, sans-serif, SimSun; font-style: normal; font-variant-ligatures: normal; font-variant-caps: normal; font-weight: 400; letter-spacing: normal; orphans: 2; text-align: start; text-indent: 0px; text-transform: none; widows: 2; word-spacing: 0px; -webkit-text-stroke-width: 0px; white-space: normal; text-decoration-thickness: initial; text-decoration-style: initial; text-decoration-color: initial; font-size: 14px;\"><span style=\"box-sizing: border-box; -webkit-tap-highlight-color: transparent; outline: 0px; margin: 0px; padding: 0px; max-width: 100%; word-break: break-word; font-size: 16px;\"><strong style=\"box-sizing: border-box; -webkit-tap-highlight-color: transparent; outline: 0px;\">\u00d6zellikler:<\/strong><br \/>\n<\/span><\/p>\n<ul>\n<li><span style=\"box-sizing: border-box; -webkit-tap-highlight-color: transparent; outline: 0px; margin: 0px; padding: 0px; max-width: 100%; word-break: break-word; font-size: 16px;\"><strong style=\"box-sizing: border-box; -webkit-tap-highlight-color: transparent; outline: 0px;\">A\u011f\u0131rl\u0131k: 152g <\/strong><\/span><\/li>\n<li><span style=\"box-sizing: border-box; -webkit-tap-highlight-color: transparent; outline: 0px; margin: 0px; padding: 0px; max-width: 100%; word-break: break-word; font-size: 16px;\"><strong style=\"box-sizing: border-box; -webkit-tap-highlight-color: transparent; outline: 0px;\">Boyut: Uzunluk 110mm * Geni\u015flik 60mm * Kal\u0131nl\u0131k 15mm.<\/strong><\/span><\/li>\n<li><span style=\"box-sizing: border-box; -webkit-tap-highlight-color: transparent; outline: 0px; margin: 0px; padding: 0px; max-width: 100%; word-break: break-word; font-size: 16px;\"><strong style=\"box-sizing: border-box; -webkit-tap-highlight-color: transparent; outline: 0px;\">Delik deste\u011fi: XT90\/geleneksel\/geleneksel t-plug\/mini t-plug\/banana ba\u015fl\u0131\u011f\u0131.<\/strong><\/span><span style=\"box-sizing: border-box; -webkit-tap-highlight-color: transparent; outline: 0px; margin: 0px; padding: 0px; max-width: 100%; word-break: break-word; font-size: 16px;\"><br \/>\n<\/span><\/li>\n<\/ul>","protected":false},"excerpt":{"rendered":"<p>\u00dcr\u00fcn Ad\u0131: \u00c7ok Fonksiyonlu Is\u0131 Kaynak \u0130stasyonu CNC \/ XT60 XT90 T Banana Konnekt\u00f6r RC Quadcopter Multicopter Yedek Par\u00e7a Aksesuarlar\u0131<\/p>","protected":false},"featured_media":17454,"comment_status":"open","ping_status":"closed","template":"","meta":{"_monsterinsights_skip_tracking":false,"_monsterinsights_sitenote_active":false,"_monsterinsights_sitenote_note":"","_monsterinsights_sitenote_category":0},"product_cat":[349,430],"product_tag":[],"aioseo_notices":[],"jetpack_sharing_enabled":true,"_links":{"self":[{"href":"https:\/\/digitaltarget.com.tr\/ar\/wp-json\/wp\/v2\/product\/17453"}],"collection":[{"href":"https:\/\/digitaltarget.com.tr\/ar\/wp-json\/wp\/v2\/product"}],"about":[{"href":"https:\/\/digitaltarget.com.tr\/ar\/wp-json\/wp\/v2\/types\/product"}],"replies":[{"embeddable":true,"href":"https:\/\/digitaltarget.com.tr\/ar\/wp-json\/wp\/v2\/comments?post=17453"}],"version-history":[{"count":3,"href":"https:\/\/digitaltarget.com.tr\/ar\/wp-json\/wp\/v2\/product\/17453\/revisions"}],"predecessor-version":[{"id":18969,"href":"https:\/\/digitaltarget.com.tr\/ar\/wp-json\/wp\/v2\/product\/17453\/revisions\/18969"}],"wp:featuredmedia":[{"embeddable":true,"href":"https:\/\/digitaltarget.com.tr\/ar\/wp-json\/wp\/v2\/media\/17454"}],"wp:attachment":[{"href":"https:\/\/digitaltarget.com.tr\/ar\/wp-json\/wp\/v2\/media?parent=17453"}],"wp:term":[{"taxonomy":"product_cat","embeddable":true,"href":"https:\/\/digitaltarget.com.tr\/ar\/wp-json\/wp\/v2\/product_cat?post=17453"},{"taxonomy":"product_tag","embeddable":true,"href":"https:\/\/digitaltarget.com.tr\/ar\/wp-json\/wp\/v2\/product_tag?post=17453"}],"curies":[{"name":"wp","href":"https:\/\/api.w.org\/{rel}","templated":true}]}}