{"id":17456,"date":"2023-11-15T11:25:18","date_gmt":"2023-11-15T11:25:18","guid":{"rendered":"https:\/\/digitaltarget.com.tr\/?post_type=product&#038;p=17456"},"modified":"2024-08-02T11:37:35","modified_gmt":"2024-08-02T11:37:35","slug":"rfd900a-pix-modem-ultra-long-range-40-km-radio-telemetry-set","status":"publish","type":"product","link":"https:\/\/digitaltarget.com.tr\/ar\/product\/rfd900a-pix-modem-ultra-long-range-40-km-radio-telemetry-set\/","title":{"rendered":"RFD900A Pix Modem Ultra Uzun Menzilli 40 Km Radyo Telemetri Seti"},"content":{"rendered":"<h2>RFD900A Pix Modem Ultra Uzun Menzilli 40 Km Radyo Telemetri Seti, APM Pixhawk ile Uyumlu RC Dronlar \u0130\u00e7in<\/h2>\n<p><strong><span style=\"color: #1b1919; font-size: 24px;\">Ana \u00d6zellikler:<\/span><\/strong><\/p>\n<div>\n<p>Rfd., k\u00fc\u00e7\u00fck bir yer kaplayan ve m\u00fckemmel performans sunan kablosuz veri iletim mod\u00fcl\u00fcd\u00fcr. Ana \u00f6zellikler:<\/p>\n<ul>\n<li>Radyo tasar\u0131m\u0131ndan ba\u011f\u0131ms\u0131z olarak, her mod\u00fcl bir USB seri port \u00e7ipi ile entegre edilmi\u015ftir ve USB ve UART aray\u00fczleri otomatik olarak ge\u00e7i\u015f yapar. USB \u00f6nceliklidir.<\/li>\n<li>\u00c7al\u0131\u015fma frekans\u0131 aral\u0131\u011f\u0131: 902-928 MHz, ISM band\u0131.<\/li>\n<li>Verici devresi, 20dB&#8217;den b\u00fcy\u00fck bir d\u00fc\u015f\u00fck g\u00fcr\u00fclt\u00fc amplifikat\u00f6r\u00fc ile tasarlanm\u0131\u015ft\u0131r ve bir al\u00e7ak ge\u00e7iren filtre \u00fcnitesi eklenmi\u015ftir.<\/li>\n<li>Ayarlanabilir iletim g\u00fcc\u00fc, maksimum 1W iletim g\u00fcc\u00fc.<\/li>\n<li>Y\u00fcksek hassasiyetli LNA ve saw devreleri al\u0131c\u0131 devresinin \u00f6n\u00fcnde yer al\u0131r.<\/li>\n<li>D\u0131\u015f ileti\u015fim mesafesi 40 km veya daha fazlas\u0131na kadar \u00e7\u0131kabilir (anten performans\u0131 ve ileti\u015fim h\u0131z gereksinimlerine ba\u011fl\u0131 olarak).<\/li>\n<li>Hava veri h\u0131z\u0131 250 kbps&#8217;ye kadar \u00e7\u0131kabilir.<\/li>\n<li>Anten \u00e7e\u015fitlili\u011fi ve farkl\u0131 anten yap\u0131land\u0131rmalar\u0131n\u0131 destekleyen \u00e7ift anten aray\u00fcz\u00fc.<\/li>\n<li>Yerel radyo istasyonunun komut yap\u0131land\u0131rmas\u0131n\u0131 ve uzaktaki radyo istasyonunun RT komut yap\u0131land\u0131rmas\u0131n\u0131 destekler.<\/li>\n<li>Mod\u00fcl, s\u0131cakl\u0131k izleme fonksiyonuna sahip olup, a\u015f\u0131r\u0131 \u0131s\u0131nmay\u0131 \u00f6nlemek i\u00e7in s\u0131cakl\u0131\u011fa g\u00f6re g\u00f6rev d\u00f6ng\u00fcs\u00fcn\u00fc otomatik olarak ayarlar.<\/li>\n<li>\u00c7al\u0131\u015fma s\u0131cakl\u0131\u011f\u0131: -40 ila +85 \u2103.<\/li>\n<li>Boyut: 33mm * 53mm * 9.5mm. A\u011f\u0131rl\u0131k: 23g.<\/li>\n<li>Uzun menzil yetenekleri balon \u00fczerinde kenar ara\u015ft\u0131rma laboratuvarlar\u0131nda g\u00f6sterilmi\u015ftir (> 40km * 80km), Hindistan&#8217;da 57km, dipol antenler ile.<\/li>\n<li>2 x RP-SMA RF konekt\u00f6r\u00fc, \u00e7e\u015fitlilik de\u011fi\u015ftirilmi\u015f.<\/li>\n<li>1 Watt (+30dBm) iletim g\u00fcc\u00fc.<\/li>\n<li>\u0130letim al\u00e7ak ge\u00e7iren filtre.<\/li>\n<li>> 20dB d\u00fc\u015f\u00fck g\u00fcr\u00fclt\u00fc amplifikat\u00f6r\u00fc, y\u00fcksek IP3.<\/li>\n<li>RX saw filtresi.<\/li>\n<li>T\u00fcm I\/O&#8217;lar ESD korumal\u0131 ve filtrelenmi\u015ftir.<\/li>\n<li>Yeniden uygulanm\u0131\u015f SiK ve \u00e7oklu-SiK yaz\u0131l\u0131mlar\u0131, saha g\u00fcncellemeleri ve yap\u0131land\u0131rmas\u0131 kolayd\u0131r.<\/li>\n<li>3DR \/ Hope-RF radyo mod\u00fclleri ile uyumlu.<\/li>\n<\/ul>\n<h2>Aray\u00fczler<\/h2>\n<ul>\n<li>RF: 2 x RP-SMA konekt\u00f6rleri.<\/li>\n<li>Seri: TTL lojik seviyeli (+3.3v).<\/li>\n<li>G\u00fc\u00e7: +5v, ~ maksimum zirve (maksimum iletim g\u00fcc\u00fcnde).<\/li>\n<li>GPIO: 6 genel ama\u00e7l\u0131 IO (dijital, ADC, PWM yetenekli).<\/li>\n<\/ul>\n<h2>Yaz\u0131l\u0131m\/GCS Deste\u011fi<\/h2>\n<ul>\n<li>Yaz\u0131l\u0131m \u00e7\u00f6z\u00fcm\u00fc, yeni i\u015flemci mimarisi i\u00e7in uyarlanm\u0131\u015f a\u00e7\u0131k kaynakl\u0131 &#8220;SiK&#8221; ad\u0131 verilen bir geli\u015ftirmedir. Seri port \u00fczerinden ek geli\u015ftirmeler ve saha g\u00fcncellemeleri i\u00e7in bir \u00f6ny\u00fckleyici ve aray\u00fcz mevcuttur.<\/li>\n<li>\u00c7o\u011fu parametre AT komutlar\u0131 ile yap\u0131land\u0131r\u0131labilir, \u00f6rne\u011fin; baud h\u0131z\u0131 (hava\/UART), frekans band\u0131, g\u00fc\u00e7 seviyeleri.<\/li>\n<li>RFD900 radyolar\u0131n\u0131n yap\u0131land\u0131r\u0131lmas\u0131 i\u00e7in entegre destek, APM Planlay\u0131c\u0131 taraf\u0131ndan desteklenir.<\/li>\n<li>Varsay\u0131lan ayarlar 57600 baud, N, 8, 1 ve 64k hava veri h\u0131z\u0131d\u0131r.<\/li>\n<\/ul>\n<\/div>","protected":false},"excerpt":{"rendered":"<p>RFD900A Pix Modem Ultra Uzun Menzilli 40 Km Radyo Telemetri Seti, APM Pixhawk ile Uyumlu RC Dronlar \u0130\u00e7in Ana \u00d6zellikler:<\/p>","protected":false},"featured_media":17460,"comment_status":"open","ping_status":"closed","template":"","meta":{"_monsterinsights_skip_tracking":false,"_monsterinsights_sitenote_active":false,"_monsterinsights_sitenote_note":"","_monsterinsights_sitenote_category":0},"product_cat":[431,355,358,385],"product_tag":[],"aioseo_notices":[],"jetpack_sharing_enabled":true,"_links":{"self":[{"href":"https:\/\/digitaltarget.com.tr\/ar\/wp-json\/wp\/v2\/product\/17456"}],"collection":[{"href":"https:\/\/digitaltarget.com.tr\/ar\/wp-json\/wp\/v2\/product"}],"about":[{"href":"https:\/\/digitaltarget.com.tr\/ar\/wp-json\/wp\/v2\/types\/product"}],"replies":[{"embeddable":true,"href":"https:\/\/digitaltarget.com.tr\/ar\/wp-json\/wp\/v2\/comments?post=17456"}],"version-history":[{"count":3,"href":"https:\/\/digitaltarget.com.tr\/ar\/wp-json\/wp\/v2\/product\/17456\/revisions"}],"predecessor-version":[{"id":19154,"href":"https:\/\/digitaltarget.com.tr\/ar\/wp-json\/wp\/v2\/product\/17456\/revisions\/19154"}],"wp:featuredmedia":[{"embeddable":true,"href":"https:\/\/digitaltarget.com.tr\/ar\/wp-json\/wp\/v2\/media\/17460"}],"wp:attachment":[{"href":"https:\/\/digitaltarget.com.tr\/ar\/wp-json\/wp\/v2\/media?parent=17456"}],"wp:term":[{"taxonomy":"product_cat","embeddable":true,"href":"https:\/\/digitaltarget.com.tr\/ar\/wp-json\/wp\/v2\/product_cat?post=17456"},{"taxonomy":"product_tag","embeddable":true,"href":"https:\/\/digitaltarget.com.tr\/ar\/wp-json\/wp\/v2\/product_tag?post=17456"}],"curies":[{"name":"wp","href":"https:\/\/api.w.org\/{rel}","templated":true}]}}