{"id":17462,"date":"2023-11-15T11:37:13","date_gmt":"2023-11-15T11:37:13","guid":{"rendered":"https:\/\/digitaltarget.com.tr\/?post_type=product&#038;p=17462"},"modified":"2024-08-02T11:27:10","modified_gmt":"2024-08-02T11:27:10","slug":"omnibus-f4-nano-v6-with-lc-filter","status":"publish","type":"product","link":"https:\/\/digitaltarget.com.tr\/ar\/product\/omnibus-f4-nano-v6-with-lc-filter\/","title":{"rendered":"OMNIBUS F4 Nano v6 LC filtreli"},"content":{"rendered":"<p><strong><span style=\"color: #1b1919; font-size: 28px;\">OMNIBUS F4 Nano V6<\/span><\/strong><\/p>\n<ul>\n<li>5x UART portu<\/li>\n<li>4in1 soketi arac\u0131l\u0131\u011f\u0131yla ESC telemetri deste\u011fi<\/li>\n<li>5V 2A BEC<\/li>\n<li>2-6S g\u00fc\u00e7 giri\u015fi<\/li>\n<li class=\" translation-block\">Yaz\u0131l\u0131m: L\u00fctfen Fireworks v2\u2019yi kullan\u0131n, ancak CLI\u2019de <code>gyro_to_use = SECOND<\/code> olarak ayarlay\u0131n.<\/li>\n<\/ul>\n<h2>\u00d6zellikler:<\/h2>\n<ul>\n<li class=\" translation-block\">2-6S do\u011frudan giri\u015f (Wave 4in1 ESC\u2019yi beslemek ve ESC sinyallerini ba\u011flamak i\u00e7in bir adapt\u00f6r kullan\u0131labilir;<br>\r\n    Wave 2-4S i\u00e7indir)<\/li>\n<li>D\u00fc\u015f\u00fck g\u00fcr\u00fclt\u00fc, temiz, y\u00fcksek frekansl\u0131 gyro \u00f6rnekleme i\u00e7in SPI ile ba\u011flant\u0131l\u0131 MPU6000 gyro<\/li>\n<li>Y\u00fckseklik tutma i\u015flevini etkinle\u015ftiren BMP280 Barometre<\/li>\n<li>Betaflight OSD<\/li>\n<li>Y\u00fcksek voltaj sens\u00f6r\u00fc<\/li>\n<li>2A&#8217;ya kadar bile\u015fenlere sahip 5V reg\u00fclat\u00f6r kart\u0131 (\u0131s\u0131nmay\u0131 \u00f6nlemek i\u00e7in maksimum 1A kullan\u0131lmas\u0131 \u00f6nerilir)<\/li>\n<li>Temiz g\u00fc\u00e7 sa\u011fl\u0131\u011f\u0131 i\u00e7in entegre L-C filtre<\/li>\n<li>Betaflight 3.2&#8217;yi \u00e7al\u0131\u015ft\u0131ran STM32 F405 MCU<\/li>\n<li>SBUS\/PPM giri\u015fi i\u00e7in pin ba\u015fl\u0131klar\u0131<\/li>\n<li>4 motor \u00e7\u0131k\u0131\u015f\u0131 i\u00e7in JST-SH 1.0 8-pin konekt\u00f6r, Airbot Wave 4in1 ESC&#8217;ye ba\u011fl\u0131 (Opsiyonel 8-pin 4in1 Kablo)<\/li>\n<li>25x25mm (20x20mm M3 montaj delikleri)<\/li>\n<\/ul>\n<h2>Paket \u0130\u00e7eri\u011fi:<\/h2>\n<ul>\n<li>1x U\u00e7u\u015f Kontrolc\u00fcs\u00fc (FC)<\/li>\n<\/ul>","protected":false},"excerpt":{"rendered":"<p>OMNIBUS F4 Nano V6 5x UART portu 4in1 soketi arac\u0131l\u0131\u011f\u0131yla ESC telemetri deste\u011fi 5V 2A BEC 2-6S g\u00fc\u00e7 giri\u015fi Yaz\u0131l\u0131m:<\/p>","protected":false},"featured_media":17465,"comment_status":"open","ping_status":"closed","template":"","meta":{"_monsterinsights_skip_tracking":false,"_monsterinsights_sitenote_active":false,"_monsterinsights_sitenote_note":"","_monsterinsights_sitenote_category":0},"product_cat":[355,358],"product_tag":[],"aioseo_notices":[],"jetpack_sharing_enabled":true,"_links":{"self":[{"href":"https:\/\/digitaltarget.com.tr\/ar\/wp-json\/wp\/v2\/product\/17462"}],"collection":[{"href":"https:\/\/digitaltarget.com.tr\/ar\/wp-json\/wp\/v2\/product"}],"about":[{"href":"https:\/\/digitaltarget.com.tr\/ar\/wp-json\/wp\/v2\/types\/product"}],"replies":[{"embeddable":true,"href":"https:\/\/digitaltarget.com.tr\/ar\/wp-json\/wp\/v2\/comments?post=17462"}],"version-history":[{"count":3,"href":"https:\/\/digitaltarget.com.tr\/ar\/wp-json\/wp\/v2\/product\/17462\/revisions"}],"predecessor-version":[{"id":19151,"href":"https:\/\/digitaltarget.com.tr\/ar\/wp-json\/wp\/v2\/product\/17462\/revisions\/19151"}],"wp:featuredmedia":[{"embeddable":true,"href":"https:\/\/digitaltarget.com.tr\/ar\/wp-json\/wp\/v2\/media\/17465"}],"wp:attachment":[{"href":"https:\/\/digitaltarget.com.tr\/ar\/wp-json\/wp\/v2\/media?parent=17462"}],"wp:term":[{"taxonomy":"product_cat","embeddable":true,"href":"https:\/\/digitaltarget.com.tr\/ar\/wp-json\/wp\/v2\/product_cat?post=17462"},{"taxonomy":"product_tag","embeddable":true,"href":"https:\/\/digitaltarget.com.tr\/ar\/wp-json\/wp\/v2\/product_tag?post=17462"}],"curies":[{"name":"wp","href":"https:\/\/api.w.org\/{rel}","templated":true}]}}