{"id":17468,"date":"2023-11-15T11:46:24","date_gmt":"2023-11-15T11:46:24","guid":{"rendered":"https:\/\/digitaltarget.com.tr\/?post_type=product&#038;p=17468"},"modified":"2024-08-02T11:24:11","modified_gmt":"2024-08-02T11:24:11","slug":"12-channel-micro-rotary-cable-joint-flanged-2a-12-5mm-15-5mm","status":"publish","type":"product","link":"https:\/\/digitaltarget.com.tr\/ar\/product\/12-channel-micro-rotary-cable-joint-flanged-2a-12-5mm-15-5mm\/","title":{"rendered":"12 Kanall\u0131 Mikro Kayar Halka Ba\u011flant\u0131 Flan\u015fl\u0131 2A 12,5 mm\/15,5 mm"},"content":{"rendered":"<p><strong><span style=\"color: #1b1919; font-size: 28px;\">12-Kanal Mikro Kayd\u0131rma Halkas\u0131 Flan\u015fl\u0131 2A 12.5mm\/15.5mm<\/span><\/strong><\/p>\n<p><strong>\u00d6zellikler:<\/strong><\/p>\n<ul>\n<li>D\u00f6n\u00fc\u015f H\u0131z\u0131: Dakikada 250 devir&#8217;e kadar<\/li>\n<li>Kanal Say\u0131s\u0131: 2\/4\/6\/8\/12\/24 Kanal (iste\u011fe ba\u011fl\u0131) \/ 2A<\/li>\n<li>Ak\u0131m: Kanal ba\u015f\u0131na 1.5 ila 2A<\/li>\n<li>\u00c7ap: 12.5mm (24 kanal i\u00e7in 15.5mm)<\/li>\n<li>Toplam Uzunluk: 21.6mm<\/li>\n<li>Nominal Voltaj: 0 ila 240V<\/li>\n<li>\u00c7al\u0131\u015fma S\u0131cakl\u0131\u011f\u0131: -40\u00b0C ila +80\u00b0C<\/li>\n<li>Temas Malzemesi: Alt\u0131n\/Alt\u0131n<\/li>\n<li>Kablo Uzunlu\u011fu: 250mm<\/li>\n<li>Dielektrik G\u00fc\u00e7: \u0130ki kanal aras\u0131nda 50Hz&#8217;de 500V&#8217;a kadar<\/li>\n<li>Kasa Malzemeleri: M\u00fchendislik Plastik<\/li>\n<li>Hizmet \u00d6mr\u00fc: H\u0131z ve \u00e7evreye ba\u011fl\u0131 olarak 5 milyon devir veya daha fazla<\/li>\n<\/ul>","protected":false},"excerpt":{"rendered":"<p>12-Kanal Mikro Kayd\u0131rma Halkas\u0131 Flan\u015fl\u0131 2A 12.5mm\/15.5mm \u00d6zellikler: D\u00f6n\u00fc\u015f H\u0131z\u0131: Dakikada 250 devir&#8217;e kadar Kanal Say\u0131s\u0131: 2\/4\/6\/8\/12\/24 Kanal (iste\u011fe ba\u011fl\u0131)<\/p>","protected":false},"featured_media":17469,"comment_status":"open","ping_status":"closed","template":"","meta":{"_monsterinsights_skip_tracking":false,"_monsterinsights_sitenote_active":false,"_monsterinsights_sitenote_note":"","_monsterinsights_sitenote_category":0},"product_cat":[431,443],"product_tag":[],"aioseo_notices":[],"jetpack_sharing_enabled":true,"_links":{"self":[{"href":"https:\/\/digitaltarget.com.tr\/ar\/wp-json\/wp\/v2\/product\/17468"}],"collection":[{"href":"https:\/\/digitaltarget.com.tr\/ar\/wp-json\/wp\/v2\/product"}],"about":[{"href":"https:\/\/digitaltarget.com.tr\/ar\/wp-json\/wp\/v2\/types\/product"}],"replies":[{"embeddable":true,"href":"https:\/\/digitaltarget.com.tr\/ar\/wp-json\/wp\/v2\/comments?post=17468"}],"version-history":[{"count":4,"href":"https:\/\/digitaltarget.com.tr\/ar\/wp-json\/wp\/v2\/product\/17468\/revisions"}],"predecessor-version":[{"id":19150,"href":"https:\/\/digitaltarget.com.tr\/ar\/wp-json\/wp\/v2\/product\/17468\/revisions\/19150"}],"wp:featuredmedia":[{"embeddable":true,"href":"https:\/\/digitaltarget.com.tr\/ar\/wp-json\/wp\/v2\/media\/17469"}],"wp:attachment":[{"href":"https:\/\/digitaltarget.com.tr\/ar\/wp-json\/wp\/v2\/media?parent=17468"}],"wp:term":[{"taxonomy":"product_cat","embeddable":true,"href":"https:\/\/digitaltarget.com.tr\/ar\/wp-json\/wp\/v2\/product_cat?post=17468"},{"taxonomy":"product_tag","embeddable":true,"href":"https:\/\/digitaltarget.com.tr\/ar\/wp-json\/wp\/v2\/product_tag?post=17468"}],"curies":[{"name":"wp","href":"https:\/\/api.w.org\/{rel}","templated":true}]}}