{"id":17472,"date":"2023-11-15T12:47:44","date_gmt":"2023-11-15T12:47:44","guid":{"rendered":"https:\/\/digitaltarget.com.tr\/?post_type=product&#038;p=17472"},"modified":"2025-07-24T04:07:20","modified_gmt":"2025-07-24T04:07:20","slug":"18-channel-micro-rotary-cable-joint-2a-12-5mm-for-rc-excavator-model-diy-ptz-gimbal","status":"publish","type":"product","link":"https:\/\/digitaltarget.com.tr\/ar\/product\/18-channel-micro-rotary-cable-joint-2a-12-5mm-for-rc-excavator-model-diy-ptz-gimbal\/","title":{"rendered":"18 Kanall\u0131 Mikro Kayar Halka 2A 12,5 mm RC Ekskavat\u00f6r Modeli DIY PTZ Gimbal i\u00e7in"},"content":{"rendered":"<p>&nbsp;<\/p>\n<h2>\u00d6zellikler:<\/h2>\n<ul>\n<li>\u00c7ap: 12.5mm<\/li>\n<li>H\u0131z: 200 rpm&#8217;ye kadar<\/li>\n<li>Kanal Say\u0131s\u0131: 18 kanal<\/li>\n<li>Nominal Voltaj: 220VAC\/DC<\/li>\n<li>Nominal Ak\u0131m: Kanal ba\u015f\u0131na 2A<\/li>\n<li>\u00c7al\u0131\u015fma S\u0131cakl\u0131\u011f\u0131: -20\u00b0C ila +60\u00b0C<\/li>\n<li>Kontak Malzemesi: Alt\u0131n\/Alt\u0131n<\/li>\n<li>Kablo Uzunlu\u011fu: Standart 200mm<\/li>\n<li>Bas\u0131\u00e7 Dayan\u0131m\u0131: \u0130ki kanal aras\u0131nda 50Hz&#8217;te 500V&#8217;a kadar<\/li>\n<li>\u0130zolasyon Direnci: 500M\u03a9\/500VDC<\/li>\n<li>Dinamik Diren\u00e7 Dalgalanma De\u011feri: Minimum 10m\u03a9<\/li>\n<li>Kasa Malzemesi: M\u00fchendislik Plastik<\/li>\n<li>Hizmet \u00d6mr\u00fc: 5 milyondan fazla d\u00f6n\u00fc\u015f (\u00e7al\u0131\u015fma ortam\u0131 ve h\u0131z\u0131na ba\u011fl\u0131 olarak)<\/li>\n<\/ul>\n<h2>A\u00e7\u0131klama:<\/h2>\n<p>R\u00fczgar enerjisi kayd\u0131rma halkalar\u0131, d\u00fc\u015f\u00fck s\u0131cakl\u0131k, y\u00fcksek nem, r\u00fczgar ve kum, korozyon direnci, darbe direnci, titre\u015fim direnci, kararl\u0131 performans ve bak\u0131m gerektirmeyen \u00f6zellikleri ile bilinir. Hizmet \u00f6mr\u00fc 10 milyon d\u00f6n\u00fc\u015fe kadar ula\u015fabilir.<\/p>\n<p>Kayd\u0131rma halkas\u0131, r\u00fczgar enerjisi sistemindeki t\u00fcm g\u00fc\u00e7ten sorumludur, \u00f6zellikle jenerat\u00f6r sisteminde. Kontrol sinyali ve veri iletimi i\u015flevi, t\u00fcm r\u00fczgar enerjisi sisteminin kritik bile\u015fenleridir. Hassasiyet, g\u00fcvenilirlik ve hizmet \u00f6mr\u00fc, r\u00fczgar enerjisi jenerat\u00f6r sisteminin performans\u0131n\u0131 do\u011frudan etkiler.<\/p>\n<h2>Paket \u0130\u00e7eri\u011fi:<\/h2>\n<p>1 x Kayd\u0131rma Halkas\u0131 (18-kanall\u0131, se\u00e7ilen se\u00e7ene\u011fe g\u00f6re)<\/p>","protected":false},"excerpt":{"rendered":"<p>&nbsp; \u00d6zellikler: \u00c7ap: 12.5mm H\u0131z: 200 rpm&#8217;ye kadar Kanal Say\u0131s\u0131: 18 kanal Nominal Voltaj: 220VAC\/DC Nominal Ak\u0131m: Kanal ba\u015f\u0131na 2A<\/p>","protected":false},"featured_media":17473,"comment_status":"open","ping_status":"closed","template":"","meta":{"_monsterinsights_skip_tracking":false,"_monsterinsights_sitenote_active":false,"_monsterinsights_sitenote_note":"","_monsterinsights_sitenote_category":0},"product_cat":[431,443],"product_tag":[],"aioseo_notices":[],"jetpack_sharing_enabled":true,"_links":{"self":[{"href":"https:\/\/digitaltarget.com.tr\/ar\/wp-json\/wp\/v2\/product\/17472"}],"collection":[{"href":"https:\/\/digitaltarget.com.tr\/ar\/wp-json\/wp\/v2\/product"}],"about":[{"href":"https:\/\/digitaltarget.com.tr\/ar\/wp-json\/wp\/v2\/types\/product"}],"replies":[{"embeddable":true,"href":"https:\/\/digitaltarget.com.tr\/ar\/wp-json\/wp\/v2\/comments?post=17472"}],"version-history":[{"count":4,"href":"https:\/\/digitaltarget.com.tr\/ar\/wp-json\/wp\/v2\/product\/17472\/revisions"}],"predecessor-version":[{"id":18967,"href":"https:\/\/digitaltarget.com.tr\/ar\/wp-json\/wp\/v2\/product\/17472\/revisions\/18967"}],"wp:featuredmedia":[{"embeddable":true,"href":"https:\/\/digitaltarget.com.tr\/ar\/wp-json\/wp\/v2\/media\/17473"}],"wp:attachment":[{"href":"https:\/\/digitaltarget.com.tr\/ar\/wp-json\/wp\/v2\/media?parent=17472"}],"wp:term":[{"taxonomy":"product_cat","embeddable":true,"href":"https:\/\/digitaltarget.com.tr\/ar\/wp-json\/wp\/v2\/product_cat?post=17472"},{"taxonomy":"product_tag","embeddable":true,"href":"https:\/\/digitaltarget.com.tr\/ar\/wp-json\/wp\/v2\/product_tag?post=17472"}],"curies":[{"name":"wp","href":"https:\/\/api.w.org\/{rel}","templated":true}]}}