{"id":17475,"date":"2023-11-15T12:57:55","date_gmt":"2023-11-15T12:57:55","guid":{"rendered":"https:\/\/digitaltarget.com.tr\/?post_type=product&#038;p=17475"},"modified":"2025-07-24T04:07:10","modified_gmt":"2025-07-24T04:07:10","slug":"cuav-pixhack-v5-compatible-power-module-60v-5a-xt60-socket","status":"publish","type":"product","link":"https:\/\/digitaltarget.com.tr\/ar\/product\/cuav-pixhack-v5-compatible-power-module-60v-5a-xt60-socket\/","title":{"rendered":"CUAV Pixhack V5 Uyumlu G\u00fc\u00e7 Mod\u00fcl\u00fc 60V 5A XT60 Soket"},"content":{"rendered":"<p><strong><span style=\"color: #1b1919; font-size: 24px;\">\u00dcr\u00fcn Bilgisi:<\/span><\/strong><\/p>\n<ul>\n<li>\u00dcr\u00fcn Ad\u0131: G\u00fc\u00e7 Mod\u00fcl\u00fc<\/li>\n<li>Mod\u00fcl Boyutu: 32mm x 2mm<\/li>\n<li>A\u011f\u0131rl\u0131k: 29g<\/li>\n<\/ul>\n<h2>Teknik \u00d6zellikler:<\/h2>\n<ul>\n<li>Daha y\u00fcksek giri\u015f voltaj\u0131 deste\u011fi: 10V-60V (3s~14s batarya)<\/li>\n<li>Daha hassas ak\u0131m ve voltaj alg\u0131lama:\n<ul>\n<li>Voltaj alg\u0131lama hassasiyeti: \u00b10.1V;<\/li>\n<li>Ak\u0131m alg\u0131lama hassasiyeti: \u00b10.2A<\/li>\n<\/ul>\n<\/li>\n<li>Daha y\u00fcksek g\u00fc\u00e7 \u00e7\u0131k\u0131\u015f\u0131 ak\u0131m deste\u011fi: Maksimum 5A (alg\u0131lanan) ak\u0131m: 60A<\/li>\n<\/ul>\n<p class=\" translation-block\"><strong>Notlar:<\/strong> PIX u\u00e7u\u015f kontrol ADC\u2019sinin maksimum alg\u0131lama voltaj\u0131 3.3V oldu\u011fundan, en fazla 60A ak\u0131m alg\u0131lamay\u0131 destekler.<\/p>\n<p>Kullan\u0131m\u0131 olduk\u00e7a basittir; 6P sinyal kablosunu u\u00e7u\u015f kontrol \u00fcnitesinin POWER aray\u00fcz\u00fcne ba\u011flay\u0131n.<\/p>\n<h2>Ana Fonksiyonlar:<\/h2>\n<ul>\n<li>U\u00e7u\u015f kontrol \u00fcnitesine 5V voltaj \u00e7\u0131k\u0131\u015f\u0131 ve maksimum 5A ak\u0131m sa\u011flamak<\/li>\n<li>Ak\u0131m\u0131 alg\u0131lamak ve analog sinyaller \u00e7\u0131karmak<\/li>\n<li>G\u00fc\u00e7 sisteminin ak\u0131m\u0131n\u0131 alg\u0131lamak ve u\u00e7u\u015f kontrol \u00fcnitesine analog sinyaller \u00e7\u0131karmak<\/li>\n<\/ul>\n<h2>Yer \u0130stasyonu Ayarlar\u0131:<\/h2>\n<ul>\n<li>Yer istasyonuna USB veya dijital ba\u011flant\u0131 kullanarak ba\u011flan\u0131n<\/li>\n<li>Ayarlar &gt; Opsiyonel Donan\u0131m &gt; Batarya Dedekt\u00f6r Monit\u00f6r\u00fc&#8217;ne gidin<\/li>\n<li>Se\u00e7in: 4\u2014Sens\u00f6r 0\u2014APM versiyonu<\/li>\n<li>K\u0131smi voltaj oran\u0131n\u0131 doldurun: 18\u2014Amper ba\u015f\u0131na voltaj\u0131 doldurun: 24<\/li>\n<\/ul>\n<h2>Manuel Voltaj Kalibrasyonu:<\/h2>\n<p>PM mod\u00fclleri analog sens\u00f6r cihazlar\u0131 oldu\u011fundan, daha iyi hassasiyet i\u00e7in baz\u0131 farkl\u0131l\u0131klar olabilir.<\/p>\n<h3>Kalibrasyon \u00d6ncesi Haz\u0131rl\u0131k:<\/h3>\n<p>Bir multimetre veya BB (kalibrasyon voltaj\u0131 kullan\u0131m\u0131 i\u00e7in) kullanarak batarya voltaj\u0131n\u0131 \u00f6l\u00e7\u00fcn.<\/p>\n<h3>Kalibrasyon Voltaj\u0131 Ad\u0131mlar\u0131:<\/h3>\n<ol>\n<li>Bataryay\u0131 ba\u011flay\u0131n ve yer istasyonuna ba\u011flay\u0131n<\/li>\n<li>Bir multimetre veya BB kullanarak batarya voltaj\u0131n\u0131 \u00f6l\u00e7\u00fcn<\/li>\n<li>Sens\u00f6r versiyonunu 0 olarak se\u00e7in, \u00f6l\u00e7\u00fclen batarya voltaj\u0131n\u0131 ve \u00f6l\u00e7\u00fclen ak\u0131m voltaj\u0131n\u0131 kutuya girin<\/li>\n<li>Fareyi t\u0131klay\u0131n veya TAB tu\u015funa bas\u0131n, yer istasyonu otomatik olarak voltaj b\u00f6lme oran\u0131 katsay\u0131s\u0131n\u0131 u\u00e7u\u015f kontrol\u00fcne hesaplayacak ve kaydedecektir<\/li>\n<li>Kalibrasyon tamamland\u0131, ak\u0131m i\u00e7in kalibrasyon gerekmemektedir<\/li>\n<\/ol>","protected":false},"excerpt":{"rendered":"<p>\u00dcr\u00fcn Bilgisi: \u00dcr\u00fcn Ad\u0131: G\u00fc\u00e7 Mod\u00fcl\u00fc Mod\u00fcl Boyutu: 32mm x 2mm A\u011f\u0131rl\u0131k: 29g Teknik \u00d6zellikler: Daha y\u00fcksek giri\u015f voltaj\u0131 deste\u011fi:<\/p>","protected":false},"featured_media":17476,"comment_status":"open","ping_status":"closed","template":"","meta":{"_monsterinsights_skip_tracking":false,"_monsterinsights_sitenote_active":false,"_monsterinsights_sitenote_note":"","_monsterinsights_sitenote_category":0},"product_cat":[432,385],"product_tag":[],"aioseo_notices":[],"jetpack_sharing_enabled":true,"_links":{"self":[{"href":"https:\/\/digitaltarget.com.tr\/ar\/wp-json\/wp\/v2\/product\/17475"}],"collection":[{"href":"https:\/\/digitaltarget.com.tr\/ar\/wp-json\/wp\/v2\/product"}],"about":[{"href":"https:\/\/digitaltarget.com.tr\/ar\/wp-json\/wp\/v2\/types\/product"}],"replies":[{"embeddable":true,"href":"https:\/\/digitaltarget.com.tr\/ar\/wp-json\/wp\/v2\/comments?post=17475"}],"version-history":[{"count":3,"href":"https:\/\/digitaltarget.com.tr\/ar\/wp-json\/wp\/v2\/product\/17475\/revisions"}],"predecessor-version":[{"id":18965,"href":"https:\/\/digitaltarget.com.tr\/ar\/wp-json\/wp\/v2\/product\/17475\/revisions\/18965"}],"wp:featuredmedia":[{"embeddable":true,"href":"https:\/\/digitaltarget.com.tr\/ar\/wp-json\/wp\/v2\/media\/17476"}],"wp:attachment":[{"href":"https:\/\/digitaltarget.com.tr\/ar\/wp-json\/wp\/v2\/media?parent=17475"}],"wp:term":[{"taxonomy":"product_cat","embeddable":true,"href":"https:\/\/digitaltarget.com.tr\/ar\/wp-json\/wp\/v2\/product_cat?post=17475"},{"taxonomy":"product_tag","embeddable":true,"href":"https:\/\/digitaltarget.com.tr\/ar\/wp-json\/wp\/v2\/product_tag?post=17475"}],"curies":[{"name":"wp","href":"https:\/\/api.w.org\/{rel}","templated":true}]}}