{"id":17491,"date":"2023-11-24T09:17:41","date_gmt":"2023-11-24T09:17:41","guid":{"rendered":"https:\/\/digitaltarget.com.tr\/?post_type=product&#038;p=17491"},"modified":"2025-07-22T13:39:37","modified_gmt":"2025-07-22T13:39:37","slug":"7-inch-fpv-monitor-dvr-with-built-in-battery-lcd5802d-5-8g-40ch-800x480","status":"publish","type":"product","link":"https:\/\/digitaltarget.com.tr\/ar\/product\/7-inch-fpv-monitor-dvr-with-built-in-battery-lcd5802d-5-8g-40ch-800x480\/","title":{"rendered":"Dahili Pil ile 7 in\u00e7 FPV Monit\u00f6r DVR LCD5802D 5.8G 40CH 800&#215;480"},"content":{"rendered":"<h3>LCD5802D 5.8G 40CH 7-in\u00e7 Uyumluluk Yar\u0131\u015f Band\u0131 FPV Monit\u00f6r DVR ile Dahili Pil 800&#215;480<\/h3>\n<p><b style=\"font-size: large;\">\u00dcr\u00fcn Bilgileri:<\/b><\/p>\n<div>\n<ul>\n<li>Video boyutu: PAL(720*576); NTSC(720*480)<\/li>\n<li>Arka ayd\u0131nlatma t\u00fcr\u00fc: LED dinamik video, MP4, tek ses<\/li>\n<li>Depolama: Flash 128MB, Mini SD(TF) kart, max. 32GB destekler<\/li>\n<li>Kablosuz al\u0131m: 5.8G aut-90dbm hassasiyet<\/li>\n<li>Dil: 5<\/li>\n<li>AV \u00e7\u0131k\u0131\u015f\u0131: tek, video \u00e7\u0131k\u0131\u015f\u0131<\/li>\n<li>AV giri\u015fi: tek, video giri\u015fi<\/li>\n<li>DC G\u0130R\u0130\u015e\u0130: 7-28V<\/li>\n<li>AAT aray\u00fcz\u00fc: 2Pin veri aray\u00fcz\u00fc<\/li>\n<li>Anten aray\u00fcz\u00fc: RP SMA di\u015fi (d\u0131\u015f pin) SMA ba\u015fl\u0131k<\/li>\n<li>Veri \u00e7\u0131k\u0131\u015f\u0131: 3.5mm<\/li>\n<li>USB ileti\u015fim: USB2.0<\/li>\n<li>\u00dcr\u00fcn ad\u0131: LCD5802D monit\u00f6r<\/li>\n<li>Otomatik olarak entegre 5.8Ghz \u00e7ift \u00e7e\u015fitlilik al\u0131c\u0131s\u0131 ile en iyi al\u0131m<\/li>\n<li>Entegre 2CH 5.8Ghz AV \u00e7\u0131k\u0131\u015f\u0131 ve 1CH AV giri\u015fi<\/li>\n<li>Y\u00fcksek performansl\u0131 POLYMER pil: 2000mAH\/7.4V<\/li>\n<li>\u00c7al\u0131\u015fma durumu OSD ekran\u0131: RSSI g\u00f6stergesi; Pil g\u00f6stergesi; Kanal g\u00f6stergesi<\/li>\n<li>Otomatik sinyal arama i\u00e7in tu\u015f<\/li>\n<li>\u00c7ince ve \u0130ngilizce men\u00fc deste\u011fi<\/li>\n<li>Format: JPEG, AVI<\/li>\n<li>Ekran boyutu: 7\u201d<\/li>\n<li>Ekran t\u00fcr\u00fc: TFT LCD ekran\/uzun \u00f6m\u00fcrl\u00fc, LED arka ayd\u0131nlatma<\/li>\n<li>\u00c7\u00f6z\u00fcn\u00fcrl\u00fck: 800*480<\/li>\n<li>Parlakl\u0131k: 600cd\/m2<\/li>\n<li>G\u00f6r\u00fc\u015f a\u00e7\u0131s\u0131: 140\/120 derece (yatay\/dikey)<\/li>\n<li>Boyutlar: 180mm x 120mm x 50mm (not: g\u00fcne\u015flik y\u00fcksekli\u011fi: 28mm)<\/li>\n<li>\u00c7al\u0131\u015fma voltaj\u0131: DC 7 ~ 16V<\/li>\n<li>G\u00fc\u00e7 t\u00fcketimi: max 650 mA @ 12V<\/li>\n<li>Pil \u015farj ak\u0131m\u0131: 850mA @ 12V (maks)<\/li>\n<li>\u00c7al\u0131\u015fma s\u0131cakl\u0131\u011f\u0131: -10 \u2103 ~ + 65 \u2103<\/li>\n<li>Ba\u011flant\u0131lar: RP-SMA di\u015fi (d\u0131\u015f pin)<\/li>\n<li>Anten ba\u011flant\u0131lar\u0131: RP-SMA erkek (i\u00e7 delik)<\/li>\n<li>En fazla 32G, C10 SD kart deste\u011fi.<\/li>\n<\/ul>\n<div><\/div>\n<div><b><br \/>\n  <span class=\"size\" style=\"font-size: large;\">\u00d6zellikler:<\/span><span class=\"size\" style=\"font-size: large;\"><\/span><\/b><\/div>\n<ul>\n<li>DVR fonksiyonu ile birlikte<\/li>\n<li>En iyi al\u0131m i\u00e7in entegre \u00e7ift al\u0131c\u0131lar<\/li>\n<li>\u00c7ift tamponlu AV \u00e7\u0131k\u0131\u015flar\u0131<\/li>\n<li>2.4GHz R\/C radyo sistemlerini etkilemez<\/li>\n<li>\u00c7e\u015fitlilik giri\u015f AV al\u0131c\u0131s\u0131<\/li>\n<li>K\u00fc\u00e7\u00fck, hafif, dayan\u0131kl\u0131<\/li>\n<li>5 bant ve toplam 40 kanal<\/li>\n<li>Entegre pil, ta\u015f\u0131nmas\u0131 kolay ve d\u0131\u015f mekan kullan\u0131m\u0131 i\u00e7in uygun<\/li>\n<li>Otomatik sinyal arama i\u00e7in tu\u015f, basit i\u015flem<\/li>\n<li>\u00c7al\u0131\u015fma durumu OSD ekran\u0131: cihaz\u0131n \u00e7al\u0131\u015fma durumunu her zaman kontrol edebilirsiniz.<\/li>\n<li>Uyar\u0131: Ayn\u0131 anda 2 farkl\u0131 kanal\u0131 alamaz<\/li>\n<\/ul>\n<\/div>","protected":false},"excerpt":{"rendered":"<p>LCD5802D 5.8G 40CH 7-in\u00e7 Uyumluluk Yar\u0131\u015f Band\u0131 FPV Monit\u00f6r DVR ile Dahili Pil 800&#215;480 \u00dcr\u00fcn Bilgileri: Video boyutu: PAL(720*576); NTSC(720*480)<\/p>","protected":false},"featured_media":17492,"comment_status":"open","ping_status":"closed","template":"","meta":{"_monsterinsights_skip_tracking":false,"_monsterinsights_sitenote_active":false,"_monsterinsights_sitenote_note":"","_monsterinsights_sitenote_category":0},"product_cat":[433,435],"product_tag":[],"aioseo_notices":[],"jetpack_sharing_enabled":true,"_links":{"self":[{"href":"https:\/\/digitaltarget.com.tr\/ar\/wp-json\/wp\/v2\/product\/17491"}],"collection":[{"href":"https:\/\/digitaltarget.com.tr\/ar\/wp-json\/wp\/v2\/product"}],"about":[{"href":"https:\/\/digitaltarget.com.tr\/ar\/wp-json\/wp\/v2\/types\/product"}],"replies":[{"embeddable":true,"href":"https:\/\/digitaltarget.com.tr\/ar\/wp-json\/wp\/v2\/comments?post=17491"}],"version-history":[{"count":3,"href":"https:\/\/digitaltarget.com.tr\/ar\/wp-json\/wp\/v2\/product\/17491\/revisions"}],"predecessor-version":[{"id":19149,"href":"https:\/\/digitaltarget.com.tr\/ar\/wp-json\/wp\/v2\/product\/17491\/revisions\/19149"}],"wp:featuredmedia":[{"embeddable":true,"href":"https:\/\/digitaltarget.com.tr\/ar\/wp-json\/wp\/v2\/media\/17492"}],"wp:attachment":[{"href":"https:\/\/digitaltarget.com.tr\/ar\/wp-json\/wp\/v2\/media?parent=17491"}],"wp:term":[{"taxonomy":"product_cat","embeddable":true,"href":"https:\/\/digitaltarget.com.tr\/ar\/wp-json\/wp\/v2\/product_cat?post=17491"},{"taxonomy":"product_tag","embeddable":true,"href":"https:\/\/digitaltarget.com.tr\/ar\/wp-json\/wp\/v2\/product_tag?post=17491"}],"curies":[{"name":"wp","href":"https:\/\/api.w.org\/{rel}","templated":true}]}}