{"id":17515,"date":"2023-11-24T09:49:08","date_gmt":"2023-11-24T09:49:08","guid":{"rendered":"https:\/\/digitaltarget.com.tr\/?post_type=product&#038;p=17515"},"modified":"2024-09-23T08:41:21","modified_gmt":"2024-09-23T08:41:21","slug":"frsky-r9m-900mhz-transmitter-module-and-r9mm-ota-receiver","status":"publish","type":"product","link":"https:\/\/digitaltarget.com.tr\/ar\/product\/frsky-r9m-900mhz-transmitter-module-and-r9mm-ota-receiver\/","title":{"rendered":"FrSky R9M 900MHz Verici Mod\u00fcl\u00fc ve R9MM-OTA Al\u0131c\u0131s\u0131"},"content":{"rendered":"<div>\n<div><span class=\"size\" style=\"font-size: large;\"><b>FrSky R9M 2019 Mod\u00fcl\u00fc ve R9MM Al\u0131c\u0131s\u0131<\/b><\/span><\/div>\n<div>\n<p>FrSky R9M radyo kontrol sistemi, 900MHz frekans\u0131nda \u00e7al\u0131\u015fan ilk FrSky uzun menzilli sistemidir. R9M mod\u00fcl\u00fc, farkl\u0131 u\u00e7u\u015f durumlar\u0131 i\u00e7in uygun g\u00fc\u00e7 seviyelerini se\u00e7menizi sa\u011flayan 4 de\u011fi\u015ftirilebilir RF g\u00fc\u00e7 \u00e7\u0131k\u0131\u015f\u0131 sunar.<\/p>\n<\/div>\n<div><span class=\"size\" style=\"font-size: large;\"><b>\u00dcr\u00fcn Bilgisi<\/b><\/span><\/div>\n<div>\n<ul>\n<li>Marka: FrSky<\/li>\n<li>\u00dcr\u00fcn Ad\u0131: R9M 2019 900MHz verici mod\u00fcl\u00fc<\/li>\n<li>Voltaj Aral\u0131\u011f\u0131: 6V-13V<\/li>\n<li>D\u0131\u015f G\u00fc\u00e7 Kayna\u011f\u0131: 6V ~ 13V<\/li>\n<li>Telemetri Aray\u00fcz\u00fc: Smart Port<\/li>\n<li>Y\u00fckseltme Aray\u00fcz\u00fc: Smart Port<\/li>\n<li>Mod\u00fclasyonlar: PXX veya CPPM (otomatik olarak alg\u0131lan\u0131r)<\/li>\n<li>Uyumluluk: R9 serisi al\u0131c\u0131lar<\/li>\n<\/ul>\n<\/div>\n<div><span class=\"size\" style=\"font-size: large;\"><b>\u00d6zellikler<\/b><\/span><\/div>\n<div>\n<ul>\n<li>900MHz\/868MHz \u00e7al\u0131\u015fma modu<\/li>\n<li>Uzun menzil, d\u00fc\u015f\u00fck gecikme ve y\u00fcksek hassasiyetli RC sistemi<\/li>\n<li>4 opsiyonel RF g\u00fc\u00e7 seviyesi (AB d\u0131\u015f\u0131 versiyon)<\/li>\n<li>Telemetri modu (25mW)\/telemetri d\u0131\u015f\u0131 modu (200mW \/ 500mW) (AB versiyonu)<\/li>\n<li>RF g\u00fc\u00e7 ayar\u0131<\/li>\n<\/ul>\n<\/div>\n<div>\n<p>FrSky&#8217;nin R9MM&#8217;si, en son 900MHz al\u0131c\u0131s\u0131d\u0131r. Bu al\u0131c\u0131, \u00f6nceki R9 al\u0131c\u0131lar\u0131n\u0131n t\u00fcm \u00f6zelliklerini son derece kompakt ve hafif bir tasar\u0131mla sunar. S\u00fcper d\u00fc\u015f\u00fck gecikme ve u\u00e7ak g\u00fcvenli\u011fini sa\u011flamak i\u00e7in yedeklilik fonksiyonunu destekler. Ipex anten konnekt\u00f6r\u00fc, hasarl\u0131 antenlerin h\u0131zl\u0131 ve kolay bir \u015fekilde de\u011fi\u015ftirilmesini sa\u011flar.<\/p>\n<\/div>\n<div><span class=\"size\" style=\"font-size: large;\"><b>R9MM-OTA \u00dcr\u00fcn Bilgisi<\/b><\/span><\/div>\n<div>\n<ul>\n<li>Marka: FrSky<\/li>\n<li>\u00dcr\u00fcn Ad\u0131: R9 MM-OTA al\u0131c\u0131<\/li>\n<li>915MHz (AB d\u0131\u015f\u0131 versiyon) \/ 868MHz (AB versiyonu)<\/li>\n<li>Boyut: 16*10*2.8mm (u \u00d7 g \u00d7 y)<\/li>\n<li>A\u011f\u0131rl\u0131k: 0.7g (antensiz)<\/li>\n<li>AB d\u0131\u015f\u0131 versiyon: 4\/16CH (telemetri)<\/li>\n<li>AB-8CH versiyonu: 4\/8CH (telemetri)<\/li>\n<li>AB-16CH versiyonu: 4\/16CH (telemetri) \/ 4\/16CH (telemetri yok)<\/li>\n<li>\u00c7al\u0131\u015fma Voltaj\u0131 Aral\u0131\u011f\u0131: DC 3.5V &#8211; 10V<\/li>\n<li>\u00c7al\u0131\u015fma Ak\u0131m\u0131: 100mA @ 5V<\/li>\n<\/ul>\n<\/div>\n<\/div>","protected":false},"excerpt":{"rendered":"<p>FrSky R9M 2019 Mod\u00fcl\u00fc ve R9MM Al\u0131c\u0131s\u0131 FrSky R9M radyo kontrol sistemi, 900MHz frekans\u0131nda \u00e7al\u0131\u015fan ilk FrSky uzun menzilli sistemidir.<\/p>","protected":false},"featured_media":17516,"comment_status":"open","ping_status":"closed","template":"","meta":{"_monsterinsights_skip_tracking":false,"_monsterinsights_sitenote_active":false,"_monsterinsights_sitenote_note":"","_monsterinsights_sitenote_category":0},"product_cat":[356,438],"product_tag":[],"aioseo_notices":[],"jetpack_sharing_enabled":true,"_links":{"self":[{"href":"https:\/\/digitaltarget.com.tr\/ar\/wp-json\/wp\/v2\/product\/17515"}],"collection":[{"href":"https:\/\/digitaltarget.com.tr\/ar\/wp-json\/wp\/v2\/product"}],"about":[{"href":"https:\/\/digitaltarget.com.tr\/ar\/wp-json\/wp\/v2\/types\/product"}],"replies":[{"embeddable":true,"href":"https:\/\/digitaltarget.com.tr\/ar\/wp-json\/wp\/v2\/comments?post=17515"}],"version-history":[{"count":3,"href":"https:\/\/digitaltarget.com.tr\/ar\/wp-json\/wp\/v2\/product\/17515\/revisions"}],"predecessor-version":[{"id":18961,"href":"https:\/\/digitaltarget.com.tr\/ar\/wp-json\/wp\/v2\/product\/17515\/revisions\/18961"}],"wp:featuredmedia":[{"embeddable":true,"href":"https:\/\/digitaltarget.com.tr\/ar\/wp-json\/wp\/v2\/media\/17516"}],"wp:attachment":[{"href":"https:\/\/digitaltarget.com.tr\/ar\/wp-json\/wp\/v2\/media?parent=17515"}],"wp:term":[{"taxonomy":"product_cat","embeddable":true,"href":"https:\/\/digitaltarget.com.tr\/ar\/wp-json\/wp\/v2\/product_cat?post=17515"},{"taxonomy":"product_tag","embeddable":true,"href":"https:\/\/digitaltarget.com.tr\/ar\/wp-json\/wp\/v2\/product_tag?post=17515"}],"curies":[{"name":"wp","href":"https:\/\/api.w.org\/{rel}","templated":true}]}}