{"id":17524,"date":"2023-11-24T11:25:39","date_gmt":"2023-11-24T11:25:39","guid":{"rendered":"https:\/\/digitaltarget.com.tr\/?post_type=product&#038;p=17524"},"modified":"2024-08-02T10:06:12","modified_gmt":"2024-08-02T10:06:12","slug":"jhemcu-vtx20-600-5-8g-40ch-fpv-transmitter","status":"publish","type":"product","link":"https:\/\/digitaltarget.com.tr\/ar\/product\/jhemcu-vtx20-600-5-8g-40ch-fpv-transmitter\/","title":{"rendered":"JHEMCU VTX20-600 5.8G 40CH FPV Vericisi"},"content":{"rendered":"<div>\n<div><span class=\"size\" style=\"font-size: large;\"><b>JHEMCU VTX20-600 5.8G 40CH FPV Verici PitMode 25mW 100mW 200mW 400mW 600mW Ayarlanabilir VTX RC FPV Yar\u0131\u015f Dronlar\u0131 i\u00e7in<\/b><\/span><\/div>\n<div><span class=\"size\" style=\"font-size: large;\"><b>Teknik \u00d6zellikler:<\/b><\/span><\/div>\n<div>\n<ul>\n<li>Model: VTX20-600<\/li>\n<li>Giri\u015f Voltaj\u0131: 7-26V<\/li>\n<li>\u00c7\u0131k\u0131\u015f Voltaj\u0131\/ Ak\u0131m: 5V\/1A<\/li>\n<li>Kanal Say\u0131s\u0131: 40CH<\/li>\n<li>Verici G\u00fcc\u00fc: Pit\/25\/100\/200\/400\/600mW<\/li>\n<li>Boyutlar: 27*27MM<\/li>\n<li>Vida Deli\u011fi: 20*20MM<\/li>\n<li>Vida Deli\u011fi \u00c7ap\u0131: 3MM<\/li>\n<li>A\u011f\u0131rl\u0131k: 3 gram<\/li>\n<\/ul><\/div>\n<\/div>","protected":false},"excerpt":{"rendered":"<p>JHEMCU VTX20-600 5.8G 40CH FPV Verici PitMode 25mW 100mW 200mW 400mW 600mW Ayarlanabilir VTX RC FPV Yar\u0131\u015f Dronlar\u0131 i\u00e7in Teknik<\/p>","protected":false},"featured_media":17527,"comment_status":"open","ping_status":"closed","template":"","meta":{"_monsterinsights_skip_tracking":false,"_monsterinsights_sitenote_active":false,"_monsterinsights_sitenote_note":"","_monsterinsights_sitenote_category":0},"product_cat":[356,438],"product_tag":[],"aioseo_notices":[],"jetpack_sharing_enabled":true,"_links":{"self":[{"href":"https:\/\/digitaltarget.com.tr\/ar\/wp-json\/wp\/v2\/product\/17524"}],"collection":[{"href":"https:\/\/digitaltarget.com.tr\/ar\/wp-json\/wp\/v2\/product"}],"about":[{"href":"https:\/\/digitaltarget.com.tr\/ar\/wp-json\/wp\/v2\/types\/product"}],"replies":[{"embeddable":true,"href":"https:\/\/digitaltarget.com.tr\/ar\/wp-json\/wp\/v2\/comments?post=17524"}],"version-history":[{"count":3,"href":"https:\/\/digitaltarget.com.tr\/ar\/wp-json\/wp\/v2\/product\/17524\/revisions"}],"predecessor-version":[{"id":19147,"href":"https:\/\/digitaltarget.com.tr\/ar\/wp-json\/wp\/v2\/product\/17524\/revisions\/19147"}],"wp:featuredmedia":[{"embeddable":true,"href":"https:\/\/digitaltarget.com.tr\/ar\/wp-json\/wp\/v2\/media\/17527"}],"wp:attachment":[{"href":"https:\/\/digitaltarget.com.tr\/ar\/wp-json\/wp\/v2\/media?parent=17524"}],"wp:term":[{"taxonomy":"product_cat","embeddable":true,"href":"https:\/\/digitaltarget.com.tr\/ar\/wp-json\/wp\/v2\/product_cat?post=17524"},{"taxonomy":"product_tag","embeddable":true,"href":"https:\/\/digitaltarget.com.tr\/ar\/wp-json\/wp\/v2\/product_tag?post=17524"}],"curies":[{"name":"wp","href":"https:\/\/api.w.org\/{rel}","templated":true}]}}