{"id":17531,"date":"2023-11-24T11:31:53","date_gmt":"2023-11-24T11:31:53","guid":{"rendered":"https:\/\/digitaltarget.com.tr\/?post_type=product&#038;p=17531"},"modified":"2024-12-19T14:32:19","modified_gmt":"2024-12-19T14:32:19","slug":"xrotor-x6-plus-ccw-esc-full-set","status":"publish","type":"product","link":"https:\/\/digitaltarget.com.tr\/ar\/product\/xrotor-x6-plus-ccw-esc-full-set\/","title":{"rendered":"Xrotor x6-Plus CW\/CCW ESC Tam Set"},"content":{"rendered":"<div>\n<h2><strong>\u00dcr\u00fcn Bilgisi:<\/strong><\/h2>\n<ul>\n<li>\n<h5>\u00dcr\u00fcn ad\u0131: Xrotor x6-Plus ESC (Elektronik H\u0131z Kontrol\u00f6r\u00fc)<\/h5>\n<\/li>\n<li>\n<h5>\u00d6nerilen LiPo batarya: 12-14S (LiPo)<\/h5>\n<\/li>\n<li>\n<h5>PWM giri\u015f sinyal seviyesi: 3.3V\/SV<\/h5>\n<\/li>\n<li>\n<h5>Gaz sinyal frekans\u0131: 50-500Hz<\/h5>\n<\/li>\n<li>\n<h5>\u00c7al\u0131\u015fma darbe geni\u015fli\u011fi: 1050-1950\u00b5s (sabit veya programlanamayan)<\/h5>\n<\/li>\n<li>\n<h5>Maksimum giri\u015f voltaj\u0131: 6V maksimum<\/h5>\n<\/li>\n<li>\n<h5>Giri\u015f ak\u0131m\u0131 (k\u0131sa s\u00fcreli): 100A (iyi \u0131s\u0131 da\u011f\u0131l\u0131m\u0131 ile)<\/h5>\n<\/li>\n<li>\n<h5>BEC (Batarya Eleme Devresi): Yok<\/h5>\n<\/li>\n<\/ul>\n<h2><strong>Pervane:<\/strong><\/h2>\n<p><strong>\u00c7ap x Ad\u0131m (Pitch): 2.1 in\u00e7<\/strong><\/p>\n<h2><strong>Teknik \u00d6zellikler:<\/strong><\/h2>\n<ul>\n<li>Maksimum \u0130tme: 11.8kg\/eksen (46V, deniz seviyesi)<\/li>\n<li>\u00d6nerilen Kalk\u0131\u015f A\u011f\u0131rl\u0131\u011f\u0131: 3.5-5.5kg\/eksen (46V, deniz seviyesi)<\/li>\n<li>\u00d6nerilen LiPo batarya: 12-14S (LiPo)<\/li>\n<li>\u00c7al\u0131\u015fma S\u0131cakl\u0131\u011f\u0131: -20-50\u00b0C<\/li>\n<li>Kombo A\u011f\u0131rl\u0131\u011f\u0131: 790 gram<\/li>\n<li>Su Ge\u00e7irmezlik Seviyesi: IPX6<\/li>\n<\/ul>\n<h2><strong>Motor:<\/strong><\/h2>\n<ul>\n<li>Kv De\u011feri: 150 RPM\/V<\/li>\n<li>Stator Boyutu: 62x18mm<\/li>\n<li>G\u00fc\u00e7 Aktar\u0131m Kolu D\u0131\u015f \u00c7ap\u0131: 30mm<\/li>\n<li>Rulman: Japonya&#8217;dan ithal rulmanlar<\/li>\n<li>\u00dcr\u00fcn Bilgisi:<\/li>\n<li>Adet: 1<\/li>\n<li>Eksen A\u00e7ma: \u00dcst Kabuk<\/li>\n<li>Boyut: 70mm<\/li>\n<li>Model Numaras\u0131: X6plusccw<\/li>\n<li>Ara\u00e7 T\u00fcr\u00fc: U\u00e7aklar<\/li>\n<li>Ara\u00e7 Tak\u0131m Malzemeleri: Montaj Kategorisi<\/li>\n<li>D\u00f6rt Tekerlekten \u00c7eki\u015f \u00d6zellikleri: Montaj<\/li>\n<li>Uzaktan Kumanda \u00c7evre Birimleri\/Cihazlar\u0131: ESC<\/li>\n<li>Y\u00fckseltme Par\u00e7alar\u0131\/Aksesuarlar: \u00c7er\u00e7eve<\/li>\n<li>RC Par\u00e7alar\u0131 ve Aksesuarlar\u0131: H\u0131z Kontrol\u00f6rleri<\/li>\n<li>Malzeme: Kompozit Malzeme<\/li>\n<li>Marka Ad\u0131: Hobbywing<\/li>\n<\/ul>\n<\/div>","protected":false},"excerpt":{"rendered":"<p>\u00dcr\u00fcn Bilgisi: \u00dcr\u00fcn ad\u0131: Xrotor x6-Plus ESC (Elektronik H\u0131z Kontrol\u00f6r\u00fc) \u00d6nerilen LiPo batarya: 12-14S (LiPo) PWM giri\u015f sinyal seviyesi: 3.3V\/SV<\/p>","protected":false},"featured_media":17533,"comment_status":"open","ping_status":"closed","template":"","meta":{"_monsterinsights_skip_tracking":false,"_monsterinsights_sitenote_active":false,"_monsterinsights_sitenote_note":"","_monsterinsights_sitenote_category":0},"product_cat":[383,357],"product_tag":[],"aioseo_notices":[],"jetpack_sharing_enabled":true,"_links":{"self":[{"href":"https:\/\/digitaltarget.com.tr\/ar\/wp-json\/wp\/v2\/product\/17531"}],"collection":[{"href":"https:\/\/digitaltarget.com.tr\/ar\/wp-json\/wp\/v2\/product"}],"about":[{"href":"https:\/\/digitaltarget.com.tr\/ar\/wp-json\/wp\/v2\/types\/product"}],"replies":[{"embeddable":true,"href":"https:\/\/digitaltarget.com.tr\/ar\/wp-json\/wp\/v2\/comments?post=17531"}],"version-history":[{"count":4,"href":"https:\/\/digitaltarget.com.tr\/ar\/wp-json\/wp\/v2\/product\/17531\/revisions"}],"predecessor-version":[{"id":18959,"href":"https:\/\/digitaltarget.com.tr\/ar\/wp-json\/wp\/v2\/product\/17531\/revisions\/18959"}],"wp:featuredmedia":[{"embeddable":true,"href":"https:\/\/digitaltarget.com.tr\/ar\/wp-json\/wp\/v2\/media\/17533"}],"wp:attachment":[{"href":"https:\/\/digitaltarget.com.tr\/ar\/wp-json\/wp\/v2\/media?parent=17531"}],"wp:term":[{"taxonomy":"product_cat","embeddable":true,"href":"https:\/\/digitaltarget.com.tr\/ar\/wp-json\/wp\/v2\/product_cat?post=17531"},{"taxonomy":"product_tag","embeddable":true,"href":"https:\/\/digitaltarget.com.tr\/ar\/wp-json\/wp\/v2\/product_tag?post=17531"}],"curies":[{"name":"wp","href":"https:\/\/api.w.org\/{rel}","templated":true}]}}