{"id":17563,"date":"2023-11-24T12:20:57","date_gmt":"2023-11-24T12:20:57","guid":{"rendered":"https:\/\/digitaltarget.com.tr\/?post_type=product&#038;p=17563"},"modified":"2025-01-06T09:07:00","modified_gmt":"2025-01-06T09:07:00","slug":"u8%e2%85%b1-efficiency-type-uav-motor-100kv","status":"publish","type":"product","link":"https:\/\/digitaltarget.com.tr\/ar\/product\/u8%e2%85%b1-efficiency-type-uav-motor-100kv\/","title":{"rendered":"U8\u2161 Verimlilik Tipi \u0130HA Motoru 100KV"},"content":{"rendered":"<h2>Teknik \u00d6zellikler<\/h2>\n<ul>\n<li class=\" translation-block\"><strong>\u00c7ap:<\/strong> 87.1mm<\/li>\n<li class=\" translation-block\"><strong>Y\u00fckseklik:<\/strong> 28.1mm<\/li>\n<li class=\" translation-block\"><strong>Mil \u00c7ap\u0131:<\/strong> 1Smnn<\/li>\n<li class=\" translation-block\"><strong>Yap\u0131land\u0131rma:<\/strong> 36N42P<\/li>\n<li class=\" translation-block\"><strong>Kablo \u00d6zellikleri:<\/strong> 90mm<\/li>\n<li class=\" translation-block\"><strong>Giri\u015f Koruma Seviyesi:<\/strong> IP55<\/li>\n<li class=\" translation-block\"><strong>Paket Boyutu:<\/strong> 130x111x0.6mm<\/li>\n<\/ul>\n<h3>\u00d6zellikler<\/h3>\n<ul>\n<li>%5 Daha Uzun U\u00e7u\u015f S\u00fcresi<\/li>\n<li>Maks. \u0130tme G\u00fcc\u00fc 7.3kg<\/li>\n<li>Motor Koruma IP55<\/li>\n<li>Motor \u00d6mr\u00fc: 1500 U\u00e7u\u015f (40 dakika\/u\u00e7u\u015f)<\/li>\n<li>P22 in\u00e7 pervane i\u00e7in ATA01123 pervane adapt\u00f6r\u00fc<\/li>\n<\/ul>\n<h3>\u0130thal \u00d6zel G\u00fcm\u00fc\u015f Teller<\/h3>\n<p>G\u00fcm\u00fc\u015f tellerin y\u00fczeyinde h\u0131zl\u0131 ak\u0131m ak\u0131\u015f\u0131, motor tepki h\u0131z\u0131n\u0131 art\u0131r\u0131r ve u\u00e7a\u011f\u0131n kolay kontrol edilmesini sa\u011flar. G\u00fcm\u00fc\u015f sar\u0131m, bak\u0131r kayb\u0131n\u0131 \u00f6nemli \u00f6l\u00e7\u00fcde azalt\u0131r ve motor \u0131s\u0131s\u0131n\u0131 %30 d\u00fc\u015f\u00fcr\u00fcr.<\/p>\n<h3>Manyetik Devre Optimizasyonu<\/h3>\n<p>Yeni U8&#8217;deki e\u011fri m\u0131knat\u0131slar, daha az m\u0131knat\u0131s bo\u015flu\u011funa sahiptir. Optimizasyon, u\u00e7u\u015f s\u0131ras\u0131nda enerji tasarrufu sa\u011flar.<\/p>\n<h3>Performans Detaylar\u0131<\/h3>\n<ul>\n<li class=\" translation-block\"><strong>Maks. \u0130tme G\u00fcc\u00fc:<\/strong> 7.3kg<\/li>\n<li><strong>KV:<\/strong> 100<\/li>\n<li class=\" translation-block\"><strong>Nominal Voltaj (Lipo):<\/strong> 12S<\/li>\n<li class=\" translation-block\"><strong>Motor A\u011f\u0131rl\u0131\u011f\u0131 (Kablo Dahil):<\/strong> 272g<\/li>\n<li><strong>Pervane \u00d6nerisi:<\/strong> 27-28&#8243;<\/li>\n<li class=\" translation-block\"><strong>Bo\u015fta Ak\u0131m (18V):<\/strong> 0.7A<\/li>\n<li class=\" translation-block\"><strong>Quadcopter (28CF):<\/strong> 14kg<\/li>\n<li class=\" translation-block\"><strong>\u0130\u00e7 Diren\u00e7:<\/strong> 170\u00b15m\u03a9<\/li>\n<li class=\" translation-block\"><strong>Hexacopter (28CF):<\/strong> 21kg<\/li>\n<li class=\" translation-block\"><strong>Pik Ak\u0131m (180s):<\/strong> 29.3A<\/li>\n<li class=\" translation-block\"><strong>Octocopter (28CF):<\/strong> 28kg<\/li>\n<li class=\" translation-block\"><strong>Maks. G\u00fc\u00e7 (180s):<\/strong> 1406.4W<\/li>\n<\/ul>","protected":false},"excerpt":{"rendered":"<p>Teknik \u00d6zellikler \u00c7ap: 87.1mm Y\u00fckseklik: 28.1mm Mil \u00c7ap\u0131: 1Smnn Yap\u0131land\u0131rma: 36N42P Kablo \u00d6zellikleri: 90mm Giri\u015f Koruma Seviyesi: IP55 Paket Boyutu:<\/p>","protected":false},"featured_media":17568,"comment_status":"open","ping_status":"closed","template":"","meta":{"_monsterinsights_skip_tracking":false,"_monsterinsights_sitenote_active":false,"_monsterinsights_sitenote_note":"","_monsterinsights_sitenote_category":0},"product_cat":[383,357],"product_tag":[],"aioseo_notices":[],"jetpack_sharing_enabled":true,"_links":{"self":[{"href":"https:\/\/digitaltarget.com.tr\/ar\/wp-json\/wp\/v2\/product\/17563"}],"collection":[{"href":"https:\/\/digitaltarget.com.tr\/ar\/wp-json\/wp\/v2\/product"}],"about":[{"href":"https:\/\/digitaltarget.com.tr\/ar\/wp-json\/wp\/v2\/types\/product"}],"replies":[{"embeddable":true,"href":"https:\/\/digitaltarget.com.tr\/ar\/wp-json\/wp\/v2\/comments?post=17563"}],"version-history":[{"count":3,"href":"https:\/\/digitaltarget.com.tr\/ar\/wp-json\/wp\/v2\/product\/17563\/revisions"}],"predecessor-version":[{"id":18958,"href":"https:\/\/digitaltarget.com.tr\/ar\/wp-json\/wp\/v2\/product\/17563\/revisions\/18958"}],"wp:featuredmedia":[{"embeddable":true,"href":"https:\/\/digitaltarget.com.tr\/ar\/wp-json\/wp\/v2\/media\/17568"}],"wp:attachment":[{"href":"https:\/\/digitaltarget.com.tr\/ar\/wp-json\/wp\/v2\/media?parent=17563"}],"wp:term":[{"taxonomy":"product_cat","embeddable":true,"href":"https:\/\/digitaltarget.com.tr\/ar\/wp-json\/wp\/v2\/product_cat?post=17563"},{"taxonomy":"product_tag","embeddable":true,"href":"https:\/\/digitaltarget.com.tr\/ar\/wp-json\/wp\/v2\/product_tag?post=17563"}],"curies":[{"name":"wp","href":"https:\/\/api.w.org\/{rel}","templated":true}]}}