{"id":17570,"date":"2023-11-24T12:40:03","date_gmt":"2023-11-24T12:40:03","guid":{"rendered":"https:\/\/digitaltarget.com.tr\/?post_type=product&#038;p=17570"},"modified":"2024-08-02T09:58:36","modified_gmt":"2024-08-02T09:58:36","slug":"iflight-xing2-3110-1250kv-fpv-cinelifter-motor","status":"publish","type":"product","link":"https:\/\/digitaltarget.com.tr\/ar\/product\/iflight-xing2-3110-1250kv-fpv-cinelifter-motor\/","title":{"rendered":"IFlight XING2 3110 1250KV FPV Cinelifter Motor"},"content":{"rendered":"<h2><span style=\"color: #1b1919; font-size: 24px;\">IFlight XING2 3110 1250KV FPV Cinelifter Motor W\/ 5mm Titanyum Ala\u015f\u0131ml\u0131 Mil RC Drone ile Uyumludur<\/span><\/h2>\n<p><strong>A\u00e7\u0131klama:<\/strong><\/p>\n<p>XING serisi NextGen motorlar, ilk piyasaya s\u00fcr\u00fcld\u00fc\u011f\u00fc 2018 y\u0131l\u0131nda pop\u00fcler hale geldi ve piyasada yeni bir standart belirledi. Kavisli \u015fekli veya rulman\u0131 korumak i\u00e7in i\u00e7 damping halkas\u0131, ya da daha y\u00fcksek kaliteli NSK rulmanlar\u0131 ile birlikte kullan\u0131lan y\u00fcksek dereceli titanyum ala\u015f\u0131ml\u0131 mil olsun &#8211; t\u00fcm bu y\u0131llar boyunca kopyaland\u0131k ve kar\u015f\u0131la\u015ft\u0131r\u0131ld\u0131k, ama \u015fimdi yeni bir standart belirleme zaman\u0131 geldi! Nihayet halefimizi, XING2&#8217;yi tan\u0131tmaya haz\u0131r\u0131z!<\/p>\n<p>XING motorlar\u0131, fabrikan\u0131zda daha y\u00fcksek bir standart ve daha iyi performans elde etmek \u00fczere g\u00fcncellenmi\u015ftir. Yeni merkez delikli N52H kavisli manyetikler, motorun yan\u0131t s\u00fcresini \u00f6nemli \u00f6l\u00e7\u00fcde azaltmak i\u00e7in tan\u0131t\u0131lm\u0131\u015ft\u0131r! FPV u\u00e7u\u015f kontrol\u00fcndeki en b\u00fcy\u00fck darbo\u011faz, frenleme ve h\u0131zlanmadaki \u00e7eviri gecikmelerinden kaynaklan\u0131r. XING2 motorlar\u0131, PID d\u00f6ng\u00fcs\u00fcn\u00fc daha h\u0131zl\u0131 d\u00f6nd\u00fcrmek ve her zaman arad\u0131\u011f\u0131n\u0131z sabit hisse ula\u015fmak i\u00e7in daha h\u0131zl\u0131 yan\u0131t sa\u011flar!<\/p>\n<p>Kullan\u0131lan y\u00fcksek kaliteli malzemeler ve \u00e7an ile mil aras\u0131ndaki dayan\u0131kl\u0131 ba\u011flant\u0131 sayesinde, m\u0131knat\u0131s hava bo\u015flu\u011funu ve stator laminasyonunu minimize edebildik. Hava bo\u015flu\u011fu ne kadar k\u00fc\u00e7\u00fckse, o kadar az diren\u00e7 ve daha y\u00fcksek manyetik ak\u0131 (ak\u0131m\u0131n bir analo\u011fu) daha b\u00fcy\u00fck verimlilik ve daha y\u00fcksek g\u00fc\u00e7 sa\u011flar!<\/p>\n<p>2018&#8217;in ba\u015f\u0131ndan itibaren, motor \u00e7an\u0131 ile stator aras\u0131na rulmanlar\u0131n \u00fcst\u00fcne O-halkalar\u0131 koymaya ba\u015flad\u0131k. Bu, \u00e7an\u0131n\u0131z veya miliniz \u00e7\u00f6kmeden ge\u00e7ti\u011finde bir absorban olarak g\u00f6rev yapar ve rulman bo\u015flu\u011funu s\u0131k\u0131 tutarak y\u00fcksek RPM&#8217;lerden kaynaklanan titre\u015fimleri azalt\u0131r! Ayr\u0131ca rulmanlar\u0131n\u0131z\u0131 p\u00fcr\u00fczs\u00fcz ve sessiz tutmak i\u00e7in eksenel darbe kuvvetini de azaltabilir. T\u00fcm deneyimlerimiz, y\u00fcksek kaliteli 7075 \u00e7an, O-halka rulman korumas\u0131 ve \u00f6nceki XING serinizde g\u00f6rd\u00fc\u011f\u00fcn\u00fcz di\u011fer \u00f6zellikler, yeni bir \u015fekil ve tasar\u0131ma entegre edilmi\u015ftir!<\/p>\n<h3>Teknik \u00d6zellikler:<\/h3>\n<ul>\n<li>5mm titanyum ala\u015f\u0131ml\u0131 mil, \u015fimdiye kadar ki en g\u00fc\u00e7l\u00fc pervane milimiz!<\/li>\n<li>Darbelere dayan\u0131kl\u0131 7075 al\u00fcminyum \u00e7an<\/li>\n<li>P\u00fcr\u00fczs\u00fcz ve dayan\u0131kl\u0131 NSK 11x5x5 rulmanlar<\/li>\n<li>Merkez delikli N52H kavisli manyetikler<\/li>\n<li>XING O-halka rulman korumas\u0131<\/li>\n<li>Motor kablosu korumas\u0131<\/li>\n<li>Dinamik olarak dengelenmi\u015f<\/li>\n<li>7\/8\/9 in\u00e7 Cinelifter i\u00e7in tasarlanm\u0131\u015ft\u0131r<\/li>\n<\/ul>\n<h3>\u00dcr\u00fcn Bilgisi:<\/h3>\n<ul>\n<li><strong>Model:<\/strong> XING2 3110<\/li>\n<li class=\" translation-block\"><strong>KV:<\/strong> 900kv \/ 1250kv (iste\u011fe ba\u011fl\u0131)<\/li>\n<li class=\" translation-block\"><strong>Pervane Mili:<\/strong> CW di\u015fli<\/li>\n<li class=\" translation-block\"><strong>Giri\u015f Voltaj\u0131:<\/strong> 33.6V<\/li>\n<li class=\" translation-block\"><strong>Yap\u0131land\u0131rma:<\/strong> 12N14P<\/li>\n<li class=\" translation-block\"><strong>Stator \u00c7ap\u0131:<\/strong> 38.72mm<\/li>\n<li class=\" translation-block\"><strong>A\u011f\u0131rl\u0131k:<\/strong> K\u0131sa kablolar ile 80g<\/li>\n<li class=\" translation-block\"><strong>Kablo Uzunlu\u011fu:<\/strong> 18AWG 260mm<\/li>\n<li class=\" translation-block\"><strong>Montaj Deseni:<\/strong> 19x19mm<\/li>\n<\/ul>\n<p><strong>Paket \u0130\u00e7eri\u011fi:<\/strong><\/p>\n<ul>\n<li>1x XING2 3110 F\u0131r\u00e7as\u0131z Motor<\/li>\n<li>4x M3x10 vida<\/li>\n<li>1x M5 flan\u015f somunu<\/li>\n<\/ul>\n<p class=\" translation-block\"><strong>Not:<\/strong> Pervaneler dahil de\u011fildir!<\/p>","protected":false},"excerpt":{"rendered":"<p>IFlight XING2 3110 1250KV FPV Cinelifter Motor W\/ 5mm Titanyum Ala\u015f\u0131ml\u0131 Mil RC Drone ile Uyumludur A\u00e7\u0131klama: XING serisi NextGen<\/p>","protected":false},"featured_media":17571,"comment_status":"open","ping_status":"closed","template":"","meta":{"_monsterinsights_skip_tracking":false,"_monsterinsights_sitenote_active":false,"_monsterinsights_sitenote_note":"","_monsterinsights_sitenote_category":0},"product_cat":[357],"product_tag":[],"aioseo_notices":[],"jetpack_sharing_enabled":true,"_links":{"self":[{"href":"https:\/\/digitaltarget.com.tr\/ar\/wp-json\/wp\/v2\/product\/17570"}],"collection":[{"href":"https:\/\/digitaltarget.com.tr\/ar\/wp-json\/wp\/v2\/product"}],"about":[{"href":"https:\/\/digitaltarget.com.tr\/ar\/wp-json\/wp\/v2\/types\/product"}],"replies":[{"embeddable":true,"href":"https:\/\/digitaltarget.com.tr\/ar\/wp-json\/wp\/v2\/comments?post=17570"}],"version-history":[{"count":4,"href":"https:\/\/digitaltarget.com.tr\/ar\/wp-json\/wp\/v2\/product\/17570\/revisions"}],"predecessor-version":[{"id":19143,"href":"https:\/\/digitaltarget.com.tr\/ar\/wp-json\/wp\/v2\/product\/17570\/revisions\/19143"}],"wp:featuredmedia":[{"embeddable":true,"href":"https:\/\/digitaltarget.com.tr\/ar\/wp-json\/wp\/v2\/media\/17571"}],"wp:attachment":[{"href":"https:\/\/digitaltarget.com.tr\/ar\/wp-json\/wp\/v2\/media?parent=17570"}],"wp:term":[{"taxonomy":"product_cat","embeddable":true,"href":"https:\/\/digitaltarget.com.tr\/ar\/wp-json\/wp\/v2\/product_cat?post=17570"},{"taxonomy":"product_tag","embeddable":true,"href":"https:\/\/digitaltarget.com.tr\/ar\/wp-json\/wp\/v2\/product_tag?post=17570"}],"curies":[{"name":"wp","href":"https:\/\/api.w.org\/{rel}","templated":true}]}}