{"id":17583,"date":"2023-11-24T13:15:44","date_gmt":"2023-11-24T13:15:44","guid":{"rendered":"https:\/\/digitaltarget.com.tr\/?post_type=product&#038;p=17583"},"modified":"2025-07-22T13:39:18","modified_gmt":"2025-07-22T13:39:18","slug":"iflight-2-8s-bec-voltage-regulator","status":"publish","type":"product","link":"https:\/\/digitaltarget.com.tr\/ar\/product\/iflight-2-8s-bec-voltage-regulator\/","title":{"rendered":"iFlight 2-8S BEC Voltaj Reg\u00fclat\u00f6r\u00fc"},"content":{"rendered":"<h2><span style=\"color: #1b1919; font-size: 24px;\">iFlight 2-8S BEC Voltaj Reg\u00fclat\u00f6r\u00fc<\/span><\/h2>\n<table>\n<tbody>\n<tr>\n<th>Parametre<\/th>\n<th>De\u011fer<\/th>\n<\/tr>\n<tr>\n<td>Giri\u015f Voltaj\u0131<\/td>\n<td>5-36V<\/td>\n<\/tr>\n<tr>\n<td>BEC \u00c7\u0131k\u0131\u015f\u0131<\/td>\n<td>5V\/2A, 12V\/3A<\/td>\n<\/tr>\n<tr>\n<td>Boyut<\/td>\n<td>14*11*1mm<\/td>\n<\/tr>\n<tr>\n<td>A\u011f\u0131rl\u0131k<\/td>\n<td>0.8g<\/td>\n<\/tr>\n<tr>\n<td>Delik Mesafesi<\/td>\n<td>2.54mm<\/td>\n<\/tr>\n<\/tbody>\n<\/table>\n<h2>\u00d6zellikler<\/h2>\n<ul>\n<li><strong>Ayarlanabilir Voltaj \u00c7\u0131k\u0131\u015f\u0131: 5V\/12V<\/strong><\/li>\n<li><strong>Switching Buck<\/strong><\/li>\n<li><strong>K\u0131sa devre ba\u011flant\u0131s\u0131 yap\u0131ld\u0131\u011f\u0131nda \u00e7\u0131k\u0131\u015f voltaj\u0131 12V 2A, kesildi\u011finde ise \u00e7\u0131k\u0131\u015f voltaj\u0131 5V 3A olur.<\/strong><\/li>\n<li><strong>iFlight Micro BEC, 36V&#8217;a kadar giri\u015f voltaj\u0131n\u0131 d\u00fc\u015f\u00fcrme ve y\u00fcksek verimli senkron do\u011frultma i\u015flemi kullan\u0131r. Voltaj d\u00fc\u015f\u00fcrme gerektiren uygulamalar i\u00e7in uygundur.<\/strong><\/li>\n<\/ul>","protected":false},"excerpt":{"rendered":"<p>iFlight 2-8S BEC Voltaj Reg\u00fclat\u00f6r\u00fc Parametre De\u011fer Giri\u015f Voltaj\u0131 5-36V BEC \u00c7\u0131k\u0131\u015f\u0131 5V\/2A, 12V\/3A Boyut 14*11*1mm A\u011f\u0131rl\u0131k 0.8g Delik Mesafesi<\/p>","protected":false},"featured_media":17584,"comment_status":"open","ping_status":"closed","template":"","meta":{"_monsterinsights_skip_tracking":false,"_monsterinsights_sitenote_active":false,"_monsterinsights_sitenote_note":"","_monsterinsights_sitenote_category":0},"product_cat":[434],"product_tag":[],"aioseo_notices":[],"jetpack_sharing_enabled":true,"_links":{"self":[{"href":"https:\/\/digitaltarget.com.tr\/ar\/wp-json\/wp\/v2\/product\/17583"}],"collection":[{"href":"https:\/\/digitaltarget.com.tr\/ar\/wp-json\/wp\/v2\/product"}],"about":[{"href":"https:\/\/digitaltarget.com.tr\/ar\/wp-json\/wp\/v2\/types\/product"}],"replies":[{"embeddable":true,"href":"https:\/\/digitaltarget.com.tr\/ar\/wp-json\/wp\/v2\/comments?post=17583"}],"version-history":[{"count":3,"href":"https:\/\/digitaltarget.com.tr\/ar\/wp-json\/wp\/v2\/product\/17583\/revisions"}],"predecessor-version":[{"id":18954,"href":"https:\/\/digitaltarget.com.tr\/ar\/wp-json\/wp\/v2\/product\/17583\/revisions\/18954"}],"wp:featuredmedia":[{"embeddable":true,"href":"https:\/\/digitaltarget.com.tr\/ar\/wp-json\/wp\/v2\/media\/17584"}],"wp:attachment":[{"href":"https:\/\/digitaltarget.com.tr\/ar\/wp-json\/wp\/v2\/media?parent=17583"}],"wp:term":[{"taxonomy":"product_cat","embeddable":true,"href":"https:\/\/digitaltarget.com.tr\/ar\/wp-json\/wp\/v2\/product_cat?post=17583"},{"taxonomy":"product_tag","embeddable":true,"href":"https:\/\/digitaltarget.com.tr\/ar\/wp-json\/wp\/v2\/product_tag?post=17583"}],"curies":[{"name":"wp","href":"https:\/\/api.w.org\/{rel}","templated":true}]}}