{"id":17588,"date":"2023-11-24T13:23:14","date_gmt":"2023-11-24T13:23:14","guid":{"rendered":"https:\/\/digitaltarget.com.tr\/?post_type=product&#038;p=17588"},"modified":"2024-08-02T09:53:39","modified_gmt":"2024-08-02T09:53:39","slug":"holybro-sik-telemetry-radio-v3-500mw-915mhz","status":"publish","type":"product","link":"https:\/\/digitaltarget.com.tr\/ar\/product\/holybro-sik-telemetry-radio-v3-500mw-915mhz\/","title":{"rendered":"HolyBro SiK Telemetri Radyo V3 500mW 915MHz"},"content":{"rendered":"<h2>HolyBro SiK Telemetri Radyo V3 500mW 915MHz<\/h2>\n<h3>Genel Bak\u0131\u015f<\/h3>\n<p class=\" translation-block\">HolyBro SiK Telemetri Radyo, genellikle kutudan \u00e7\u0131kt\u0131\u011f\u0131 gibi 300m\u2019nin \u00f6tesinde menzil sa\u011flayan hafif ve uygun fiyatl\u0131 bir a\u00e7\u0131k kaynak radyo platformudur; bir patch anten kullan\u0131ld\u0131\u011f\u0131nda birka\u00e7 kilometreye kadar uzat\u0131labilir.<br>\r\nBu radyo, Pixhawk standart ve di\u011fer u\u00e7u\u015f kontrolc\u00fcler, otomatik pilotlar ve bir yer istasyonu aras\u0131nda bir telemetri ba\u011flant\u0131s\u0131 kurmak i\u00e7in tak-ve-\u00e7al\u0131\u015ft\u0131r bir y\u00f6ntem sa\u011flar. MAVLink paketleri ile iyi \u00e7al\u0131\u015fmak ve g\u00f6rev planlay\u0131c\u0131lar, Ardupilot, QGroundControl ve PX4 Autopilot ile entegre olmak \u00fczere \u00f6zel olarak tasarlanm\u0131\u015f a\u00e7\u0131k kaynakl\u0131 yaz\u0131l\u0131m kullan\u0131r.<br>\r\nRadyo 915MHz veya 433MHz frekanslar\u0131nda olabilir ve \u00fclkeniz\/b\u00f6lgeniz i\u00e7in uygun olan model sat\u0131n al\u0131nmal\u0131d\u0131r.<\/p>\n<p>Not: Bu radyo, Mission Planner 1.3.75 veya \u00f6nceki s\u00fcr\u00fcmler arac\u0131l\u0131\u011f\u0131yla yaz\u0131l\u0131m y\u00fcklemeyi desteklemez. Yaz\u0131l\u0131m y\u00fcklemesi gerekiyorsa, Mission Planner 1.3.75.1 veya daha yeni bir s\u00fcr\u00fcm kullan\u0131n\u0131z.<\/p>\n<h3>\u00d6zellikler<\/h3>\n<ul>\n<li>A\u00e7\u0131k kaynak SiK yaz\u0131l\u0131m\u0131<\/li>\n<li>Pixhawk standart u\u00e7u\u015f kontrolc\u00fcler i\u00e7in tak-ve-\u00e7al\u0131\u015ft\u0131r<\/li>\n<li>Otomatik pilot ve yer istasyonunu ba\u011flaman\u0131n en kolay yolu<\/li>\n<li>Hava ve yer radyolar\u0131 de\u011fi\u015ftirilebilir<\/li>\n<li>Micro-USB portu (Type-C adapt\u00f6r kablosu dahil)<\/li>\n<li>6 konumlu JST-GH konekt\u00f6r\u00fc<\/li>\n<\/ul>\n<h3>Teknik \u00d6zellikler<\/h3>\n<ul>\n<li>Maksimum \u00c7\u0131k\u0131\u015f G\u00fcc\u00fc: 100mW (ayarlanabilir) -117dBm hassasiyet<\/li>\n<li>RP-SMA Konekt\u00f6r\u00fc<\/li>\n<li>Y\u00f6nlendirilebilir TDM UART aray\u00fcz\u00fc ile \u00e7ift y\u00f6nl\u00fc tam \u00e7ift ileti\u015fim<\/li>\n<li>\u015eeffaf seri ba\u011flant\u0131<\/li>\n<li>MAVLink protokol \u00e7er\u00e7eveleme<\/li>\n<li>Frekans atlamal\u0131 yay\u0131lma spektrumu (FHSS) ayarlanabilir g\u00f6rev d\u00f6ng\u00fcs\u00fc<\/li>\n<li>Hata d\u00fczeltme, a\u00e7\u0131k kaynakl\u0131 SiK yaz\u0131l\u0131m\u0131 %25 bit hatas\u0131n\u0131 d\u00fczeltebilir<\/li>\n<li>Mission Planner ve APM Planner ile yap\u0131land\u0131r\u0131labilir<\/li>\n<li>FT230X, bir USB&#8217;den temel UART IC<\/li>\n<\/ul>\n<h3>Boyutlar<\/h3>\n<p>28x53x10.7mm (anten olmadan)<\/p>\n<h3>Elektrik Verileri<\/h3>\n<ul>\n<li>Besleme Voltaj\u0131: 5V DC (USB veya JST-GH)<\/li>\n<li>\u0130letim Ak\u0131m\u0131: 100mA @ 20dBm<\/li>\n<li>Ald\u0131\u011f\u0131 Ak\u0131m: 25mA<\/li>\n<li>Seri Aray\u00fcz: 3.3V UART<\/li>\n<\/ul>","protected":false},"excerpt":{"rendered":"<p>HolyBro SiK Telemetri Radyo V3 500mW 915MHz Genel Bak\u0131\u015f HolyBro SiK Telemetri Radyo, genellikle kutudan \u00e7\u0131kt\u0131\u011f\u0131 gibi 300m&#8217;nin \u00f6tesinde menzil<\/p>","protected":false},"featured_media":17589,"comment_status":"open","ping_status":"closed","template":"","meta":{"_monsterinsights_skip_tracking":false,"_monsterinsights_sitenote_active":false,"_monsterinsights_sitenote_note":"","_monsterinsights_sitenote_category":0},"product_cat":[431,355,358,385],"product_tag":[],"aioseo_notices":[],"jetpack_sharing_enabled":true,"_links":{"self":[{"href":"https:\/\/digitaltarget.com.tr\/ar\/wp-json\/wp\/v2\/product\/17588"}],"collection":[{"href":"https:\/\/digitaltarget.com.tr\/ar\/wp-json\/wp\/v2\/product"}],"about":[{"href":"https:\/\/digitaltarget.com.tr\/ar\/wp-json\/wp\/v2\/types\/product"}],"replies":[{"embeddable":true,"href":"https:\/\/digitaltarget.com.tr\/ar\/wp-json\/wp\/v2\/comments?post=17588"}],"version-history":[{"count":3,"href":"https:\/\/digitaltarget.com.tr\/ar\/wp-json\/wp\/v2\/product\/17588\/revisions"}],"predecessor-version":[{"id":19142,"href":"https:\/\/digitaltarget.com.tr\/ar\/wp-json\/wp\/v2\/product\/17588\/revisions\/19142"}],"wp:featuredmedia":[{"embeddable":true,"href":"https:\/\/digitaltarget.com.tr\/ar\/wp-json\/wp\/v2\/media\/17589"}],"wp:attachment":[{"href":"https:\/\/digitaltarget.com.tr\/ar\/wp-json\/wp\/v2\/media?parent=17588"}],"wp:term":[{"taxonomy":"product_cat","embeddable":true,"href":"https:\/\/digitaltarget.com.tr\/ar\/wp-json\/wp\/v2\/product_cat?post=17588"},{"taxonomy":"product_tag","embeddable":true,"href":"https:\/\/digitaltarget.com.tr\/ar\/wp-json\/wp\/v2\/product_tag?post=17588"}],"curies":[{"name":"wp","href":"https:\/\/api.w.org\/{rel}","templated":true}]}}