{"id":17594,"date":"2023-11-24T13:37:39","date_gmt":"2023-11-24T13:37:39","guid":{"rendered":"https:\/\/digitaltarget.com.tr\/?post_type=product&#038;p=17594"},"modified":"2024-10-31T11:03:30","modified_gmt":"2024-10-31T11:03:30","slug":"skydroid-h12-12-channel-2-4ghz-1080p-digital-video-data-transmission","status":"publish","type":"product","link":"https:\/\/digitaltarget.com.tr\/ar\/product\/skydroid-h12-12-channel-2-4ghz-1080p-digital-video-data-transmission\/","title":{"rendered":"Skydroid H12 12 Kanal 2.4GHz 1080P Dijital Video Veri \u0130letimi"},"content":{"rendered":"<h2>Skydroid-H-12<\/h2>\n<p>H12 serisi, en son Qualcomm i\u015flemcisini kullanarak Android g\u00f6m\u00fcl\u00fc sistem, geli\u015fmi\u015f SDR teknolojisi ve s\u00fcper protokol y\u0131\u011f\u0131n\u0131 ile donat\u0131lm\u0131\u015ft\u0131r.<\/p>\n<h3>Temel \u00d6zellikler<\/h3>\n<ul>\n<li>Daha net g\u00f6r\u00fcnt\u00fc, daha d\u00fc\u015f\u00fck gecikme, daha uzun mesafe ve daha g\u00fc\u00e7l\u00fc parazit \u00f6nleme.<\/li>\n<li>Drone&#8217;lar, robotlar, end\u00fcstriyel kontrol ekipmanlar\u0131 ve di\u011fer cihazlar i\u00e7in uygundur.<\/li>\n<li>SIM kart, dijital kamera, seri port, sbus ve di\u011fer zengin arabirimleri destekler.<\/li>\n<li>Su ge\u00e7irmez, toz ge\u00e7irmez ve darbeye dayan\u0131kl\u0131 yap\u0131 ile dayan\u0131kl\u0131d\u0131r.<\/li>\n<li>Ultra HD 5.5&#8243; y\u00fcksek parlakl\u0131kta ekran.<\/li>\n<li>10000mAh dahili batarya ile uzun \u00f6m\u00fcr (6-20 saat).<\/li>\n<li>S.BUS\/PPM\/PWM\/seri deste\u011fi ile s\u00fcper \u00f6l\u00e7eklenebilirlik.<\/li>\n<li>SDK ve protokol belgeleri sa\u011flanarak a\u00e7\u0131k kaynakl\u0131d\u0131r.<\/li>\n<li>Drone portu ve di\u011fer arabirimler i\u00e7in kullan\u0131m\u0131 kolay Android sistemi.<\/li>\n<\/ul>\n<h3>1920X1080 Y\u00fcksek Parlakl\u0131kta Ekran<\/h3>\n<p>H12, dijital kamera, seri port \u015feffaf iletimi, sbus ve di\u011fer zengin arabirimleri destekler. Geli\u015ftirme kitleri, SDK ve teknik destek sa\u011flar, video durdurmay\u0131 destekler ve ana ak\u0131m u\u00e7u\u015f kontrol yer istasyonlar\u0131, QGC ve kablosuz RTSP video ak\u0131\u015f\u0131 payla\u015f\u0131m\u0131 ile uyumludur.<\/p>\n<h3>G\u00fc\u00e7l\u00fc Veri Ba\u011flant\u0131s\u0131 \u0130letimi<\/h3>\n<p>\u00c7ift anten sinyalleri birbirini tamamlayarak ultra y\u00fcksek hassasiyet, ultra uzun mesafe ve geli\u015fmi\u015f frekans atlama algoritmalar\u0131 sa\u011flar. Bu, zay\u0131f sinyal ileti\u015fim yetene\u011fini b\u00fcy\u00fck \u00f6l\u00e7\u00fcde art\u0131r\u0131r. Skydroid-H-12, k\u00fc\u00e7\u00fck drone&#8217;lar ve kalabal\u0131k alanlarda 433 ve 915 frekans bantlar\u0131n\u0131n karars\u0131zl\u0131k ve parazit sorunlar\u0131n\u0131 \u00e7\u00f6zer.<\/p>\n<h3>Cihaz Yard\u0131mc\u0131 Android Uygulamas\u0131<\/h3>\n<p>H12 Arac\u0131n\u0131 kullanarak el modu h\u0131zla de\u011fi\u015ftirilir, kanal ileri ve geri ayarlan\u0131r, d\u00fcmen hacmi, kanal ba\u011flama, kontrol kayb\u0131 koruma de\u011feri, SBUS, PPM \u00e7\u0131k\u0131\u015f\u0131 ve veri iletimi baud h\u0131z\u0131 ayarlan\u0131r. Farkl\u0131 \u00fcreticiler ve modeller i\u00e7in tek tu\u015fla parametre ayarlama i\u015flevi ve tek tu\u015fla yap\u0131land\u0131rma sa\u011flar.<\/p>\n<h3>Yer \u0130stasyonu Uygulamas\u0131<\/h3>\n<p>QGC tabanl\u0131 Skydroid Yer \u0130stasyonu, daha iyi bir etkile\u015fim aray\u00fcz\u00fc, daha geni\u015f kontrol edilebilir harita g\u00f6r\u00fc\u015f alan\u0131 ve ak\u0131ll\u0131 yol noktas\u0131 planlamas\u0131, otomatik y\u00fcr\u00fctme, otomatik takip ve tek tu\u015fla eve d\u00f6n\u00fc\u015f ile profesyonel alanlarda i\u015f verimlili\u011fini art\u0131r\u0131r.<\/p>\n<h3>Zengin Yer Sonu Arabirimi<\/h3>\n<p>Ko\u00e7 PPM giri\u015fi + \u00e7\u0131k\u0131\u015f\u0131, Type-C Android y\u00fcksek h\u0131zl\u0131 USB arabirimi, geni\u015fletilmi\u015f TF kart yuvas\u0131.<\/p>\n<h3>Uzaktan Kumanda Teknik \u00d6zellikleri<\/h3>\n<table>\n<tbody>\n<tr>\n<th>Kanallar<\/th>\n<th>\u00c7al\u0131\u015fma Voltaj\u0131<\/th>\n<th>RF G\u00fcc\u00fc<\/th>\n<th>Frekans<\/th>\n<th>G\u00fcncelleme Yolu<\/th>\n<th>A\u011f\u0131rl\u0131k<\/th>\n<th>Boyut<\/th>\n<th>Batarya<\/th>\n<th>Dayan\u0131kl\u0131l\u0131k<\/th>\n<th>\u015earj Portu<\/th>\n<th>Uygulamalar<\/th>\n<\/tr>\n<tr>\n<td>12<\/td>\n<td>4.2V<\/td>\n<td>20DB@CE<\/td>\n<td>2.400-2.483GHz<\/td>\n<td>Uygulama \u00dczerinden Online G\u00fcncelleme<\/td>\n<td>540g<\/td>\n<td>190x161x95mm<\/td>\n<td>10000mA\/H<\/td>\n<td>6-20 Saat<\/td>\n<td>TYPE-C<\/td>\n<td>Helikopter, sabit kanat, \u00e7ok rotorlu, insans\u0131z ara\u00e7, insans\u0131z tekne, vb.<\/td>\n<\/tr>\n<\/tbody>\n<\/table>\n<h3>Al\u0131c\u0131 Teknik \u00d6zellikleri<\/h3>\n<table>\n<tbody>\n<tr>\n<th>Kanallar<\/th>\n<th>\u00c7al\u0131\u015fma Voltaj\u0131<\/th>\n<th>RF G\u00fcc\u00fc<\/th>\n<th>Boyut<\/th>\n<th>A\u011f\u0131rl\u0131k<\/th>\n<\/tr>\n<tr>\n<td>12<\/td>\n<td>4.5-5.5V<\/td>\n<td>140mA@5V<\/td>\n<td>51x41x13mm<\/td>\n<td>14g<\/td>\n<\/tr>\n<\/tbody>\n<\/table>","protected":false},"excerpt":{"rendered":"<p>H12 With Mini Camera<\/p>","protected":false},"featured_media":18798,"comment_status":"open","ping_status":"closed","template":"","meta":{"_monsterinsights_skip_tracking":false,"_monsterinsights_sitenote_active":false,"_monsterinsights_sitenote_note":"","_monsterinsights_sitenote_category":0},"product_cat":[435],"product_tag":[],"aioseo_notices":[],"jetpack_sharing_enabled":true,"_links":{"self":[{"href":"https:\/\/digitaltarget.com.tr\/ar\/wp-json\/wp\/v2\/product\/17594"}],"collection":[{"href":"https:\/\/digitaltarget.com.tr\/ar\/wp-json\/wp\/v2\/product"}],"about":[{"href":"https:\/\/digitaltarget.com.tr\/ar\/wp-json\/wp\/v2\/types\/product"}],"replies":[{"embeddable":true,"href":"https:\/\/digitaltarget.com.tr\/ar\/wp-json\/wp\/v2\/comments?post=17594"}],"version-history":[{"count":6,"href":"https:\/\/digitaltarget.com.tr\/ar\/wp-json\/wp\/v2\/product\/17594\/revisions"}],"predecessor-version":[{"id":18952,"href":"https:\/\/digitaltarget.com.tr\/ar\/wp-json\/wp\/v2\/product\/17594\/revisions\/18952"}],"wp:featuredmedia":[{"embeddable":true,"href":"https:\/\/digitaltarget.com.tr\/ar\/wp-json\/wp\/v2\/media\/18798"}],"wp:attachment":[{"href":"https:\/\/digitaltarget.com.tr\/ar\/wp-json\/wp\/v2\/media?parent=17594"}],"wp:term":[{"taxonomy":"product_cat","embeddable":true,"href":"https:\/\/digitaltarget.com.tr\/ar\/wp-json\/wp\/v2\/product_cat?post=17594"},{"taxonomy":"product_tag","embeddable":true,"href":"https:\/\/digitaltarget.com.tr\/ar\/wp-json\/wp\/v2\/product_tag?post=17594"}],"curies":[{"name":"wp","href":"https:\/\/api.w.org\/{rel}","templated":true}]}}