{"id":17619,"date":"2023-11-27T13:08:29","date_gmt":"2023-11-27T13:08:29","guid":{"rendered":"https:\/\/digitaltarget.com.tr\/?post_type=product&#038;p=17619"},"modified":"2024-10-01T17:05:12","modified_gmt":"2024-10-01T17:05:12","slug":"wireless-av-video-receiver-for-fpv","status":"publish","type":"product","link":"https:\/\/digitaltarget.com.tr\/ar\/product\/wireless-av-video-receiver-for-fpv\/","title":{"rendered":"FPV i\u00e7in Kablosuz AV Video Al\u0131c\u0131s\u0131"},"content":{"rendered":"<table>\n<tbody>\n<tr>\n<td><strong>\u00dcr\u00fcn<\/strong><\/td>\n<td>FPV i\u00e7in Kablosuz AV Video Al\u0131c\u0131s\u0131<\/td>\n<\/tr>\n<tr>\n<td><strong>\u00c7al\u0131\u015fma Band\u0131<\/strong><\/td>\n<td>0.9GHz\/1.2GHz\/1.3GHz<\/td>\n<\/tr>\n<tr>\n<td><strong>Kanal Se\u00e7imi<\/strong><\/td>\n<td>Dijital ekran d\u00fc\u011fmesi<\/td>\n<\/tr>\n<tr>\n<td><strong>Alma Modu<\/strong><\/td>\n<td>Manuel al\u0131c\u0131\/iste\u011fe ba\u011fl\u0131 otomatik<\/td>\n<\/tr>\n<tr>\n<td><strong>A\u011f\u0131rl\u0131k<\/strong><\/td>\n<td>115g<\/td>\n<\/tr>\n<tr>\n<td><strong>Boyutlar<\/strong><\/td>\n<td>115 x 67 x 21mm<\/td>\n<\/tr>\n<tr>\n<td><strong>\u00c7al\u0131\u015fma Voltaj\u0131<\/strong><\/td>\n<td>DC12V<\/td>\n<\/tr>\n<tr>\n<td><strong>\u00c7al\u0131\u015fma Ak\u0131m\u0131<\/strong><\/td>\n<td>260mA<\/td>\n<\/tr>\n<tr>\n<td><strong>\u00c7al\u0131\u015fma Kanallar\u0131<\/strong><\/td>\n<td>12 kanal<\/td>\n<\/tr>\n<tr>\n<td><strong>Frekans Bantlar\u0131<\/strong><\/td>\n<td>0.910GHz, 0.980GHz, 1.010GHz, 1.040GHz, 1.080GHz, 1.120GHz, 1.160GHz, 1.200GHz, 1.240GHz, 1.280GHz, 1.320GHz, 1.360GHz<\/td>\n<\/tr>\n<tr>\n<td><strong>Paket \u0130\u00e7eri\u011fi<\/strong><\/td>\n<td>Al\u0131c\u0131 x1, Anten x1, AV Kablosu x1<\/td>\n<\/tr>\n<\/tbody>\n<\/table>","protected":false},"excerpt":{"rendered":"<p>\u00dcr\u00fcn FPV i\u00e7in Kablosuz AV Video Al\u0131c\u0131s\u0131 \u00c7al\u0131\u015fma Band\u0131 0.9GHz\/1.2GHz\/1.3GHz Kanal Se\u00e7imi Dijital ekran d\u00fc\u011fmesi Alma Modu Manuel al\u0131c\u0131\/iste\u011fe ba\u011fl\u0131<\/p>","protected":false},"featured_media":17620,"comment_status":"open","ping_status":"closed","template":"","meta":{"_monsterinsights_skip_tracking":false,"_monsterinsights_sitenote_active":false,"_monsterinsights_sitenote_note":"","_monsterinsights_sitenote_category":0},"product_cat":[356,438],"product_tag":[],"aioseo_notices":[],"jetpack_sharing_enabled":true,"_links":{"self":[{"href":"https:\/\/digitaltarget.com.tr\/ar\/wp-json\/wp\/v2\/product\/17619"}],"collection":[{"href":"https:\/\/digitaltarget.com.tr\/ar\/wp-json\/wp\/v2\/product"}],"about":[{"href":"https:\/\/digitaltarget.com.tr\/ar\/wp-json\/wp\/v2\/types\/product"}],"replies":[{"embeddable":true,"href":"https:\/\/digitaltarget.com.tr\/ar\/wp-json\/wp\/v2\/comments?post=17619"}],"version-history":[{"count":3,"href":"https:\/\/digitaltarget.com.tr\/ar\/wp-json\/wp\/v2\/product\/17619\/revisions"}],"predecessor-version":[{"id":18950,"href":"https:\/\/digitaltarget.com.tr\/ar\/wp-json\/wp\/v2\/product\/17619\/revisions\/18950"}],"wp:featuredmedia":[{"embeddable":true,"href":"https:\/\/digitaltarget.com.tr\/ar\/wp-json\/wp\/v2\/media\/17620"}],"wp:attachment":[{"href":"https:\/\/digitaltarget.com.tr\/ar\/wp-json\/wp\/v2\/media?parent=17619"}],"wp:term":[{"taxonomy":"product_cat","embeddable":true,"href":"https:\/\/digitaltarget.com.tr\/ar\/wp-json\/wp\/v2\/product_cat?post=17619"},{"taxonomy":"product_tag","embeddable":true,"href":"https:\/\/digitaltarget.com.tr\/ar\/wp-json\/wp\/v2\/product_tag?post=17619"}],"curies":[{"name":"wp","href":"https:\/\/api.w.org\/{rel}","templated":true}]}}