{"id":17626,"date":"2023-11-27T13:22:41","date_gmt":"2023-11-27T13:22:41","guid":{"rendered":"https:\/\/digitaltarget.com.tr\/?post_type=product&#038;p=17626"},"modified":"2024-08-02T09:29:10","modified_gmt":"2024-08-02T09:29:10","slug":"eachine-ev800dm-varifocal-5-8g-40ch-diversity-fpv-goggles","status":"publish","type":"product","link":"https:\/\/digitaltarget.com.tr\/ar\/product\/eachine-ev800dm-varifocal-5-8g-40ch-diversity-fpv-goggles\/","title":{"rendered":"Everyine EV800DM De\u011fi\u015fken Odakl\u0131 5.8G 40CH \u00c7e\u015fitlilik FPV G\u00f6zl\u00fckleri"},"content":{"rendered":"<p><strong>A\u00e7\u0131klama:<\/strong><\/p>\n<table style=\"height: 680px; width: 580px;\" cellspacing=\"0\" cellpadding=\"0\">\n<tbody>\n<tr>\n<td>Marka Ad\u0131<\/td>\n<td>EACHINE<\/td>\n<\/tr>\n<tr>\n<td>G\u00f6r\u00fcn\u00fcm<\/td>\n<td>Boyut: 150*170*80mm A\u011f\u0131rl\u0131k: 320g anten olmadan Kemer: \u00dc\u00e7 y\u00f6nl\u00fc ayarlanabilir kemer<\/td>\n<\/tr>\n<tr>\n<td>\u00d6zellikler<\/td>\n<td>720*576px tam kare h\u0131z\u0131nda DVR ile kay\u0131t, kare kayb\u0131 yok (C10 kart gereklidir) Men\u00fcde tekrar oynatma Tam kare h\u0131z\u0131nda kay\u0131t i\u00e7in C10 kart gereklidir<\/td>\n<\/tr>\n<tr>\n<td>Diversity<\/td>\n<td>2 RX5808 PRO mod\u00fcl\u00fc -90dB S\u00fcper hassasiyet Lineer ve Omni antenler kullan\u0131ld\u0131\u011f\u0131nda m\u00fckemmel performans<\/td>\n<\/tr>\n<tr>\n<td>Ekran<\/td>\n<td>Ekran boyutu: 3.0 in\u00e7 Ekran \u00e7\u00f6z\u00fcn\u00fcrl\u00fc\u011f\u00fc: 900*600 (Lens ile b\u00fcy\u00fct\u00fcld\u00fc\u011f\u00fcnde bulan\u0131kl\u0131k yok) Ekran parlakl\u0131\u011f\u0131: 600cd\/m2, d\u0131\u015f mekan FPV i\u00e7in \u00f6zel y\u00fcksek parlakl\u0131kta LED Aran\u0131z\u0131: 4:3 G\u00f6r\u00fc\u015f A\u00e7\u0131s\u0131: 140\/120 derece (Yatay\/Dikey)<\/td>\n<\/tr>\n<tr>\n<td>Lens<\/td>\n<td>Videoyu 3 kat h\u0131zland\u0131rma, karanl\u0131k bir his kazand\u0131r\u0131r; I\u015f\u0131\u011fa maruz kald\u0131\u011f\u0131nda %92 \u015feffafl\u0131k oran\u0131 bozulur;<\/td>\n<\/tr>\n<tr>\n<td>De\u011fi\u015fken odak<\/td>\n<td>20mm odak uzunlu\u011fu ayarlanabilir; Bireysel dikey kullan\u0131c\u0131 ayarlar\u0131 i\u00e7in \u00e7ok durakl\u0131 tasar\u0131m; Farkl\u0131 g\u00f6z sa\u011fl\u0131\u011f\u0131na sahip daha fazla kullan\u0131c\u0131 i\u00e7in<\/td>\n<\/tr>\n<tr>\n<td>G\u00f6zl\u00fck Uyumlulu\u011fu<\/td>\n<td>G\u00f6zl\u00fcklerle kullan\u0131m i\u00e7in uygundur;<\/td>\n<\/tr>\n<tr>\n<td>\u0627\u0644\u0628\u0637\u0627\u0631\u064a\u0629<\/td>\n<td>Entegre 3.8V\/2000mAh pil; Her pil d\u00f6ng\u00fcs\u00fc yakla\u015f\u0131k 2.2 saat \u00e7al\u0131\u015fma s\u00fcresi sa\u011flar; 5-18V geni\u015f \u015farj voltaj\u0131 aral\u0131\u011f\u0131, genellikle 5V\/2A \u015farj cihaz\u0131 ile \u015farj edilir: 5V, 2A, DC 2.5mm Uzun \u00e7al\u0131\u015fma s\u00fcreleri i\u00e7in yedek g\u00fc\u00e7 olarak kullan\u0131l\u0131r 2S (7.4V) \/ 3S (11.1V) pil.<\/td>\n<\/tr>\n<\/tbody>\n<\/table>","protected":false},"excerpt":{"rendered":"<p>A\u00e7\u0131klama: Marka Ad\u0131 EACHINE G\u00f6r\u00fcn\u00fcm Boyut: 150*170*80mm A\u011f\u0131rl\u0131k: 320g anten olmadan Kemer: \u00dc\u00e7 y\u00f6nl\u00fc ayarlanabilir kemer \u00d6zellikler 720*576px tam kare<\/p>","protected":false},"featured_media":17631,"comment_status":"open","ping_status":"closed","template":"","meta":{"_monsterinsights_skip_tracking":false,"_monsterinsights_sitenote_active":false,"_monsterinsights_sitenote_note":"","_monsterinsights_sitenote_category":0},"product_cat":[439],"product_tag":[],"aioseo_notices":[],"jetpack_sharing_enabled":true,"_links":{"self":[{"href":"https:\/\/digitaltarget.com.tr\/ar\/wp-json\/wp\/v2\/product\/17626"}],"collection":[{"href":"https:\/\/digitaltarget.com.tr\/ar\/wp-json\/wp\/v2\/product"}],"about":[{"href":"https:\/\/digitaltarget.com.tr\/ar\/wp-json\/wp\/v2\/types\/product"}],"replies":[{"embeddable":true,"href":"https:\/\/digitaltarget.com.tr\/ar\/wp-json\/wp\/v2\/comments?post=17626"}],"version-history":[{"count":3,"href":"https:\/\/digitaltarget.com.tr\/ar\/wp-json\/wp\/v2\/product\/17626\/revisions"}],"predecessor-version":[{"id":19136,"href":"https:\/\/digitaltarget.com.tr\/ar\/wp-json\/wp\/v2\/product\/17626\/revisions\/19136"}],"wp:featuredmedia":[{"embeddable":true,"href":"https:\/\/digitaltarget.com.tr\/ar\/wp-json\/wp\/v2\/media\/17631"}],"wp:attachment":[{"href":"https:\/\/digitaltarget.com.tr\/ar\/wp-json\/wp\/v2\/media?parent=17626"}],"wp:term":[{"taxonomy":"product_cat","embeddable":true,"href":"https:\/\/digitaltarget.com.tr\/ar\/wp-json\/wp\/v2\/product_cat?post=17626"},{"taxonomy":"product_tag","embeddable":true,"href":"https:\/\/digitaltarget.com.tr\/ar\/wp-json\/wp\/v2\/product_tag?post=17626"}],"curies":[{"name":"wp","href":"https:\/\/api.w.org\/{rel}","templated":true}]}}