{"id":17690,"date":"2023-12-16T14:13:13","date_gmt":"2023-12-16T14:13:13","guid":{"rendered":"https:\/\/digitaltarget.com.tr\/?post_type=product&#038;p=17690"},"modified":"2025-07-22T13:39:09","modified_gmt":"2025-07-22T13:39:09","slug":"siyi-zr10-2k-4mp-qhd-30x-hybrid-zoom-gimbal-camera","status":"publish","type":"product","link":"https:\/\/digitaltarget.com.tr\/ar\/product\/siyi-zr10-2k-4mp-qhd-30x-hybrid-zoom-gimbal-camera\/","title":{"rendered":"SIYI ZR10 2K 400 Megabit Piksel QHD 30X Hibrit Zoom Gimbal Kamera"},"content":{"rendered":"<h1 class=\"detail_name themes_products_title\">SIYI ZR10 2K 400 Megapiksel QHD 30X Hibrit Zoom Gimbal Kamera ile 2560&#215;1440 HDR Starlight Gece G\u00f6r\u00fc\u015f 3-Eksenli Stabilizat\u00f6r Hafif \u0130HA Pod Kameras\u0131 Drone G\u00f6zetim ve Denetim \u0130\u00e7in<\/h1>\n<ul>\n<li><strong>10X Optik Zoom \/ 3x Dijital Zoom<\/strong><\/li>\n<li><strong>4 Megapiksel<\/strong><\/li>\n<li><strong>TF Kart Deste\u011fi \/ 2K Video Kayd\u0131 \/ 2K Foto\u011fraf\u00e7\u0131l\u0131k<\/strong><\/li>\n<li><strong>3-eksenli Gimbal Stabilizat\u00f6r<\/strong><\/li>\n<li><strong>Y\u00fcksek Hassasiyetli FOC Kontrol<\/strong><\/li>\n<li><strong>HDR (Y\u00fcksek Dinamik Aral\u0131k)<\/strong><\/li>\n<li><strong>Starlight Gece G\u00f6r\u00fc\u015f Kameras\u0131<\/strong><\/li>\n<li><strong>F1.8 Diyafram<\/strong><\/li>\n<\/ul>\n<div><img fetchpriority=\"high\" decoding=\"async\" class=\"alignnone size-medium wp-image-17691\" src=\"http:\/\/digitaltarget.com.tr\/wp-content\/uploads\/2023\/12\/S251b2c4e6587452c941bed84838b620cE-321x300.png\" alt=\"\" width=\"321\" height=\"300\" srcset=\"https:\/\/digitaltarget.com.tr\/wp-content\/uploads\/2023\/12\/S251b2c4e6587452c941bed84838b620cE-321x300.png 321w, https:\/\/digitaltarget.com.tr\/wp-content\/uploads\/2023\/12\/S251b2c4e6587452c941bed84838b620cE-13x12.png 13w, https:\/\/digitaltarget.com.tr\/wp-content\/uploads\/2023\/12\/S251b2c4e6587452c941bed84838b620cE-430x401.png 430w, https:\/\/digitaltarget.com.tr\/wp-content\/uploads\/2023\/12\/S251b2c4e6587452c941bed84838b620cE-700x653.png 700w, https:\/\/digitaltarget.com.tr\/wp-content\/uploads\/2023\/12\/S251b2c4e6587452c941bed84838b620cE-150x140.png 150w, https:\/\/digitaltarget.com.tr\/wp-content\/uploads\/2023\/12\/S251b2c4e6587452c941bed84838b620cE.png 750w\" sizes=\"(max-width: 321px) 100vw, 321px\" \/> <img decoding=\"async\" class=\"alignnone size-medium wp-image-17692\" src=\"http:\/\/digitaltarget.com.tr\/wp-content\/uploads\/2023\/12\/zr10-75002-9185-331x300.webp\" alt=\"\" width=\"331\" height=\"300\" srcset=\"https:\/\/digitaltarget.com.tr\/wp-content\/uploads\/2023\/12\/zr10-75002-9185-331x300.webp 331w, https:\/\/digitaltarget.com.tr\/wp-content\/uploads\/2023\/12\/zr10-75002-9185-13x12.webp 13w, https:\/\/digitaltarget.com.tr\/wp-content\/uploads\/2023\/12\/zr10-75002-9185-430x390.webp 430w, https:\/\/digitaltarget.com.tr\/wp-content\/uploads\/2023\/12\/zr10-75002-9185-700x635.webp 700w, https:\/\/digitaltarget.com.tr\/wp-content\/uploads\/2023\/12\/zr10-75002-9185-150x136.webp 150w, https:\/\/digitaltarget.com.tr\/wp-content\/uploads\/2023\/12\/zr10-75002-9185.webp 750w\" sizes=\"(max-width: 331px) 100vw, 331px\" \/> <img decoding=\"async\" class=\"alignnone size-medium wp-image-17693\" src=\"http:\/\/digitaltarget.com.tr\/wp-content\/uploads\/2023\/12\/zr10-75003-dade-255x300.webp\" alt=\"\" width=\"255\" height=\"300\" srcset=\"https:\/\/digitaltarget.com.tr\/wp-content\/uploads\/2023\/12\/zr10-75003-dade-255x300.webp 255w, https:\/\/digitaltarget.com.tr\/wp-content\/uploads\/2023\/12\/zr10-75003-dade-680x800.webp 680w, https:\/\/digitaltarget.com.tr\/wp-content\/uploads\/2023\/12\/zr10-75003-dade-10x12.webp 10w, https:\/\/digitaltarget.com.tr\/wp-content\/uploads\/2023\/12\/zr10-75003-dade-430x506.webp 430w, https:\/\/digitaltarget.com.tr\/wp-content\/uploads\/2023\/12\/zr10-75003-dade-700x823.webp 700w, https:\/\/digitaltarget.com.tr\/wp-content\/uploads\/2023\/12\/zr10-75003-dade-150x176.webp 150w, https:\/\/digitaltarget.com.tr\/wp-content\/uploads\/2023\/12\/zr10-75003-dade.webp 750w\" sizes=\"(max-width: 255px) 100vw, 255px\" \/> <img loading=\"lazy\" decoding=\"async\" class=\"alignnone size-medium wp-image-17694\" src=\"http:\/\/digitaltarget.com.tr\/wp-content\/uploads\/2023\/12\/zr10-75004-75f0-321x300.webp\" alt=\"\" width=\"321\" height=\"300\" srcset=\"https:\/\/digitaltarget.com.tr\/wp-content\/uploads\/2023\/12\/zr10-75004-75f0-321x300.webp 321w, https:\/\/digitaltarget.com.tr\/wp-content\/uploads\/2023\/12\/zr10-75004-75f0-13x12.webp 13w, https:\/\/digitaltarget.com.tr\/wp-content\/uploads\/2023\/12\/zr10-75004-75f0-430x401.webp 430w, https:\/\/digitaltarget.com.tr\/wp-content\/uploads\/2023\/12\/zr10-75004-75f0-700x653.webp 700w, https:\/\/digitaltarget.com.tr\/wp-content\/uploads\/2023\/12\/zr10-75004-75f0-150x140.webp 150w, https:\/\/digitaltarget.com.tr\/wp-content\/uploads\/2023\/12\/zr10-75004-75f0.webp 750w\" sizes=\"(max-width: 321px) 100vw, 321px\" \/> <img loading=\"lazy\" decoding=\"async\" class=\"alignnone size-medium wp-image-17695\" src=\"http:\/\/digitaltarget.com.tr\/wp-content\/uploads\/2023\/12\/zr10-75005-3f6f-321x300.webp\" alt=\"\" width=\"321\" height=\"300\" srcset=\"https:\/\/digitaltarget.com.tr\/wp-content\/uploads\/2023\/12\/zr10-75005-3f6f-321x300.webp 321w, https:\/\/digitaltarget.com.tr\/wp-content\/uploads\/2023\/12\/zr10-75005-3f6f-13x12.webp 13w, https:\/\/digitaltarget.com.tr\/wp-content\/uploads\/2023\/12\/zr10-75005-3f6f-430x401.webp 430w, https:\/\/digitaltarget.com.tr\/wp-content\/uploads\/2023\/12\/zr10-75005-3f6f-700x653.webp 700w, https:\/\/digitaltarget.com.tr\/wp-content\/uploads\/2023\/12\/zr10-75005-3f6f-150x140.webp 150w, https:\/\/digitaltarget.com.tr\/wp-content\/uploads\/2023\/12\/zr10-75005-3f6f.webp 750w\" sizes=\"(max-width: 321px) 100vw, 321px\" \/> <img loading=\"lazy\" decoding=\"async\" class=\"alignnone size-medium wp-image-17696\" src=\"http:\/\/digitaltarget.com.tr\/wp-content\/uploads\/2023\/12\/zr10-75007-cb3b-333x300.webp\" alt=\"\" width=\"333\" height=\"300\" srcset=\"https:\/\/digitaltarget.com.tr\/wp-content\/uploads\/2023\/12\/zr10-75007-cb3b-333x300.webp 333w, https:\/\/digitaltarget.com.tr\/wp-content\/uploads\/2023\/12\/zr10-75007-cb3b-13x12.webp 13w, https:\/\/digitaltarget.com.tr\/wp-content\/uploads\/2023\/12\/zr10-75007-cb3b-430x387.webp 430w, https:\/\/digitaltarget.com.tr\/wp-content\/uploads\/2023\/12\/zr10-75007-cb3b-700x630.webp 700w, https:\/\/digitaltarget.com.tr\/wp-content\/uploads\/2023\/12\/zr10-75007-cb3b-150x135.webp 150w, https:\/\/digitaltarget.com.tr\/wp-content\/uploads\/2023\/12\/zr10-75007-cb3b.webp 750w\" sizes=\"(max-width: 333px) 100vw, 333px\" \/> <img loading=\"lazy\" decoding=\"async\" class=\"alignnone size-medium wp-image-17697\" src=\"http:\/\/digitaltarget.com.tr\/wp-content\/uploads\/2023\/12\/zr10-75008-17b1-239x300.webp\" alt=\"\" width=\"239\" height=\"300\" srcset=\"https:\/\/digitaltarget.com.tr\/wp-content\/uploads\/2023\/12\/zr10-75008-17b1-239x300.webp 239w, https:\/\/digitaltarget.com.tr\/wp-content\/uploads\/2023\/12\/zr10-75008-17b1-638x800.webp 638w, https:\/\/digitaltarget.com.tr\/wp-content\/uploads\/2023\/12\/zr10-75008-17b1-10x12.webp 10w, https:\/\/digitaltarget.com.tr\/wp-content\/uploads\/2023\/12\/zr10-75008-17b1-430x539.webp 430w, https:\/\/digitaltarget.com.tr\/wp-content\/uploads\/2023\/12\/zr10-75008-17b1-700x877.webp 700w, https:\/\/digitaltarget.com.tr\/wp-content\/uploads\/2023\/12\/zr10-75008-17b1-150x188.webp 150w, https:\/\/digitaltarget.com.tr\/wp-content\/uploads\/2023\/12\/zr10-75008-17b1.webp 750w\" sizes=\"(max-width: 239px) 100vw, 239px\" \/> <img loading=\"lazy\" decoding=\"async\" class=\"alignnone size-medium wp-image-17698\" src=\"http:\/\/digitaltarget.com.tr\/wp-content\/uploads\/2023\/12\/zr10-75009-9499-321x300.webp\" alt=\"\" width=\"321\" height=\"300\" srcset=\"https:\/\/digitaltarget.com.tr\/wp-content\/uploads\/2023\/12\/zr10-75009-9499-321x300.webp 321w, https:\/\/digitaltarget.com.tr\/wp-content\/uploads\/2023\/12\/zr10-75009-9499-13x12.webp 13w, https:\/\/digitaltarget.com.tr\/wp-content\/uploads\/2023\/12\/zr10-75009-9499-430x401.webp 430w, https:\/\/digitaltarget.com.tr\/wp-content\/uploads\/2023\/12\/zr10-75009-9499-700x653.webp 700w, https:\/\/digitaltarget.com.tr\/wp-content\/uploads\/2023\/12\/zr10-75009-9499-150x140.webp 150w, https:\/\/digitaltarget.com.tr\/wp-content\/uploads\/2023\/12\/zr10-75009-9499.webp 750w\" sizes=\"(max-width: 321px) 100vw, 321px\" \/><\/div>","protected":false},"excerpt":{"rendered":"<ul>\n<li><strong>10X Optical Zoom \/ 3x Digital Zoom<\/strong><\/li>\n<li><strong>4 Megabits Pixels<\/strong><\/li>\n<li><strong>Support TF Card \/ 2K Video Recording \/ 2K Photography<\/strong><\/li>\n<li><strong>3-axis Gimbal Stabilizer<\/strong><\/li>\n<li><strong>High-Precision FOC Control<\/strong><\/li>\n<li><strong>HDR (High Dynamic Range)<\/strong><\/li>\n<li><strong>Starlight Night Vision Camera<\/strong><\/li>\n<li><strong>F1.8 Aperture<\/strong><\/li>\n<\/ul>\n<div><\/div>","protected":false},"featured_media":17699,"comment_status":"open","ping_status":"closed","template":"","meta":{"_monsterinsights_skip_tracking":false,"_monsterinsights_sitenote_active":false,"_monsterinsights_sitenote_note":"","_monsterinsights_sitenote_category":0},"product_cat":[308,428],"product_tag":[],"aioseo_notices":[],"jetpack_sharing_enabled":true,"_links":{"self":[{"href":"https:\/\/digitaltarget.com.tr\/ar\/wp-json\/wp\/v2\/product\/17690"}],"collection":[{"href":"https:\/\/digitaltarget.com.tr\/ar\/wp-json\/wp\/v2\/product"}],"about":[{"href":"https:\/\/digitaltarget.com.tr\/ar\/wp-json\/wp\/v2\/types\/product"}],"replies":[{"embeddable":true,"href":"https:\/\/digitaltarget.com.tr\/ar\/wp-json\/wp\/v2\/comments?post=17690"}],"version-history":[{"count":4,"href":"https:\/\/digitaltarget.com.tr\/ar\/wp-json\/wp\/v2\/product\/17690\/revisions"}],"predecessor-version":[{"id":18939,"href":"https:\/\/digitaltarget.com.tr\/ar\/wp-json\/wp\/v2\/product\/17690\/revisions\/18939"}],"wp:featuredmedia":[{"embeddable":true,"href":"https:\/\/digitaltarget.com.tr\/ar\/wp-json\/wp\/v2\/media\/17699"}],"wp:attachment":[{"href":"https:\/\/digitaltarget.com.tr\/ar\/wp-json\/wp\/v2\/media?parent=17690"}],"wp:term":[{"taxonomy":"product_cat","embeddable":true,"href":"https:\/\/digitaltarget.com.tr\/ar\/wp-json\/wp\/v2\/product_cat?post=17690"},{"taxonomy":"product_tag","embeddable":true,"href":"https:\/\/digitaltarget.com.tr\/ar\/wp-json\/wp\/v2\/product_tag?post=17690"}],"curies":[{"name":"wp","href":"https:\/\/api.w.org\/{rel}","templated":true}]}}