{"id":17852,"date":"2024-01-27T10:03:42","date_gmt":"2024-01-27T10:03:42","guid":{"rendered":"https:\/\/digitaltarget.com.tr\/?post_type=product&#038;p=17852"},"modified":"2024-08-02T09:03:19","modified_gmt":"2024-08-02T09:03:19","slug":"10pcs-anti-vibration-rubber-damper-balls-for-f4-f7-flight-controller","status":"publish","type":"product","link":"https:\/\/digitaltarget.com.tr\/ar\/product\/10pcs-anti-vibration-rubber-damper-balls-for-f4-f7-flight-controller\/","title":{"rendered":"F4 F7 U\u00e7u\u015f Kontrol Cihaz\u0131 \u0130\u00e7in 10 Adet Anti Titre\u015fim Kau\u00e7uk S\u00f6n\u00fcmleyici Toplar"},"content":{"rendered":"<p><span data-spm-anchor-id=\"a2g0o.detail.1000023.i0.60bdccabv2kBUV\">Malzeme: kau\u00e7uk<\/span><\/p>\n<p>Maksimum d\u0131\u015f \u00e7ap: 4.4mm\/6mm<\/p>\n<p>Montaj \u00e7ap\u0131: 2mm\/3mm<\/p>\n<p>Y\u00fckseklik: yakla\u015f\u0131k 5.6mm\/6.6mm\/8mm<\/p>\n<p>Miktar: 10 adet<\/p>\n<p>&nbsp;<\/p>\n<p>\u00d6zellikler:<\/p>\n<p>RC titre\u015fim \u00f6nleyici kau\u00e7uk toplar, u\u00e7u\u015f kontrolc\u00fcs\u00fc i\u00e7in<\/p>\n<p>Bu titre\u015fim \u00f6nleyici kau\u00e7uk toplar, u\u00e7u\u015f kontrolc\u00fcs\u00fcn\u00fcn hassasiyetini etkili bir \u015fekilde azaltmaya yard\u0131mc\u0131 olabilir, u\u00e7u\u015fu daha stabil ve endi\u015fesiz hale getirebilir<\/p>\n<p>Yeni F4 F7 u\u00e7u\u015f kontrolc\u00fcleri i\u00e7in QAV250 &#038; ZMR250 gibi modellerde kullan\u0131labilir<\/p>\n<p>Uzun \u00f6m\u00fcrl\u00fc u\u00e7u\u015f i\u00e7in y\u00fcksek kaliteli kau\u00e7uktan \u00fcretilmi\u015ftir<\/p>\n<p>Not: OSD 8K&#8217;li mevcut F4 u\u00e7u\u015f kontrolc\u00fcleri ile uyumsuz<\/p>\n<p>&nbsp;<\/p>\n<p>Paket \u0130\u00e7eri\u011fi: 10 adet titre\u015fim \u00f6nleyici kau\u00e7uk top<\/p>","protected":false},"excerpt":{"rendered":"<p>Malzeme: kau\u00e7uk Maksimum d\u0131\u015f \u00e7ap: 4.4mm\/6mm Montaj \u00e7ap\u0131: 2mm\/3mm Y\u00fckseklik: yakla\u015f\u0131k 5.6mm\/6.6mm\/8mm Miktar: 10 adet &nbsp; \u00d6zellikler: RC titre\u015fim \u00f6nleyici<\/p>","protected":false},"featured_media":17854,"comment_status":"open","ping_status":"closed","template":"","meta":{"_monsterinsights_skip_tracking":false,"_monsterinsights_sitenote_active":false,"_monsterinsights_sitenote_note":"","_monsterinsights_sitenote_category":0},"product_cat":[431],"product_tag":[],"aioseo_notices":[],"jetpack_sharing_enabled":true,"_links":{"self":[{"href":"https:\/\/digitaltarget.com.tr\/ar\/wp-json\/wp\/v2\/product\/17852"}],"collection":[{"href":"https:\/\/digitaltarget.com.tr\/ar\/wp-json\/wp\/v2\/product"}],"about":[{"href":"https:\/\/digitaltarget.com.tr\/ar\/wp-json\/wp\/v2\/types\/product"}],"replies":[{"embeddable":true,"href":"https:\/\/digitaltarget.com.tr\/ar\/wp-json\/wp\/v2\/comments?post=17852"}],"version-history":[{"count":3,"href":"https:\/\/digitaltarget.com.tr\/ar\/wp-json\/wp\/v2\/product\/17852\/revisions"}],"predecessor-version":[{"id":19130,"href":"https:\/\/digitaltarget.com.tr\/ar\/wp-json\/wp\/v2\/product\/17852\/revisions\/19130"}],"wp:featuredmedia":[{"embeddable":true,"href":"https:\/\/digitaltarget.com.tr\/ar\/wp-json\/wp\/v2\/media\/17854"}],"wp:attachment":[{"href":"https:\/\/digitaltarget.com.tr\/ar\/wp-json\/wp\/v2\/media?parent=17852"}],"wp:term":[{"taxonomy":"product_cat","embeddable":true,"href":"https:\/\/digitaltarget.com.tr\/ar\/wp-json\/wp\/v2\/product_cat?post=17852"},{"taxonomy":"product_tag","embeddable":true,"href":"https:\/\/digitaltarget.com.tr\/ar\/wp-json\/wp\/v2\/product_tag?post=17852"}],"curies":[{"name":"wp","href":"https:\/\/api.w.org\/{rel}","templated":true}]}}