{"id":17857,"date":"2024-01-27T10:12:15","date_gmt":"2024-01-27T10:12:15","guid":{"rendered":"https:\/\/digitaltarget.com.tr\/?post_type=product&#038;p=17857"},"modified":"2024-12-19T14:31:09","modified_gmt":"2024-12-19T14:31:09","slug":"bubble-degree-marked-surface-spirit-level-for-camera-circular-32x7mm","status":"publish","type":"product","link":"https:\/\/digitaltarget.com.tr\/ar\/product\/bubble-degree-marked-surface-spirit-level-for-camera-circular-32x7mm\/","title":{"rendered":"Kamera Dairesel 32x7mm \u0130\u00e7in Kabarc\u0131k Derece \u0130\u015faretli Y\u00fczey Su Terazisi"},"content":{"rendered":"","protected":false},"excerpt":{"rendered":"","protected":false},"featured_media":17859,"comment_status":"open","ping_status":"closed","template":"","meta":{"_monsterinsights_skip_tracking":false,"_monsterinsights_sitenote_active":false,"_monsterinsights_sitenote_note":"","_monsterinsights_sitenote_category":0},"product_cat":[431],"product_tag":[],"aioseo_notices":[],"jetpack_sharing_enabled":true,"_links":{"self":[{"href":"https:\/\/digitaltarget.com.tr\/ar\/wp-json\/wp\/v2\/product\/17857"}],"collection":[{"href":"https:\/\/digitaltarget.com.tr\/ar\/wp-json\/wp\/v2\/product"}],"about":[{"href":"https:\/\/digitaltarget.com.tr\/ar\/wp-json\/wp\/v2\/types\/product"}],"replies":[{"embeddable":true,"href":"https:\/\/digitaltarget.com.tr\/ar\/wp-json\/wp\/v2\/comments?post=17857"}],"version-history":[{"count":2,"href":"https:\/\/digitaltarget.com.tr\/ar\/wp-json\/wp\/v2\/product\/17857\/revisions"}],"predecessor-version":[{"id":18934,"href":"https:\/\/digitaltarget.com.tr\/ar\/wp-json\/wp\/v2\/product\/17857\/revisions\/18934"}],"wp:featuredmedia":[{"embeddable":true,"href":"https:\/\/digitaltarget.com.tr\/ar\/wp-json\/wp\/v2\/media\/17859"}],"wp:attachment":[{"href":"https:\/\/digitaltarget.com.tr\/ar\/wp-json\/wp\/v2\/media?parent=17857"}],"wp:term":[{"taxonomy":"product_cat","embeddable":true,"href":"https:\/\/digitaltarget.com.tr\/ar\/wp-json\/wp\/v2\/product_cat?post=17857"},{"taxonomy":"product_tag","embeddable":true,"href":"https:\/\/digitaltarget.com.tr\/ar\/wp-json\/wp\/v2\/product_tag?post=17857"}],"curies":[{"name":"wp","href":"https:\/\/api.w.org\/{rel}","templated":true}]}}