{"id":17873,"date":"2024-01-27T22:31:31","date_gmt":"2024-01-27T22:31:31","guid":{"rendered":"https:\/\/digitaltarget.com.tr\/?post_type=product&#038;p=17873"},"modified":"2024-09-23T08:40:09","modified_gmt":"2024-09-23T08:40:09","slug":"dual-led-display-63a-80a-din-rail-230v-adjustable-voltage-surge-protector-relay","status":"publish","type":"product","link":"https:\/\/digitaltarget.com.tr\/ar\/product\/dual-led-display-63a-80a-din-rail-230v-adjustable-voltage-surge-protector-relay\/","title":{"rendered":"\u00c7ift LED Ekran 63A \/ 80A Din Ray 230V Ayarlanabilir Gerilim A\u015f\u0131r\u0131 Gerilim Koruma R\u00f6lesi"},"content":{"rendered":"<div data-spm-anchor-id=\"a2g0o.detail.1000023.i2.62d95d8aMNmVcA\">\n<h2>Ev Kullan\u0131m\u0131 \u00c7ift LED Ekran 63A 80A Din Ray 230V Ayarlanabilir Gerilim A\u015f\u0131r\u0131 Gerilim Koruma R\u00f6lesi Limit Ak\u0131m Korumas\u0131 ile<\/h2>\n<h3>\u00dcr\u00fcn Tan\u0131m\u0131<\/h3>\n<p>SVP serisi SINOTIMER marka otomatik a\u015f\u0131r\u0131 gerilim ve d\u00fc\u015f\u00fck gerilim koruyucusu, tek fazl\u0131 AC 230V veya 120V, 50\/60Hz, nominal \u00e7al\u0131\u015fma ak\u0131m\u0131 40A, 63A, 80A veya daha az y\u00fckler i\u00e7in uygundur. Esas olarak konut ev kutusu giri\u015fi veya tek fazl\u0131 elektrikli ekipmanlar i\u00e7in da\u011f\u0131t\u0131m hatlar\u0131n\u0131n a\u015f\u0131r\u0131 gerilim, d\u00fc\u015f\u00fck gerilim veya a\u015f\u0131r\u0131 ak\u0131m korumas\u0131 i\u00e7in kullan\u0131l\u0131r.<\/p>\n<p>Ana \u00f6zelli\u011fi, devrede a\u015f\u0131r\u0131 gerilim, d\u00fc\u015f\u00fck gerilim veya a\u015f\u0131r\u0131 ak\u0131m sorunlar\u0131 oldu\u011funda, \u00fcr\u00fcn\u00fcn elektrikli ekipman\u0131n hasar g\u00f6rmesini \u00f6nlemek i\u00e7in g\u00fc\u00e7 kayna\u011f\u0131n\u0131 an\u0131nda kesebilmesidir. Ayr\u0131ca, devre voltaj\u0131 normale d\u00f6nd\u00fc\u011f\u00fcnde koruyucu otomatik olarak g\u00fc\u00e7 kayna\u011f\u0131n\u0131 a\u00e7abilir.<\/p>\n<h3>Fonksiyonlar:<\/h3>\n<ol>\n<li><strong>A\u015f\u0131r\u0131 voltaj korumas\u0131<\/strong><\/li>\n<li><strong>D\u00fc\u015f\u00fck voltaj korumas\u0131<\/strong><\/li>\n<li><strong>A\u015f\u0131r\u0131 ak\u0131m korumas\u0131<\/strong><\/li>\n<li><strong>Otomatik kurtarma<\/strong><\/li>\n<li class=\" translation-block\"><strong>Voltaj g\u00f6stergesi<\/strong> (voltaj \u00f6l\u00e7\u00fcm\u00fc)<\/li>\n<li class=\" translation-block\"><strong>Ak\u0131m g\u00f6stergesi<\/strong> (ak\u0131m \u00f6l\u00e7\u00fcm\u00fc)<\/li>\n<\/ol>\n<blockquote><p>Sadece 80A modelinde ye\u015fil ve k\u0131rm\u0131z\u0131 LED bulunur, di\u011fer modellerde sadece k\u0131rm\u0131z\u0131 LED bulunur.<\/p><\/blockquote>\n<h3>K\u0131lavuz Dillerimiz:<\/h3>\n<p>\u0130ngilizce, Rus\u00e7a ve Portekizce&#8217;dir. Bize e-posta adresinizi belirtin, size k\u0131lavuzu g\u00f6nderelim.<\/p>\n<h3>\u00dcr\u00fcn Parametreleri:<\/h3>\n<ol>\n<li class=\" translation-block\"><strong>Model Numaras\u0131:<\/strong> SVP916<\/li>\n<li class=\" translation-block\"><strong>G\u00fc\u00e7 Kayna\u011f\u0131:<\/strong> 230VAC 50\/60Hz veya 120VAC 50\/60Hz<\/li>\n<li><strong>Maksimum Y\u00fckleme G\u00fcc\u00fc:<\/strong>\n<ul>\n<li>1~40A Ayarlanabilir (varsay\u0131lan: 40A)<\/li>\n<li>1~63A Ayarlanabilir (varsay\u0131lan: 63A)<\/li>\n<li>1~80A Ayarlanabilir (varsay\u0131lan: 80A)<\/li>\n<\/ul>\n<\/li>\n<li><strong>A\u015f\u0131r\u0131 Voltaj Koruma De\u011feri Aral\u0131\u011f\u0131:<\/strong> 221V<del>300V<\/del>KAPALI (varsay\u0131lan: 280V)\n<ul>\n<li><strong>A\u015f\u0131r\u0131 Voltaj Kurtarma Voltaj\u0131 Aral\u0131\u011f\u0131:<\/strong> 220V~299V (varsay\u0131lan: 250V)<\/li>\n<li><strong>A\u015f\u0131r\u0131 Voltaj Korumas\u0131 Eylem S\u00fcresi:<\/strong> 0,1s~10s (varsay\u0131lan: 0,1s)<\/li>\n<\/ul>\n<\/li>\n<li><strong>D\u00fc\u015f\u00fck Voltaj Koruma De\u011feri Aral\u0131\u011f\u0131:<\/strong> 219V<del>150V<\/del>KAPALI (varsay\u0131lan: 160V)\n<ul>\n<li><strong>D\u00fc\u015f\u00fck Voltaj Kurtarma Voltaj\u0131 Aral\u0131\u011f\u0131:<\/strong> 151V~220V (varsay\u0131lan: 180V)<\/li>\n<li><strong>D\u00fc\u015f\u00fck Voltaj Korumas\u0131 Eylem S\u00fcresi:<\/strong> 0,1s~10s (varsay\u0131lan: 0,1s)<\/li>\n<\/ul>\n<\/li>\n<li><strong>A\u015f\u0131r\u0131 Ak\u0131m Ayar Aral\u0131\u011f\u0131:<\/strong> 1~40A (varsay\u0131lan: 40A)\n<ul>\n<li><strong>A\u015f\u0131r\u0131 Ak\u0131m Eylem S\u00fcresi:<\/strong> 0,1~512 saniye (varsay\u0131lan: 5,0s)<\/li>\n<\/ul>\n<\/li>\n<li class=\" translation-block\"><strong>Kurtarma Gecikmesi S\u00fcresi:<\/strong> 2s~120s (varsay\u0131lan: 60s)<\/li>\n<li class=\" translation-block\"><strong>G\u00fc\u00e7 A\u00e7ma Gecikme S\u00fcresi:<\/strong> 2s~10s (varsay\u0131lan: 2s)<\/li>\n<li class=\" translation-block\"><strong>G\u00fc\u00e7 T\u00fcketimi:<\/strong> &lt;2W<\/li>\n<li class=\" translation-block\"><strong>Elektrikli Makine \u00d6mr\u00fc:<\/strong> 100.000 kez<\/li>\n<li class=\" translation-block\"><strong>Kurulum:<\/strong> 35mm DIN ray\u0131<\/li>\n<\/ol>\n<\/div>","protected":false},"excerpt":{"rendered":"<p>Ev Kullan\u0131m\u0131 \u00c7ift LED Ekran 63A 80A Din Ray 230V Ayarlanabilir Gerilim A\u015f\u0131r\u0131 Gerilim Koruma R\u00f6lesi Limit Ak\u0131m Korumas\u0131 ile<\/p>","protected":false},"featured_media":17875,"comment_status":"open","ping_status":"closed","template":"","meta":{"_monsterinsights_skip_tracking":false,"_monsterinsights_sitenote_active":false,"_monsterinsights_sitenote_note":"","_monsterinsights_sitenote_category":0},"product_cat":[445],"product_tag":[],"aioseo_notices":[],"jetpack_sharing_enabled":true,"_links":{"self":[{"href":"https:\/\/digitaltarget.com.tr\/ar\/wp-json\/wp\/v2\/product\/17873"}],"collection":[{"href":"https:\/\/digitaltarget.com.tr\/ar\/wp-json\/wp\/v2\/product"}],"about":[{"href":"https:\/\/digitaltarget.com.tr\/ar\/wp-json\/wp\/v2\/types\/product"}],"replies":[{"embeddable":true,"href":"https:\/\/digitaltarget.com.tr\/ar\/wp-json\/wp\/v2\/comments?post=17873"}],"version-history":[{"count":3,"href":"https:\/\/digitaltarget.com.tr\/ar\/wp-json\/wp\/v2\/product\/17873\/revisions"}],"predecessor-version":[{"id":18933,"href":"https:\/\/digitaltarget.com.tr\/ar\/wp-json\/wp\/v2\/product\/17873\/revisions\/18933"}],"wp:featuredmedia":[{"embeddable":true,"href":"https:\/\/digitaltarget.com.tr\/ar\/wp-json\/wp\/v2\/media\/17875"}],"wp:attachment":[{"href":"https:\/\/digitaltarget.com.tr\/ar\/wp-json\/wp\/v2\/media?parent=17873"}],"wp:term":[{"taxonomy":"product_cat","embeddable":true,"href":"https:\/\/digitaltarget.com.tr\/ar\/wp-json\/wp\/v2\/product_cat?post=17873"},{"taxonomy":"product_tag","embeddable":true,"href":"https:\/\/digitaltarget.com.tr\/ar\/wp-json\/wp\/v2\/product_tag?post=17873"}],"curies":[{"name":"wp","href":"https:\/\/api.w.org\/{rel}","templated":true}]}}