{"id":17888,"date":"2024-01-27T23:03:24","date_gmt":"2024-01-27T23:03:24","guid":{"rendered":"https:\/\/digitaltarget.com.tr\/?post_type=product&#038;p=17888"},"modified":"2024-12-19T14:31:23","modified_gmt":"2024-12-19T14:31:23","slug":"lcd-63a-80a-230v-ac-auto-reconnect-voltage-protector-over-current-protection-relay-with-cycle-countdown-function","status":"publish","type":"product","link":"https:\/\/digitaltarget.com.tr\/ar\/product\/lcd-63a-80a-230v-ac-auto-reconnect-voltage-protector-over-current-protection-relay-with-cycle-countdown-function\/","title":{"rendered":"LCD 63A \/ 80A 230V AC Otomatik Yeniden Ba\u011flant\u0131 Gerilim Koruyucu A\u015f\u0131r\u0131 Ak\u0131m Koruma R\u00f6lesi D\u00f6ng\u00fc Geri Say\u0131m Fonksiyonu ile"},"content":{"rendered":"<h3>Fonksiyonlar:<\/h3>\n<ol>\n<li><strong>A\u015f\u0131r\u0131 voltaj korumas\u0131<\/strong><\/li>\n<li><strong>D\u00fc\u015f\u00fck voltaj korumas\u0131<\/strong><\/li>\n<li><strong>A\u015f\u0131r\u0131 ak\u0131m korumas\u0131<\/strong><\/li>\n<li><strong>Otomatik kesme<\/strong><\/li>\n<li class=\" translation-block\"><strong>Voltaj g\u00f6stergesi<\/strong> (voltaj g\u00f6r\u00fcnt\u00fcleri)<\/li>\n<li class=\" translation-block\"><strong>Ak\u0131m g\u00f6stergesi<\/strong> (ak\u0131m g\u00f6r\u00fcnt\u00fcleri)<\/li>\n<li class=\" translation-block\"><strong>KWH g\u00f6stergesi<\/strong> (kwh \u0131\u015f\u0131nlar\u0131)<\/li>\n<li><strong>Ge\u00e7ici KWH s\u0131f\u0131rlanabilir<\/strong><\/li>\n<li><strong>Hatal\u0131 soru\u015fturma<\/strong><\/li>\n<li><strong>\u00c7evrim geri say\u0131m say\u0131s\u0131<\/strong><\/li>\n<\/ol>\n<p>\u0130ngilizce, Rus\u00e7a ve Portekizce el kitab\u0131m\u0131z var. Bize e-posta adresinizi belirtirseniz, size ba\u011flant\u0131 kurar\u0131z.<\/p>\n<h3>\u00dcr\u00fcn Kopyas\u0131:<\/h3>\n<ol>\n<li class=\" translation-block\"><strong>Model Numaras\u0131:<\/strong> SVP-977<\/li>\n<li class=\" translation-block\"><strong>G\u00fc\u00e7 Kayna\u011f\u0131:<\/strong> 230VAC 50\/60Hz<\/li>\n<li class=\" translation-block\"><strong>Maks. G\u00fc\u00e7:<\/strong> 1 ~ 63A\/80A ayarlanabilir (varsay\u0131lan: 63\/80A)<\/li>\n<li><strong>A\u015f\u0131r\u0131 voltaj koruma de\u011feri aral\u0131\u011f\u0131:<\/strong> 221V ~ 300V (varsay\u0131lan: 280V)\n<ul>\n<li><strong>A\u015f\u0131r\u0131 voltaj durma voltaj aral\u0131\u011f\u0131:<\/strong> 220V ~ 299V (varsay\u0131lan: 250V)<\/li>\n<li><strong>A\u015f\u0131r\u0131 voltaj koruma i\u015flemi s\u00fcresi:<\/strong> 0.1s ~ 10s (varsay\u0131lan: 0.1s)<\/li>\n<\/ul>\n<\/li>\n<li><strong>D\u00fc\u015f\u00fck voltaj koruma de\u011feri aral\u0131\u011f\u0131:<\/strong> 219V ~ 150V (varsay\u0131lan: 160V)\n<ul>\n<li><strong>D\u00fc\u015f\u00fck voltaj durdurma voltaj aral\u0131\u011f\u0131:<\/strong> 151V ~ 220V (varsay\u0131lan: 180V)<\/li>\n<li><strong>D\u00fc\u015f\u00fck voltaj koruma s\u00fcresi:<\/strong> 0.1s ~ 10s (varsay\u0131lan: 0.1s)<\/li>\n<\/ul>\n<\/li>\n<li><strong>A\u015f\u0131r\u0131 ak\u0131m ayar aral\u0131\u011f\u0131:<\/strong> 1 ~ 63A\/80A (varsay\u0131lan: 63\/80A)\n<ul>\n<li><strong>A\u015f\u0131r\u0131 ak\u0131m eylem s\u00fcresi:<\/strong> 0.1 ~ 512 saniye (varsay\u0131lan: 5.0s)<\/li>\n<\/ul>\n<\/li>\n<li class=\" translation-block\"><strong>Kurtarma gecikme s\u00fcresi:<\/strong> 2s ~ 600s (varsay\u0131lan: 60s)<\/li>\n<li class=\" translation-block\"><strong>G\u00fc\u00e7 gecikme s\u00fcresi:<\/strong> 2s ~ 255s (varsay\u0131lan: 2s)<\/li>\n<li class=\" translation-block\"><strong>G\u00fc\u00e7 t\u00fcketimi:<\/strong> &lt;2W<\/li>\n<li class=\" translation-block\"><strong>Elektrikli makine \u00f6mr\u00fc:<\/strong> 100.000 kez<\/li>\n<li class=\" translation-block\"><strong>Kurulum:<\/strong> 35mm DIN ray<\/li>\n<\/ol>\n<p>&nbsp;<\/p>","protected":false},"excerpt":{"rendered":"<p>Fonksiyonlar: A\u015f\u0131r\u0131 voltaj korumas\u0131 D\u00fc\u015f\u00fck voltaj korumas\u0131 A\u015f\u0131r\u0131 ak\u0131m korumas\u0131 Otomatik kesme Voltaj g\u00f6stergesi (voltaj g\u00f6r\u00fcnt\u00fcleri) Ak\u0131m g\u00f6stergesi (ak\u0131m g\u00f6r\u00fcnt\u00fcleri)<\/p>","protected":false},"featured_media":17891,"comment_status":"open","ping_status":"closed","template":"","meta":{"_monsterinsights_skip_tracking":false,"_monsterinsights_sitenote_active":false,"_monsterinsights_sitenote_note":"","_monsterinsights_sitenote_category":0},"product_cat":[445],"product_tag":[],"aioseo_notices":[],"jetpack_sharing_enabled":true,"_links":{"self":[{"href":"https:\/\/digitaltarget.com.tr\/ar\/wp-json\/wp\/v2\/product\/17888"}],"collection":[{"href":"https:\/\/digitaltarget.com.tr\/ar\/wp-json\/wp\/v2\/product"}],"about":[{"href":"https:\/\/digitaltarget.com.tr\/ar\/wp-json\/wp\/v2\/types\/product"}],"replies":[{"embeddable":true,"href":"https:\/\/digitaltarget.com.tr\/ar\/wp-json\/wp\/v2\/comments?post=17888"}],"version-history":[{"count":3,"href":"https:\/\/digitaltarget.com.tr\/ar\/wp-json\/wp\/v2\/product\/17888\/revisions"}],"predecessor-version":[{"id":18931,"href":"https:\/\/digitaltarget.com.tr\/ar\/wp-json\/wp\/v2\/product\/17888\/revisions\/18931"}],"wp:featuredmedia":[{"embeddable":true,"href":"https:\/\/digitaltarget.com.tr\/ar\/wp-json\/wp\/v2\/media\/17891"}],"wp:attachment":[{"href":"https:\/\/digitaltarget.com.tr\/ar\/wp-json\/wp\/v2\/media?parent=17888"}],"wp:term":[{"taxonomy":"product_cat","embeddable":true,"href":"https:\/\/digitaltarget.com.tr\/ar\/wp-json\/wp\/v2\/product_cat?post=17888"},{"taxonomy":"product_tag","embeddable":true,"href":"https:\/\/digitaltarget.com.tr\/ar\/wp-json\/wp\/v2\/product_tag?post=17888"}],"curies":[{"name":"wp","href":"https:\/\/api.w.org\/{rel}","templated":true}]}}