{"id":17898,"date":"2024-01-27T23:13:01","date_gmt":"2024-01-27T23:13:01","guid":{"rendered":"https:\/\/digitaltarget.com.tr\/?post_type=product&#038;p=17898"},"modified":"2025-07-22T13:38:48","modified_gmt":"2025-07-22T13:38:48","slug":"2pcs-fpv-5-8ghz-right-angle-mushroom-rp-sma-antenna-gains-fpv-aerial-photo-for-rc-ground-station-dji-phantom-qav250","status":"publish","type":"product","link":"https:\/\/digitaltarget.com.tr\/ar\/product\/2pcs-fpv-5-8ghz-right-angle-mushroom-rp-sma-antenna-gains-fpv-aerial-photo-for-rc-ground-station-dji-phantom-qav250\/","title":{"rendered":"2 ADET FPV 5.8 Ghz Dik A\u00e7\u0131 Mantar RP-SMA Anten Kazan\u00e7lar\u0131 FPV Hava Foto\u011fraf\u0131 RC Yer \u0130stasyonu DJI Phantom QAV250"},"content":{"rendered":"<p class=\" translation-block\">Yepyeni bir tasar\u0131m, FPV hava foto\u011fraflar\u0131 i\u00e7in 5.8G Anten kazan\u00e7lar\u0131.<br>\r\nT\u00fcm \u00fcr\u00fcnler s\u0131k\u0131 bir teste tabi tutulmu\u015ftur, ayakta dalga oran\u0131 1.5\u2019ten d\u00fc\u015f\u00fckt\u00fcr.<br>\r\nBu, FPV i\u00e7in tam olarak ilk tercihtir ve f\u0131rlatma mesafesini ve a\u00e7\u0131s\u0131n\u0131 etkili bir \u015fekilde geni\u015fletebilir.<br>\r\nMavi k\u0131s\u0131m b\u00fck\u00fclebilir.<br>\r\nGGSM: 5.72G 5.74G<br>\r\n\u0130\u00e7 delikli L \u015fekli.<\/p>\n<p class=\" translation-block\">\u00d6zellikler:<br>\r\nPaket boyutu: 11.3 * 8.6 * 4cm \/ 4.4 * 3.4 * 1.6in<br>\r\nPaket a\u011f\u0131rl\u0131\u011f\u0131: 63g \/ 2.2oz<\/p>\n<p class=\" translation-block\">Paket Listesi:<br>\r\n1 * RX RP-SMA Anten Kazanc\u0131<br>\r\n1 * TX RP-SMA Anten Kazanc\u0131<\/p>","protected":false},"excerpt":{"rendered":"<p>Yepyeni bir tasar\u0131m, FPV hava foto\u011fraflar\u0131 i\u00e7in 5.8G Anten kazan\u00e7lar\u0131. T\u00fcm \u00fcr\u00fcnler s\u0131k\u0131 bir teste tabi tutulmu\u015ftur, ayakta dalga oran\u0131<\/p>","protected":false},"featured_media":17900,"comment_status":"open","ping_status":"closed","template":"","meta":{"_monsterinsights_skip_tracking":false,"_monsterinsights_sitenote_active":false,"_monsterinsights_sitenote_note":"","_monsterinsights_sitenote_category":0},"product_cat":[446],"product_tag":[],"aioseo_notices":[],"jetpack_sharing_enabled":true,"_links":{"self":[{"href":"https:\/\/digitaltarget.com.tr\/ar\/wp-json\/wp\/v2\/product\/17898"}],"collection":[{"href":"https:\/\/digitaltarget.com.tr\/ar\/wp-json\/wp\/v2\/product"}],"about":[{"href":"https:\/\/digitaltarget.com.tr\/ar\/wp-json\/wp\/v2\/types\/product"}],"replies":[{"embeddable":true,"href":"https:\/\/digitaltarget.com.tr\/ar\/wp-json\/wp\/v2\/comments?post=17898"}],"version-history":[{"count":3,"href":"https:\/\/digitaltarget.com.tr\/ar\/wp-json\/wp\/v2\/product\/17898\/revisions"}],"predecessor-version":[{"id":18929,"href":"https:\/\/digitaltarget.com.tr\/ar\/wp-json\/wp\/v2\/product\/17898\/revisions\/18929"}],"wp:featuredmedia":[{"embeddable":true,"href":"https:\/\/digitaltarget.com.tr\/ar\/wp-json\/wp\/v2\/media\/17900"}],"wp:attachment":[{"href":"https:\/\/digitaltarget.com.tr\/ar\/wp-json\/wp\/v2\/media?parent=17898"}],"wp:term":[{"taxonomy":"product_cat","embeddable":true,"href":"https:\/\/digitaltarget.com.tr\/ar\/wp-json\/wp\/v2\/product_cat?post=17898"},{"taxonomy":"product_tag","embeddable":true,"href":"https:\/\/digitaltarget.com.tr\/ar\/wp-json\/wp\/v2\/product_tag?post=17898"}],"curies":[{"name":"wp","href":"https:\/\/api.w.org\/{rel}","templated":true}]}}