{"id":17903,"date":"2024-01-29T09:05:55","date_gmt":"2024-01-29T09:05:55","guid":{"rendered":"https:\/\/digitaltarget.com.tr\/?post_type=product&#038;p=17903"},"modified":"2025-07-22T13:38:39","modified_gmt":"2025-07-22T13:38:39","slug":"fpv-5-8ghz-5-8g-14dbi-high-gain-panel-antenna-for-rx-w-angle-rt-sma","status":"publish","type":"product","link":"https:\/\/digitaltarget.com.tr\/ar\/product\/fpv-5-8ghz-5-8g-14dbi-high-gain-panel-antenna-for-rx-w-angle-rt-sma\/","title":{"rendered":"FPV 5.8Ghz 5.8g 14dbi Rx w \/ Angle RT-SMA i\u00e7in Y\u00fcksek Kazan\u00e7l\u0131 Panel Anten"},"content":{"rendered":"<p>FPV 5.8Ghz 5.8g 14dbi Rx i\u00e7in Y\u00fcksek Kazan\u00e7l\u0131 Panel Anten w \/ A\u00e7\u0131l\u0131 RT-SMA Di\u015fi Anten Tx i\u00e7in Kazan\u00e7lar<\/p>\n<p>Yepyeni bir tasar\u0131m, FPV hava foto\u011fraf\u0131 i\u00e7in 5.8 G Anten kazan\u00e7lar\u0131.<\/p>\n<p>T\u00fcm \u00fcr\u00fcnlerin s\u0131k\u0131 bir testi vard\u0131r, duran dalga oran\u0131 1,5&#8217;ten d\u00fc\u015f\u00fckt\u00fcr.<\/p>\n<p>Bu, FPV i\u00e7in tam olarak ilk tercihtir ve f\u0131rlatma mesafesini ve a\u00e7\u0131s\u0131n\u0131 etkili bir \u015fekilde geni\u015fletebilir.<\/p>\n<p>Mavi k\u0131s\u0131m b\u00fck\u00fclebilir.<\/p>\n<p>GGSM: 5.8G<\/p>\n<p>\u0130\u00e7 delikli L \u015fekli<\/p>\n<p>A\u011f\u0131rl\u0131k: 32g<\/p>\n<p>&nbsp;<\/p>\n<p>RC FPV, mini boyut, y\u00fcksek kazan\u00e7, d\u00fc\u015f\u00fck SWR ve her a\u00e7\u0131da y\u00fcksek kendini kurtarma i\u015flevi i\u00e7in \u00f6zel olarak tasarlanm\u0131\u015ft\u0131r.<\/p>\n<p>\u0130letim mesafesi: 5.8G 1200mw VTX \/ RX ile 15km.<\/p>\n<p>5.8G 600mw VTX \/ RX ile 5km.<\/p>\n<p>Frekans: 5600-5950 MHz<\/p>\n<p>Kazan\u00e7-dBi: 14dBi<\/p>\n<p>3db dikey \u0131\u015f\u0131n geni\u015fli\u011fi: 40 derece<\/p>\n<p>3db Yatay I\u015f\u0131n geni\u015fli\u011fi: 35 derece<\/p>\n<p>Empedans: 50 ohm<\/p>\n<p>Polarizasyon: Dikey<\/p>\n<p>Yan lob bast\u0131rma:&gt;=13DB<\/p>\n<p>VSWR: =25DB<\/p>\n<p>Maksimum G\u00fc\u00e7: 50W<\/p>\n<p>Konekt\u00f6r: rp-SMA<\/p>\n<p>Boyutlar: 60*55*6mm<\/p>\n<p>DC Toprakl\u0131<\/p>\n<p>Y\u00fcksek kendini kurtarma fonksiyonu.<\/p>\n<p>A\u011f\u0131rl\u0131k: 34g<\/p>\n<p>&nbsp;<\/p>\n<p>Toplam a\u011f\u0131rl\u0131k: 66g<\/p>\n<p>&nbsp;<\/p>\n<p>Paket \u0130\u00e7eri\u011fi:<\/p>\n<p>1* 5.8G 14dBi panel anten<\/p>\n<p>1* RX-SMS anten kazanc\u0131<\/p>","protected":false},"excerpt":{"rendered":"<p>FPV 5.8Ghz 5.8g 14dbi Rx i\u00e7in Y\u00fcksek Kazan\u00e7l\u0131 Panel Anten w \/ A\u00e7\u0131l\u0131 RT-SMA Di\u015fi Anten Tx i\u00e7in Kazan\u00e7lar Yepyeni<\/p>","protected":false},"featured_media":17905,"comment_status":"open","ping_status":"closed","template":"","meta":{"_monsterinsights_skip_tracking":false,"_monsterinsights_sitenote_active":false,"_monsterinsights_sitenote_note":"","_monsterinsights_sitenote_category":0},"product_cat":[446],"product_tag":[],"aioseo_notices":[],"jetpack_sharing_enabled":true,"_links":{"self":[{"href":"https:\/\/digitaltarget.com.tr\/ar\/wp-json\/wp\/v2\/product\/17903"}],"collection":[{"href":"https:\/\/digitaltarget.com.tr\/ar\/wp-json\/wp\/v2\/product"}],"about":[{"href":"https:\/\/digitaltarget.com.tr\/ar\/wp-json\/wp\/v2\/types\/product"}],"replies":[{"embeddable":true,"href":"https:\/\/digitaltarget.com.tr\/ar\/wp-json\/wp\/v2\/comments?post=17903"}],"version-history":[{"count":3,"href":"https:\/\/digitaltarget.com.tr\/ar\/wp-json\/wp\/v2\/product\/17903\/revisions"}],"predecessor-version":[{"id":18927,"href":"https:\/\/digitaltarget.com.tr\/ar\/wp-json\/wp\/v2\/product\/17903\/revisions\/18927"}],"wp:featuredmedia":[{"embeddable":true,"href":"https:\/\/digitaltarget.com.tr\/ar\/wp-json\/wp\/v2\/media\/17905"}],"wp:attachment":[{"href":"https:\/\/digitaltarget.com.tr\/ar\/wp-json\/wp\/v2\/media?parent=17903"}],"wp:term":[{"taxonomy":"product_cat","embeddable":true,"href":"https:\/\/digitaltarget.com.tr\/ar\/wp-json\/wp\/v2\/product_cat?post=17903"},{"taxonomy":"product_tag","embeddable":true,"href":"https:\/\/digitaltarget.com.tr\/ar\/wp-json\/wp\/v2\/product_tag?post=17903"}],"curies":[{"name":"wp","href":"https:\/\/api.w.org\/{rel}","templated":true}]}}