{"id":17922,"date":"2024-01-29T09:28:32","date_gmt":"2024-01-29T09:28:32","guid":{"rendered":"https:\/\/digitaltarget.com.tr\/?post_type=product&#038;p=17922"},"modified":"2024-08-02T08:46:58","modified_gmt":"2024-08-02T08:46:58","slug":"mk32-handheld-ground-station-standard-combo-mk32-ground-mk32-air","status":"publish","type":"product","link":"https:\/\/digitaltarget.com.tr\/ar\/product\/mk32-handheld-ground-station-standard-combo-mk32-ground-mk32-air\/","title":{"rendered":"MK32 El Tipi Yer \u0130stasyonu Standart Kombo MK32 Yer + MK32 Hava"},"content":{"rendered":"<div class=\"nei9c\">\n<table border=\"0\" width=\"100%\" cellspacing=\"0\" cellpadding=\"0\">\n<tbody>\n<tr>\n<td bgcolor=\"#e9e9e9\" width=\"34%\">Maksimum \u0130letim Menzili<\/td>\n<td class=\"da\" bgcolor=\"#e9e9e9\" width=\"66%\">15 km<\/p>\n<p>(Engelsiz, parazitsiz)<\/td>\n<\/tr>\n<tr>\n<td>Kanallar<\/td>\n<td class=\"da\">16 fiziksel kanal<\/p>\n<p>16 ileti\u015fim kanal\u0131<\/td>\n<\/tr>\n<tr>\n<td bgcolor=\"#e9e9e9\" width=\"34%\">Datalink Uyumlu U\u00e7u\u015f Kontrol\u00f6rleri<\/td>\n<td class=\"da\" bgcolor=\"#e9e9e9\" width=\"66%\">PX4 \/ Ardupilot A\u00e7\u0131k Kaynak U\u00e7u\u015f Kontrol\u00f6rleri:<\/p>\n<p>SIYI N7, vb.<\/p>\n<p>Tar\u0131m U\u00e7u\u015f Kontrol\u00f6rleri:<\/p>\n<p>BOYING Paladin V2<\/p>\n<p>JIYI K++ V2 \/ K3A Pro<\/p>\n<p>VK V7AG \/ V9AG<\/td>\n<\/tr>\n<tr>\n<td>Video Ak\u0131\u015f\u0131 Uyumlu Android GCS<\/td>\n<td class=\"da\">SIYI Orijinal Uygulamas\u0131:<\/p>\n<p>SIYI FPV<\/p>\n<p>A\u00e7\u0131k Kaynak GCS:<\/p>\n<p>QGroundControl<\/p>\n<p>Mission Planner<\/p>\n<p>Tar\u0131m GCS:<\/p>\n<p>BOYING Agriculture<\/p>\n<p>JIYI Agri-Assistant \/ IFLY<\/p>\n<p>VK Agriculture<\/td>\n<\/tr>\n<tr>\n<td bgcolor=\"#e9e9e9\" width=\"34%\">Video Ak\u0131\u015f\u0131 Uyumlu Windows GCS<\/td>\n<td class=\"da\" bgcolor=\"#e9e9e9\" width=\"66%\">A\u00e7\u0131k Kaynak GCS:<\/p>\n<p>QGroundControl<\/p>\n<p>Mission Planner (sadece H264)<\/td>\n<\/tr>\n<\/tbody>\n<\/table>\n<\/div>\n<div class=\"nei9c\">\n<div class=\"nei9c1\">Uzaktan Kumanda (Yer \u00dcnitesi)<\/div>\n<table border=\"0\" width=\"100%\" cellspacing=\"0\" cellpadding=\"0\">\n<tbody>\n<tr>\n<td bgcolor=\"#e9e9e9\" width=\"34%\">Monit\u00f6r<\/td>\n<td class=\"da\" bgcolor=\"#e9e9e9\" width=\"66%\">7 in\u00e7 Y\u00fcksek \u00c7\u00f6z\u00fcn\u00fcrl\u00fck ve Y\u00fcksek Parlakl\u0131k LCD Dokunmatik Ekran<\/td>\n<\/tr>\n<tr>\n<td>Sistem<\/td>\n<td class=\"da\">Android 9.0 OS<\/p>\n<p>4G RAM, 64G ROM<\/td>\n<\/tr>\n<tr>\n<td bgcolor=\"#e9e9e9\" width=\"34%\">Batarya Kapasitesi ve Tipi<\/td>\n<td class=\"da\" bgcolor=\"#e9e9e9\" width=\"66%\">10200 mAh 7.4V 2S Li-ion<\/p>\n<p>75.48 Wh<\/td>\n<\/tr>\n<tr>\n<td>H\u0131zl\u0131 \u015earj Protokol\u00fc<\/td>\n<td class=\"da\">PD 30W<\/td>\n<\/tr>\n<tr>\n<td bgcolor=\"#e9e9e9\" width=\"34%\">\u015earj S\u00fcresi<\/td>\n<td class=\"da\" bgcolor=\"#e9e9e9\" width=\"66%\">3.5 saat (PD 30W)<\/td>\n<\/tr>\n<tr>\n<td>Batarya \u00d6mr\u00fc<\/td>\n<td class=\"da\">10 saat<\/td>\n<\/tr>\n<tr>\n<td bgcolor=\"#e9e9e9\" width=\"34%\">Anten Kazanc\u0131<\/td>\n<td class=\"da\" bgcolor=\"#e9e9e9\" width=\"66%\">Omni Anten: 5 dBi<\/p>\n<p>Uzun Menzil Anteni: 11 dBi<\/p>\n<p>Lollipop Anteni: 5 dBi (iste\u011fe ba\u011fl\u0131)<\/td>\n<\/tr>\n<tr>\n<td>Aray\u00fcz ve Portlar<\/td>\n<td class=\"da\">Video \u00c7\u0131k\u0131\u015f\u0131: Standart HDMI<\/p>\n<p>Harici Cihaz (Fare, USB Disk): USB-A<\/p>\n<p>\u015earj: Type-C<\/p>\n<p>Firmware G\u00fcncellemesi: Type-C<\/p>\n<p>Dosya Transferi: Type-C \/ USB-A<\/p>\n<p>Mobil A\u011f: SIM Kart Yuvas\u0131<\/p>\n<p>Harici Depolama: TF Kart Yuvas\u0131 \/ USB-A<\/p>\n<p>\u0130leti\u015fim Portu: LAN (Ethernet)<\/p>\n<p>RC Sinyal Giri\u015f \/ \u00c7\u0131k\u0131\u015f: Alt Ses Portu<\/td>\n<\/tr>\n<tr>\n<td bgcolor=\"#e9e9e9\" width=\"34%\">Boyutlar (Anten Dahil)<\/td>\n<td class=\"da\" bgcolor=\"#e9e9e9\" width=\"66%\">308 x 148 x 72 mm<\/td>\n<\/tr>\n<tr>\n<td>A\u011f\u0131rl\u0131k (Anten Dahil)<\/td>\n<td class=\"da\">1440 g<\/td>\n<\/tr>\n<tr>\n<td bgcolor=\"#e9e9e9\" width=\"34%\">Su Ge\u00e7irmezlik Seviyesi<\/td>\n<td class=\"da\" bgcolor=\"#e9e9e9\" width=\"66%\">IP4X<\/td>\n<\/tr>\n<tr>\n<td>\u00c7al\u0131\u015fma S\u0131cakl\u0131\u011f\u0131<\/td>\n<td class=\"da\">-10\u2103 ~ 50\u2103<\/td>\n<\/tr>\n<\/tbody>\n<\/table>\n<\/div>\n<div class=\"nei9c\">\n<div class=\"nei9c1\">Hava \u00dcnitesi<\/div>\n<table border=\"0\" width=\"100%\" cellspacing=\"0\" cellpadding=\"0\">\n<tbody>\n<tr>\n<td bgcolor=\"#e9e9e9\" width=\"34%\">Sinyal \u00c7\u0131k\u0131\u015f\u0131<\/td>\n<td class=\"da\" bgcolor=\"#e9e9e9\" width=\"66%\">16 kanall\u0131 SBUS<\/p>\n<p>5 kanall\u0131 PWM<\/td>\n<\/tr>\n<tr>\n<td>Aray\u00fcz ve Portlar<\/td>\n<td class=\"da\">S.Bus RC Sinyal \u00c7\u0131k\u0131\u015f\u0131: SBUS (GH1.25 3-Pin)<\/p>\n<p>Datalink (FC&#8217;ye): UART (GH1.25 4-Pin)<\/p>\n<p>PWM Kanal 1&#8217;den 5&#8217;e: PWM (GH1.25 6-Pin)<\/p>\n<p>Video Giri\u015fi \/ A\u011f \u0130leti\u015fimi: LAN (GH1.25 8-Pin)<\/p>\n<p>Firmware G\u00fcncellemesi: Type-C<\/td>\n<\/tr>\n<tr>\n<td bgcolor=\"#e9e9e9\" width=\"34%\">Anten Kazanc\u0131<\/td>\n<td class=\"da\" bgcolor=\"#e9e9e9\" width=\"66%\">Omni Anten: 5 dBi<\/p>\n<p>Lollipop Anteni: 5 dBi (iste\u011fe ba\u011fl\u0131)<\/td>\n<\/tr>\n<tr>\n<td>\u00c7al\u0131\u015fma Voltaj\u0131<\/td>\n<td class=\"da\">HM30 Hava \u00dcnitesi:<\/p>\n<p>3S ~ 6S \/ 12.6 ~ 25.2 V<\/p>\n<p>4S&#8217;den 18S&#8217;ye G\u00fc\u00e7 Mod\u00fcl\u00fc:<\/p>\n<p>16.8 ~ 75.6 V<\/td>\n<\/tr>\n<tr>\n<td bgcolor=\"#e9e9e9\" width=\"34%\">G\u00fc\u00e7 T\u00fcketimi<\/td>\n<td class=\"da\" bgcolor=\"#e9e9e9\" width=\"66%\">HM30 Hava \u00dcnitesi:<\/p>\n<p>&#8211; Ortalama: 2.8 W<\/p>\n<p>&#8211; Zirve: 12 W<\/p>\n<p>HM30 Hava \u00dcnitesi + 4S&#8217;den 18S&#8217;ye G\u00fc\u00e7 Mod\u00fcl\u00fc:<\/p>\n<p>&#8211; Ortalama: 3.2 W<\/p>\n<p>&#8211; Zirve: 12 W<\/td>\n<\/tr>\n<tr>\n<td>Boyutlar (Anten Hari\u00e7)<\/td>\n<td class=\"da\">70 x 55 x 16 mm (fan dahil)<\/td>\n<\/tr>\n<tr>\n<td bgcolor=\"#e9e9e9\" width=\"34%\">A\u011f\u0131rl\u0131k (Anten Hari\u00e7)<\/td>\n<td class=\"da\" bgcolor=\"#e9e9e9\" width=\"66%\">HM30 Hava \u00dcnitesi:<\/p>\n<p>74 g<\/p>\n<p>HM30 Hava \u00dcnitesi + 4S&#8217;den 18S&#8217;ye G\u00fc\u00e7 Mod\u00fcl\u00fc:<\/p>\n<p>109 g<\/td>\n<\/tr>\n<tr>\n<td>\u00c7al\u0131\u015fma S\u0131cakl\u0131\u011f\u0131<\/td>\n<td class=\"da\">-10\u2103 ~ 50\u2103<\/td>\n<\/tr>\n<\/tbody>\n<\/table>\n<\/div>\n<div class=\"nei9c\"><\/div>","protected":false},"excerpt":{"rendered":"<p>Maksimum \u0130letim Menzili 15 km (Engelsiz, parazitsiz) Kanallar 16 fiziksel kanal 16 ileti\u015fim kanal\u0131 Datalink Uyumlu U\u00e7u\u015f Kontrol\u00f6rleri PX4 \/<\/p>","protected":false},"featured_media":17927,"comment_status":"open","ping_status":"closed","template":"","meta":{"_monsterinsights_skip_tracking":false,"_monsterinsights_sitenote_active":false,"_monsterinsights_sitenote_note":"","_monsterinsights_sitenote_category":0},"product_cat":[435],"product_tag":[],"aioseo_notices":[],"jetpack_sharing_enabled":true,"_links":{"self":[{"href":"https:\/\/digitaltarget.com.tr\/ar\/wp-json\/wp\/v2\/product\/17922"}],"collection":[{"href":"https:\/\/digitaltarget.com.tr\/ar\/wp-json\/wp\/v2\/product"}],"about":[{"href":"https:\/\/digitaltarget.com.tr\/ar\/wp-json\/wp\/v2\/types\/product"}],"replies":[{"embeddable":true,"href":"https:\/\/digitaltarget.com.tr\/ar\/wp-json\/wp\/v2\/comments?post=17922"}],"version-history":[{"count":3,"href":"https:\/\/digitaltarget.com.tr\/ar\/wp-json\/wp\/v2\/product\/17922\/revisions"}],"predecessor-version":[{"id":19126,"href":"https:\/\/digitaltarget.com.tr\/ar\/wp-json\/wp\/v2\/product\/17922\/revisions\/19126"}],"wp:featuredmedia":[{"embeddable":true,"href":"https:\/\/digitaltarget.com.tr\/ar\/wp-json\/wp\/v2\/media\/17927"}],"wp:attachment":[{"href":"https:\/\/digitaltarget.com.tr\/ar\/wp-json\/wp\/v2\/media?parent=17922"}],"wp:term":[{"taxonomy":"product_cat","embeddable":true,"href":"https:\/\/digitaltarget.com.tr\/ar\/wp-json\/wp\/v2\/product_cat?post=17922"},{"taxonomy":"product_tag","embeddable":true,"href":"https:\/\/digitaltarget.com.tr\/ar\/wp-json\/wp\/v2\/product_tag?post=17922"}],"curies":[{"name":"wp","href":"https:\/\/api.w.org\/{rel}","templated":true}]}}