{"id":17946,"date":"2024-01-29T10:15:43","date_gmt":"2024-01-29T10:15:43","guid":{"rendered":"https:\/\/digitaltarget.com.tr\/?post_type=product&#038;p=17946"},"modified":"2025-07-22T13:38:29","modified_gmt":"2025-07-22T13:38:29","slug":"skydroid-t12-2-4ghz-12ch-remote-control-with-r12-receiver","status":"publish","type":"product","link":"https:\/\/digitaltarget.com.tr\/ar\/product\/skydroid-t12-2-4ghz-12ch-remote-control-with-r12-receiver\/","title":{"rendered":"Skydroid T12 2.4GHz 12CH Uzaktan Kumanda, R12 Al\u0131c\u0131 + Mini Kamera ile"},"content":{"rendered":"<p>Skydroid T12 2.4GHz 12CH R12 Al\u0131c\u0131 ile Uzaktan Kumanda<\/p>\n<p class=\" translation-block\">Teknik \u00d6zellikler:<br>\r\nMarka Skydroid<br>\r\n\u00dcr\u00fcn ad\u0131: T12 Transmitter<br>\r\nKanal say\u0131s\u0131: 12 kanal<br>\r\nFrekans: 2.400-2.4833GHz<br>\r\n\u00c7al\u0131\u015fma voltaj\u0131: 3,7V (1s Li-ion)<br>\r\n\u00c7al\u0131\u015fma Ak\u0131m\u0131: 130mA<br>\r\nMod\u00fclasyon: Yeni FHSS<br>\r\nA\u011f\u0131rl\u0131k: 560g<br>\r\nFirmware: APP \u00e7evrimi\u00e7i<br>\r\nBoyut: 225*123*35mm<br>\r\nS\u00fcre: 25 saat<br>\r\nAk\u00fc Kapasit\u00f6r\u00fc: 4000mA<br>\r\n\u015earj Portu: MICRO-USB<br>\r\nUygulama: Helikopter, Sabit kanat, Quadcopter, araba botu<\/p>\n<p class=\" translation-block\">R12 Al\u0131c\u0131:<br>\r\nModel: R12<br>\r\nKanal say\u0131s\u0131: 12 kanal<br>\r\n\u00c7al\u0131\u015fma voltaj\u0131: 4.5-5.5v<br>\r\n\u00c7al\u0131\u015fma Ak\u0131m\u0131: 140mA@5V<br>\r\nBoyut: 51*41*13MM<br>\r\nA\u011f\u0131rl\u0131k: 14g<\/p>","protected":false},"excerpt":{"rendered":"<p>Skydroid T12 2.4GHz 12CH R12 Al\u0131c\u0131 ile Uzaktan Kumanda Teknik \u00d6zellikler: Marka Skydroid \u00dcr\u00fcn ad\u0131: T12 Transmitter Kanal say\u0131s\u0131: 12<\/p>","protected":false},"featured_media":18795,"comment_status":"open","ping_status":"closed","template":"","meta":{"_monsterinsights_skip_tracking":false,"_monsterinsights_sitenote_active":false,"_monsterinsights_sitenote_note":"","_monsterinsights_sitenote_category":0},"product_cat":[435],"product_tag":[],"aioseo_notices":[],"jetpack_sharing_enabled":true,"_links":{"self":[{"href":"https:\/\/digitaltarget.com.tr\/ar\/wp-json\/wp\/v2\/product\/17946"}],"collection":[{"href":"https:\/\/digitaltarget.com.tr\/ar\/wp-json\/wp\/v2\/product"}],"about":[{"href":"https:\/\/digitaltarget.com.tr\/ar\/wp-json\/wp\/v2\/types\/product"}],"replies":[{"embeddable":true,"href":"https:\/\/digitaltarget.com.tr\/ar\/wp-json\/wp\/v2\/comments?post=17946"}],"version-history":[{"count":4,"href":"https:\/\/digitaltarget.com.tr\/ar\/wp-json\/wp\/v2\/product\/17946\/revisions"}],"predecessor-version":[{"id":18924,"href":"https:\/\/digitaltarget.com.tr\/ar\/wp-json\/wp\/v2\/product\/17946\/revisions\/18924"}],"wp:featuredmedia":[{"embeddable":true,"href":"https:\/\/digitaltarget.com.tr\/ar\/wp-json\/wp\/v2\/media\/18795"}],"wp:attachment":[{"href":"https:\/\/digitaltarget.com.tr\/ar\/wp-json\/wp\/v2\/media?parent=17946"}],"wp:term":[{"taxonomy":"product_cat","embeddable":true,"href":"https:\/\/digitaltarget.com.tr\/ar\/wp-json\/wp\/v2\/product_cat?post=17946"},{"taxonomy":"product_tag","embeddable":true,"href":"https:\/\/digitaltarget.com.tr\/ar\/wp-json\/wp\/v2\/product_tag?post=17946"}],"curies":[{"name":"wp","href":"https:\/\/api.w.org\/{rel}","templated":true}]}}