{"id":17950,"date":"2024-01-29T11:27:57","date_gmt":"2024-01-29T11:27:57","guid":{"rendered":"https:\/\/digitaltarget.com.tr\/?post_type=product&#038;p=17950"},"modified":"2025-01-21T13:39:56","modified_gmt":"2025-01-21T13:39:56","slug":"rc-receiver-frsky-x8r-2-4g-16ch-sbus","status":"publish","type":"product","link":"https:\/\/digitaltarget.com.tr\/ar\/product\/rc-receiver-frsky-x8r-2-4g-16ch-sbus\/","title":{"rendered":"RC Al\u0131c\u0131 -FrSky X8R 2.4G 16CH SBUS"},"content":{"rendered":"<div><strong>FrSky ACCST X8R 8\/16ch al\u0131c\u0131, SMARTPORT ve SBUS fonksiyonu<\/strong><\/div>\n<div><strong>\u00d6zellikler:<\/strong><\/div>\n<div>X8R al\u0131c\u0131 (8\/16ch telemetri al\u0131c\u0131s\u0131)<\/div>\n<div>Daha fazla kanal say\u0131s\u0131: Geleneksel kanal \u00e7\u0131k\u0131\u015flar\u0131ndan 1~8ch, SBUS portundan 1~16ch.<\/div>\n<div>RSSI \u00e7\u0131k\u0131\u015f\u0131 ile: analog voltaj \u00e7\u0131k\u0131\u015f\u0131 (0~3.3V).<\/div>\n<div>Smart Port etkin, iki y\u00f6nl\u00fc tam \u00e7ift y\u00f6nl\u00fc ileti\u015fim sa\u011fl\u0131yor.<\/div>\n<div>FrSky&#8217;nin en yeni al\u0131c\u0131s\u0131, 16 kanal (8 normal PWM \u00e7\u0131k\u0131\u015f\u0131 ve \u00f6zel Sbus \u00e7\u0131k\u0131\u015f\u0131nda t\u00fcm 16 kanal) i\u00e7erir. Art\u0131 heyecan verici yeni Smart Port.<\/div>\n<div><strong>\u00d6zellikler:<\/strong><\/div>\n<div>Boyut: 46.5mm x 27mm x 14.4mm (1.83&#8243; x 1.06&#8243; x .56&#8243;)<\/div>\n<div>A\u011f\u0131rl\u0131k: 16.8g (.59 oz)<\/div>\n<div>\u00c7al\u0131\u015fma Voltaj Aral\u0131\u011f\u0131: 4V-10.0V<\/div>\n<div>\u00c7al\u0131\u015fma Ak\u0131m\u0131: 100mA@5V<\/div>\n<div>\u00c7al\u0131\u015fma Menzili: &gt;1.5km (Tam Menzil)<\/div>\n<div>RSSI \u00e7\u0131k\u0131\u015f\u0131: analog voltaj \u00e7\u0131k\u0131\u015f\u0131 (0~3.3V)<\/div>\n<div>Yaz\u0131l\u0131m G\u00fcncellenebilir<\/div>\n<div><strong>Uyumluluk:<\/strong><\/div>\n<div>D8, D16 ve ACCESS D16 Modu<\/div>","protected":false},"excerpt":{"rendered":"<p>FrSky ACCST X8R 8\/16ch al\u0131c\u0131, SMARTPORT ve SBUS fonksiyonu \u00d6zellikler: X8R al\u0131c\u0131 (8\/16ch telemetri al\u0131c\u0131s\u0131) Daha fazla kanal say\u0131s\u0131: Geleneksel<\/p>","protected":false},"featured_media":17952,"comment_status":"open","ping_status":"closed","template":"","meta":{"_monsterinsights_skip_tracking":false,"_monsterinsights_sitenote_active":false,"_monsterinsights_sitenote_note":"","_monsterinsights_sitenote_category":0},"product_cat":[435,356,438],"product_tag":[],"aioseo_notices":[],"jetpack_sharing_enabled":true,"_links":{"self":[{"href":"https:\/\/digitaltarget.com.tr\/ar\/wp-json\/wp\/v2\/product\/17950"}],"collection":[{"href":"https:\/\/digitaltarget.com.tr\/ar\/wp-json\/wp\/v2\/product"}],"about":[{"href":"https:\/\/digitaltarget.com.tr\/ar\/wp-json\/wp\/v2\/types\/product"}],"replies":[{"embeddable":true,"href":"https:\/\/digitaltarget.com.tr\/ar\/wp-json\/wp\/v2\/comments?post=17950"}],"version-history":[{"count":3,"href":"https:\/\/digitaltarget.com.tr\/ar\/wp-json\/wp\/v2\/product\/17950\/revisions"}],"predecessor-version":[{"id":19122,"href":"https:\/\/digitaltarget.com.tr\/ar\/wp-json\/wp\/v2\/product\/17950\/revisions\/19122"}],"wp:featuredmedia":[{"embeddable":true,"href":"https:\/\/digitaltarget.com.tr\/ar\/wp-json\/wp\/v2\/media\/17952"}],"wp:attachment":[{"href":"https:\/\/digitaltarget.com.tr\/ar\/wp-json\/wp\/v2\/media?parent=17950"}],"wp:term":[{"taxonomy":"product_cat","embeddable":true,"href":"https:\/\/digitaltarget.com.tr\/ar\/wp-json\/wp\/v2\/product_cat?post=17950"},{"taxonomy":"product_tag","embeddable":true,"href":"https:\/\/digitaltarget.com.tr\/ar\/wp-json\/wp\/v2\/product_tag?post=17950"}],"curies":[{"name":"wp","href":"https:\/\/api.w.org\/{rel}","templated":true}]}}