{"id":17958,"date":"2024-01-29T11:53:00","date_gmt":"2024-01-29T11:53:00","guid":{"rendered":"https:\/\/digitaltarget.com.tr\/?post_type=product&#038;p=17958"},"modified":"2025-07-22T13:38:06","modified_gmt":"2025-07-22T13:38:06","slug":"siyi-mk15-air-unit","status":"publish","type":"product","link":"https:\/\/digitaltarget.com.tr\/ar\/product\/siyi-mk15-air-unit\/","title":{"rendered":"SIYI MK15 Hava \u00dcnitesi"},"content":{"rendered":"<p class=\" translation-block\">Sinyal \u00c7\u0131k\u0131\u015f\u0131: 16 kanal S.BUS, 5 kanal PWM<br>\r\nAray\u00fcz ve Portlar:<br>\r\n\u2013 SBUS: 3-Pin<br>\r\n\u2013 Datalink (FC\u2019ye): UART 4-Pin<br>\r\n\u2013 PWM Kanal 1 ila 5: 6-Pin<br>\r\n\u2013 Video Giri\u015fi: Ethernet 8-Pin<br>\r\n\u2013 \u00dcr\u00fcn Yaz\u0131l\u0131m\u0131 Y\u00fckseltmesi: Type-C<br>\r\nBoyutlar (anten hari\u00e7): 70 x 55 x 16 mm<br>\r\nA\u011f\u0131rl\u0131k (anten hari\u00e7): 100 g<br>\r\nAnten Kazanc\u0131 (standart omni): 5 dBi<br>\r\nG\u00fc\u00e7 Giri\u015fi: 14,8 ila 58,8 V (4S ila 14S)<br>\r\n\u00c7al\u0131\u015fma S\u0131cakl\u0131\u011f\u0131: -10 ila 55 \u2103<\/p>","protected":false},"excerpt":{"rendered":"<p>Sinyal \u00c7\u0131k\u0131\u015f\u0131: 16 kanal S.BUS, 5 kanal PWM Aray\u00fcz ve Portlar: &#8211; SBUS: 3-Pin &#8211; Datalink (FC&#8217;ye): UART 4-Pin &#8211;<\/p>","protected":false},"featured_media":17959,"comment_status":"open","ping_status":"closed","template":"","meta":{"_monsterinsights_skip_tracking":false,"_monsterinsights_sitenote_active":false,"_monsterinsights_sitenote_note":"","_monsterinsights_sitenote_category":0},"product_cat":[435,356,438],"product_tag":[],"aioseo_notices":[],"jetpack_sharing_enabled":true,"_links":{"self":[{"href":"https:\/\/digitaltarget.com.tr\/ar\/wp-json\/wp\/v2\/product\/17958"}],"collection":[{"href":"https:\/\/digitaltarget.com.tr\/ar\/wp-json\/wp\/v2\/product"}],"about":[{"href":"https:\/\/digitaltarget.com.tr\/ar\/wp-json\/wp\/v2\/types\/product"}],"replies":[{"embeddable":true,"href":"https:\/\/digitaltarget.com.tr\/ar\/wp-json\/wp\/v2\/comments?post=17958"}],"version-history":[{"count":3,"href":"https:\/\/digitaltarget.com.tr\/ar\/wp-json\/wp\/v2\/product\/17958\/revisions"}],"predecessor-version":[{"id":18921,"href":"https:\/\/digitaltarget.com.tr\/ar\/wp-json\/wp\/v2\/product\/17958\/revisions\/18921"}],"wp:featuredmedia":[{"embeddable":true,"href":"https:\/\/digitaltarget.com.tr\/ar\/wp-json\/wp\/v2\/media\/17959"}],"wp:attachment":[{"href":"https:\/\/digitaltarget.com.tr\/ar\/wp-json\/wp\/v2\/media?parent=17958"}],"wp:term":[{"taxonomy":"product_cat","embeddable":true,"href":"https:\/\/digitaltarget.com.tr\/ar\/wp-json\/wp\/v2\/product_cat?post=17958"},{"taxonomy":"product_tag","embeddable":true,"href":"https:\/\/digitaltarget.com.tr\/ar\/wp-json\/wp\/v2\/product_tag?post=17958"}],"curies":[{"name":"wp","href":"https:\/\/api.w.org\/{rel}","templated":true}]}}