{"id":17963,"date":"2024-01-29T20:57:52","date_gmt":"2024-01-29T20:57:52","guid":{"rendered":"https:\/\/digitaltarget.com.tr\/?post_type=product&#038;p=17963"},"modified":"2024-08-02T08:31:44","modified_gmt":"2024-08-02T08:31:44","slug":"dle55ra-55cc-dle-single-cylinder-2-strokes-gasoline-petrol-engine","status":"publish","type":"product","link":"https:\/\/digitaltarget.com.tr\/ar\/product\/dle55ra-55cc-dle-single-cylinder-2-strokes-gasoline-petrol-engine\/","title":{"rendered":"DLE55RA 55cc DLE Tek Silindirli 2 Zamanl\u0131 Benzinli \/ Benzinli Motor"},"content":{"rendered":"<ul>\n<li><span data-spm-anchor-id=\"a2g0o.detail.1000023.i2.1ae46075PWN6D0\">Deplasman: 55,6 cc (3,392 cu in)<\/span><\/li>\n<li>\u00c7ap: 1,77 in\u00e7 (45 mm)<\/li>\n<li>Strok: 1,38 X in\u00e7 (35 mm)<\/li>\n<li>A\u011f\u0131rl\u0131k: 3,5 lb (1,59 kg)<\/li>\n<li>RPM Aral\u0131\u011f\u0131: 1.350-8.500<\/li>\n<li>\u00c7\u0131k\u0131\u015f: 7.500 rpm&#8217;de 5,5 bg<\/li>\n<li>Gereksinimler: Benzin, ya\u011f, ate\u015fleme pili ve pervane<\/li>\n<li>\u015eunlar\u0131 i\u00e7erir: elektronik ate\u015fleme, susturucu, buji, conta, c\u0131vatalar, i\u015flenmi\u015f al\u00fcminyum ara par\u00e7alar\u0131, gaz kolu uzant\u0131s\u0131 ve montaj \u015fablonu<\/li>\n<li>\u00d6nerilen Pervaneler: 22&#215;8, 22&#215;10, 23&#215;8 ve 23&#215;10<\/li>\n<\/ul>\n<p>Teknik Veriler:<\/p>\n<ul>\n<li>Manifold: 4 yaprakl\u0131, V tipi, kam\u0131\u015f valf, alt ind\u00fcksiyon<\/li>\n<li>Ate\u015fleme Pili: 4,8-6,0 V NiCd veya NiMH, 6,6 V LiFe veya 7,4 V LiPo paketi (LiPo veya LiFe kullan\u0131m\u0131 voltaj reg\u00fclat\u00f6r\u00fc gerektirir.)<\/li>\n<li>S\u0131k\u0131\u015ft\u0131rma Oran\u0131: 7,6:1<\/li>\n<li>Benzin\/Ya\u011f Kar\u0131\u015f\u0131m\u0131: 30:1<\/li>\n<li>Yedek Buji: NGK CM6 (DLEG5510) veya e\u015fde\u011feri<\/li>\n<li>\n<p data-spm-anchor-id=\"a2g0o.detail.1000023.i0.1ae46075PWN6D0\">A\u011f\u0131rl\u0131klar (Bireysel): Motor: 47,6 oz (1.350 g); Egzoz: 3,5 oz (100 g); Ate\u015fleme: 4,2 oz (120 g)<\/p>\n<\/li>\n<\/ul>","protected":false},"excerpt":{"rendered":"<p>Deplasman: 55,6 cc (3,392 cu in) \u00c7ap: 1,77 in\u00e7 (45 mm) Strok: 1,38 X in\u00e7 (35 mm) A\u011f\u0131rl\u0131k: 3,5 lb<\/p>","protected":false},"featured_media":17965,"comment_status":"open","ping_status":"closed","template":"","meta":{"_monsterinsights_skip_tracking":false,"_monsterinsights_sitenote_active":false,"_monsterinsights_sitenote_note":"","_monsterinsights_sitenote_category":0},"product_cat":[447],"product_tag":[],"aioseo_notices":[],"jetpack_sharing_enabled":true,"_links":{"self":[{"href":"https:\/\/digitaltarget.com.tr\/ar\/wp-json\/wp\/v2\/product\/17963"}],"collection":[{"href":"https:\/\/digitaltarget.com.tr\/ar\/wp-json\/wp\/v2\/product"}],"about":[{"href":"https:\/\/digitaltarget.com.tr\/ar\/wp-json\/wp\/v2\/types\/product"}],"replies":[{"embeddable":true,"href":"https:\/\/digitaltarget.com.tr\/ar\/wp-json\/wp\/v2\/comments?post=17963"}],"version-history":[{"count":3,"href":"https:\/\/digitaltarget.com.tr\/ar\/wp-json\/wp\/v2\/product\/17963\/revisions"}],"predecessor-version":[{"id":19120,"href":"https:\/\/digitaltarget.com.tr\/ar\/wp-json\/wp\/v2\/product\/17963\/revisions\/19120"}],"wp:featuredmedia":[{"embeddable":true,"href":"https:\/\/digitaltarget.com.tr\/ar\/wp-json\/wp\/v2\/media\/17965"}],"wp:attachment":[{"href":"https:\/\/digitaltarget.com.tr\/ar\/wp-json\/wp\/v2\/media?parent=17963"}],"wp:term":[{"taxonomy":"product_cat","embeddable":true,"href":"https:\/\/digitaltarget.com.tr\/ar\/wp-json\/wp\/v2\/product_cat?post=17963"},{"taxonomy":"product_tag","embeddable":true,"href":"https:\/\/digitaltarget.com.tr\/ar\/wp-json\/wp\/v2\/product_tag?post=17963"}],"curies":[{"name":"wp","href":"https:\/\/api.w.org\/{rel}","templated":true}]}}