{"id":17977,"date":"2024-01-29T21:25:47","date_gmt":"2024-01-29T21:25:47","guid":{"rendered":"https:\/\/digitaltarget.com.tr\/?post_type=product&#038;p=17977"},"modified":"2024-08-01T11:34:00","modified_gmt":"2024-08-01T11:34:00","slug":"tattu-22-2v-12000mah-15c-6s-lipo-battery-pack-with-xt90-s-plug-for-dji-s800-dji-s900-s1000-walkera-qr-x800","status":"publish","type":"product","link":"https:\/\/digitaltarget.com.tr\/ar\/product\/tattu-22-2v-12000mah-15c-6s-lipo-battery-pack-with-xt90-s-plug-for-dji-s800-dji-s900-s1000-walkera-qr-x800\/","title":{"rendered":"Tattu 22.2V 12000mAh 15C 6S LiPo Pil Paketi XT90-S Fi\u015fi ile DJI S800 DJI S900 S1000 Walkera QR X800"},"content":{"rendered":"<p><span data-spm-anchor-id=\"a2g0o.detail.1000023.i0.2ad00ctA0ctAH0\">Detaylar:<\/span><\/p>\n<div class=\" translation-block\">Marka: Tattu<br>\r\nKapasite (mAh): 12000mAh<br>\r\nGerilim (V): 22.2V<br>\r\nBo\u015faltma H\u0131z\u0131 (C): 15C<br>\r\nMaksimum Patlama Bo\u015faltma H\u0131z\u0131 (C): 30C<br>\r\nKonfig\u00fcrasyon: 6S1P<br>\r\nNet A\u011f\u0131rl\u0131k (\u00b120g): 1491g<br>\r\nUzunluk (\u00b15mm): 194mm<br>\r\nGeni\u015flik (\u00b12mm): 70.5mm<br>\r\nY\u00fckseklik (\u00b12mm): 61mm<br>\r\nBa\u011flant\u0131 Tipi: XT90-S Fi\u015f<br>\r\nTel Kal\u0131nl\u0131\u011f\u0131: AWG10#<br>\r\nTel Uzunlu\u011fu (mm): 120mm<br>\r\nDengeleyici Ba\u011flant\u0131 Tipi: JST-XHR<\/div>","protected":false},"excerpt":{"rendered":"<p>Detaylar: Marka: Tattu Kapasite (mAh): 12000mAh Gerilim (V): 22.2V Bo\u015faltma H\u0131z\u0131 (C): 15C Maksimum Patlama Bo\u015faltma H\u0131z\u0131 (C): 30C Konfig\u00fcrasyon:<\/p>","protected":false},"featured_media":17979,"comment_status":"open","ping_status":"closed","template":"","meta":{"_monsterinsights_skip_tracking":false,"_monsterinsights_sitenote_active":false,"_monsterinsights_sitenote_note":"","_monsterinsights_sitenote_category":0},"product_cat":[352],"product_tag":[],"aioseo_notices":[],"jetpack_sharing_enabled":true,"_links":{"self":[{"href":"https:\/\/digitaltarget.com.tr\/ar\/wp-json\/wp\/v2\/product\/17977"}],"collection":[{"href":"https:\/\/digitaltarget.com.tr\/ar\/wp-json\/wp\/v2\/product"}],"about":[{"href":"https:\/\/digitaltarget.com.tr\/ar\/wp-json\/wp\/v2\/types\/product"}],"replies":[{"embeddable":true,"href":"https:\/\/digitaltarget.com.tr\/ar\/wp-json\/wp\/v2\/comments?post=17977"}],"version-history":[{"count":4,"href":"https:\/\/digitaltarget.com.tr\/ar\/wp-json\/wp\/v2\/product\/17977\/revisions"}],"predecessor-version":[{"id":19040,"href":"https:\/\/digitaltarget.com.tr\/ar\/wp-json\/wp\/v2\/product\/17977\/revisions\/19040"}],"wp:featuredmedia":[{"embeddable":true,"href":"https:\/\/digitaltarget.com.tr\/ar\/wp-json\/wp\/v2\/media\/17979"}],"wp:attachment":[{"href":"https:\/\/digitaltarget.com.tr\/ar\/wp-json\/wp\/v2\/media?parent=17977"}],"wp:term":[{"taxonomy":"product_cat","embeddable":true,"href":"https:\/\/digitaltarget.com.tr\/ar\/wp-json\/wp\/v2\/product_cat?post=17977"},{"taxonomy":"product_tag","embeddable":true,"href":"https:\/\/digitaltarget.com.tr\/ar\/wp-json\/wp\/v2\/product_tag?post=17977"}],"curies":[{"name":"wp","href":"https:\/\/api.w.org\/{rel}","templated":true}]}}