{"id":17983,"date":"2024-01-29T21:44:49","date_gmt":"2024-01-29T21:44:49","guid":{"rendered":"https:\/\/digitaltarget.com.tr\/?post_type=product&#038;p=17983"},"modified":"2025-01-27T13:53:50","modified_gmt":"2025-01-27T13:53:50","slug":"hglrc-m100-5883-m10-gps-module-21x21mm-with-compass-ceramic-antenna-on-board-led-indicators-for-rc-airplane-fpv-long-range","status":"publish","type":"product","link":"https:\/\/digitaltarget.com.tr\/ar\/product\/hglrc-m100-5883-m10-gps-module-21x21mm-with-compass-ceramic-antenna-on-board-led-indicators-for-rc-airplane-fpv-long-range\/","title":{"rendered":"HGLRC M100-5883 M10 GPS Mod\u00fcl\u00fc 21x21mm Pusula ile Seramik Anten yerle\u015fik RC U\u00e7ak FPV Uzun Menzilli i\u00e7in LED G\u00f6stergeler"},"content":{"rendered":"<p>HGLRC M100-5883 GPS<\/p>\n<p>&nbsp;<\/p>\n<p>Pusulal\u0131 yeni y\u00fckseltilmi\u015f 10. nesil \u00e7ip<\/p>\n<p>FPV sabit kanatl\u0131 \u0130HA i\u00e7in uygundur<\/p>\n<p>&nbsp;<\/p>\n<p>Teknik Parametreler:<\/p>\n<p>1. \u00c7ip: M10 (onuncu nesil \u00e7ip)<\/p>\n<p>2. Anten: seramik anten<\/p>\n<p>3. Frekans: GPS\/QZSS L1C\/A, SBAS EGNOS, GAGAN, MSAS ve WAAS<\/p>\n<p>GLONASS L1OF, BDS B1I, Galileo E1B\/C<\/p>\n<p>4. Al\u0131c\u0131 kanal: 72ch<\/p>\n<p>5. Baud h\u0131z\u0131: 115200bps.<\/p>\n<p>6. \u00c7\u0131k\u0131\u015f protokol\u00fc: UBLOX<\/p>\n<p>7. \u00c7\u0131k\u0131\u015f frekans\u0131: 10Hz<\/p>\n<p>8. G\u00fc\u00e7 giri\u015fi: 3.3-5V<\/p>\n<p>9. Boyut: 21x21x8.02mm<\/p>\n<p>10. A\u011f\u0131rl\u0131k: 7,73g<\/p>\n<p>&nbsp;<\/p>","protected":false},"excerpt":{"rendered":"<p>HGLRC M100-5883 GPS &nbsp; Pusulal\u0131 yeni y\u00fckseltilmi\u015f 10. nesil \u00e7ip FPV sabit kanatl\u0131 \u0130HA i\u00e7in uygundur &nbsp; Teknik Parametreler: 1.<\/p>","protected":false},"featured_media":17984,"comment_status":"open","ping_status":"closed","template":"","meta":{"_monsterinsights_skip_tracking":false,"_monsterinsights_sitenote_active":false,"_monsterinsights_sitenote_note":"","_monsterinsights_sitenote_category":0},"product_cat":[354],"product_tag":[],"aioseo_notices":[],"jetpack_sharing_enabled":true,"_links":{"self":[{"href":"https:\/\/digitaltarget.com.tr\/ar\/wp-json\/wp\/v2\/product\/17983"}],"collection":[{"href":"https:\/\/digitaltarget.com.tr\/ar\/wp-json\/wp\/v2\/product"}],"about":[{"href":"https:\/\/digitaltarget.com.tr\/ar\/wp-json\/wp\/v2\/types\/product"}],"replies":[{"embeddable":true,"href":"https:\/\/digitaltarget.com.tr\/ar\/wp-json\/wp\/v2\/comments?post=17983"}],"version-history":[{"count":3,"href":"https:\/\/digitaltarget.com.tr\/ar\/wp-json\/wp\/v2\/product\/17983\/revisions"}],"predecessor-version":[{"id":18917,"href":"https:\/\/digitaltarget.com.tr\/ar\/wp-json\/wp\/v2\/product\/17983\/revisions\/18917"}],"wp:featuredmedia":[{"embeddable":true,"href":"https:\/\/digitaltarget.com.tr\/ar\/wp-json\/wp\/v2\/media\/17984"}],"wp:attachment":[{"href":"https:\/\/digitaltarget.com.tr\/ar\/wp-json\/wp\/v2\/media?parent=17983"}],"wp:term":[{"taxonomy":"product_cat","embeddable":true,"href":"https:\/\/digitaltarget.com.tr\/ar\/wp-json\/wp\/v2\/product_cat?post=17983"},{"taxonomy":"product_tag","embeddable":true,"href":"https:\/\/digitaltarget.com.tr\/ar\/wp-json\/wp\/v2\/product_tag?post=17983"}],"curies":[{"name":"wp","href":"https:\/\/api.w.org\/{rel}","templated":true}]}}