{"id":17988,"date":"2024-01-29T21:55:31","date_gmt":"2024-01-29T21:55:31","guid":{"rendered":"https:\/\/digitaltarget.com.tr\/?post_type=product&#038;p=17988"},"modified":"2024-08-02T08:28:26","modified_gmt":"2024-08-02T08:28:26","slug":"holybro-pixhawk-6c-autopilot-flight-controller-pm07-power-module-m9n-gps-module","status":"publish","type":"product","link":"https:\/\/digitaltarget.com.tr\/ar\/product\/holybro-pixhawk-6c-autopilot-flight-controller-pm07-power-module-m9n-gps-module\/","title":{"rendered":"HolyBro Pixhawk 6C Otopilot U\u00e7u\u015f Kontrol\u00f6r\u00fc PM07 G\u00fc\u00e7 Mod\u00fcl\u00fc M9N GPS Mod\u00fcl\u00fc"},"content":{"rendered":"<div class=\"detail-desc-decorate-content\">\n<p>Pixhawk\u00ae 6C, Pixhawk\u00ae FMUv6C A\u00e7\u0131k Standart ve Pixhawk\u00ae Otomatik Pilot Bus Standard\u0131na dayanan ba\u015far\u0131l\u0131 Pixhawk\u00ae u\u00e7u\u015f kontrol cihazlar\u0131 ailesinin en son g\u00fcncellemesidir. PX4 Autopilot\u00ae \u00f6nceden kurulmu\u015f olarak gelir. Pixhawk\u00ae 6C&#8217;nin i\u00e7inde STMicroelectronics\u00ae tabanl\u0131 STM32H743 bulunur ve Bosch\u00ae &amp; InvenSense\u00ae&#8217;in sens\u00f6r teknolojisi ile e\u015fle\u015ftirilmi\u015ftir, bu da her t\u00fcrl\u00fc otonom arac\u0131 kontrol etmek i\u00e7in esneklik ve g\u00fcvenilirlik sa\u011flar, hem akademik hem de ticari uygulamalar i\u00e7in uygundur.<\/p>\n<p>Pixhawk\u00ae 6C&#8217;nin H7 mikrodenetleyicisi, 480 MHz&#8217;e kadar \u00e7al\u0131\u015fan Arm\u00ae Cortex\u00ae-M7 \u00e7ekirde\u011fini i\u00e7erir, 2MB fla\u015f bellek ve 1MB RAM&#8217;e sahiptir. G\u00fcncellenmi\u015f i\u015flem g\u00fcc\u00fc sayesinde, geli\u015ftiriciler daha verimli ve verimli bir \u015fekilde geli\u015fim \u00e7al\u0131\u015fmalar\u0131 yapabilir, karma\u015f\u0131k algoritmalar ve modeller geli\u015ftirebilir. FMUv6C a\u00e7\u0131k standard\u0131, maliyet etkin bir \u015fekilde tasarlanm\u0131\u015f y\u00fcksek performansl\u0131, d\u00fc\u015f\u00fck g\u00fcr\u00fclt\u00fcl\u00fc IMU&#8217;lar\u0131 i\u00e7erir ve IMU yedeklili\u011fine sahiptir. Y\u00fcksek frekansl\u0131 titre\u015fimi filtrelemek ve do\u011fru \u00f6l\u00e7\u00fcmler sa\u011flamak i\u00e7in titre\u015fim izolasyon sistemi bulunur, b\u00f6ylece ara\u00e7lar\u0131n genel u\u00e7u\u015f performans\u0131 iyile\u015fir.<\/p>\n<p>Pixhawk\u00ae 6C, kurumsal ara\u015ft\u0131rma laboratuvarlar\u0131ndaki, yeni giri\u015fimlerdeki, akademik (ara\u015ft\u0131rma, profes\u00f6rler, \u00f6\u011frenciler) ve ticari uygulamalardaki geli\u015ftiriciler i\u00e7in m\u00fckemmeldir.<\/p>\n<p><strong>Ana Tasar\u0131m Noktalar\u0131<\/strong><\/p>\n<ul>\n<li>480 MHz&#8217;e kadar saat h\u0131z\u0131 ile y\u00fcksek performansl\u0131 H7 \u0130\u015flemci<\/li>\n<li>D\u00fc\u015f\u00fck profilli form fakt\u00f6r\u00fc ile yeni maliyet etkin tasar\u0131m<\/li>\n<li>Bosch\u00ae &amp; InvenSense\u00ae&#8217;den yedekli eylemsizlik \u00f6l\u00e7\u00fcm birimi (IMU)<\/li>\n<li>Do\u011fru \u00f6l\u00e7\u00fcmleri sa\u011flamak i\u00e7in y\u00fcksek frekansl\u0131 titre\u015fimi filtrelemek ve g\u00fcr\u00fclt\u00fcy\u00fc azaltmak i\u00e7in yenilik\u00e7i entegre titre\u015fim izolasyon sistemi<\/li>\n<li>IMU&#8217;lar\u0131n optimum \u00e7al\u0131\u015fma s\u0131cakl\u0131\u011f\u0131n\u0131 sa\u011flamak i\u00e7in IMU&#8217;lar yerle\u015fik \u0131s\u0131tma diren\u00e7leri ile s\u0131cakl\u0131k kontroll\u00fcd\u00fcr<\/li>\n<\/ul>\n<h3><strong>\u0130\u00e7erir:<\/strong><\/h3>\n<ul>\n<li>Pixhawk 6C U\u00e7u\u015f Kontrol Mod\u00fcl\u00fc<\/li>\n<li>PM07 12S G\u00fc\u00e7 Mod\u00fcl\u00fc<\/li>\n<li>Kablo Seti<\/li>\n<li>M9N GPS<\/li>\n<\/ul>\n<\/div>","protected":false},"excerpt":{"rendered":"<p>Pixhawk\u00ae 6C, Pixhawk\u00ae FMUv6C A\u00e7\u0131k Standart ve Pixhawk\u00ae Otomatik Pilot Bus Standard\u0131na dayanan ba\u015far\u0131l\u0131 Pixhawk\u00ae u\u00e7u\u015f kontrol cihazlar\u0131 ailesinin en<\/p>","protected":false},"featured_media":17989,"comment_status":"open","ping_status":"closed","template":"","meta":{"_monsterinsights_skip_tracking":false,"_monsterinsights_sitenote_active":false,"_monsterinsights_sitenote_note":"","_monsterinsights_sitenote_category":0},"product_cat":[355,358,354,385],"product_tag":[],"aioseo_notices":[],"jetpack_sharing_enabled":true,"_links":{"self":[{"href":"https:\/\/digitaltarget.com.tr\/ar\/wp-json\/wp\/v2\/product\/17988"}],"collection":[{"href":"https:\/\/digitaltarget.com.tr\/ar\/wp-json\/wp\/v2\/product"}],"about":[{"href":"https:\/\/digitaltarget.com.tr\/ar\/wp-json\/wp\/v2\/types\/product"}],"replies":[{"embeddable":true,"href":"https:\/\/digitaltarget.com.tr\/ar\/wp-json\/wp\/v2\/comments?post=17988"}],"version-history":[{"count":3,"href":"https:\/\/digitaltarget.com.tr\/ar\/wp-json\/wp\/v2\/product\/17988\/revisions"}],"predecessor-version":[{"id":19118,"href":"https:\/\/digitaltarget.com.tr\/ar\/wp-json\/wp\/v2\/product\/17988\/revisions\/19118"}],"wp:featuredmedia":[{"embeddable":true,"href":"https:\/\/digitaltarget.com.tr\/ar\/wp-json\/wp\/v2\/media\/17989"}],"wp:attachment":[{"href":"https:\/\/digitaltarget.com.tr\/ar\/wp-json\/wp\/v2\/media?parent=17988"}],"wp:term":[{"taxonomy":"product_cat","embeddable":true,"href":"https:\/\/digitaltarget.com.tr\/ar\/wp-json\/wp\/v2\/product_cat?post=17988"},{"taxonomy":"product_tag","embeddable":true,"href":"https:\/\/digitaltarget.com.tr\/ar\/wp-json\/wp\/v2\/product_tag?post=17988"}],"curies":[{"name":"wp","href":"https:\/\/api.w.org\/{rel}","templated":true}]}}