{"id":17992,"date":"2024-01-29T22:18:02","date_gmt":"2024-01-29T22:18:02","guid":{"rendered":"https:\/\/digitaltarget.com.tr\/?post_type=product&#038;p=17992"},"modified":"2024-08-02T08:24:46","modified_gmt":"2024-08-02T08:24:46","slug":"speedybee-f405-v4-3-6s-30x30mm-55a-stack-4in1-esc","status":"publish","type":"product","link":"https:\/\/digitaltarget.com.tr\/ar\/product\/speedybee-f405-v4-3-6s-30x30mm-55a-stack-4in1-esc\/","title":{"rendered":"SpeedyBee F405 V4 3-6S 30X30mm + 55A Y\u0131\u011f\u0131n 4&#8217;\u00fc 1 arada ESC"},"content":{"rendered":"<p><img fetchpriority=\"high\" decoding=\"async\" class=\"aligncenter wp-image-17993 size-full\" src=\"http:\/\/digitaltarget.com.tr\/wp-content\/uploads\/2024\/01\/SpeedyBee-F405-V3-V4-3-6S-30X30mm-FPV-Stack-F405-Flight-Controller-BLHELIS-50A-55A-4in1-scaled.jpg\" alt=\"\" width=\"837\" height=\"2560\" srcset=\"https:\/\/digitaltarget.com.tr\/wp-content\/uploads\/2024\/01\/SpeedyBee-F405-V3-V4-3-6S-30X30mm-FPV-Stack-F405-Flight-Controller-BLHELIS-50A-55A-4in1-scaled.jpg 837w, https:\/\/digitaltarget.com.tr\/wp-content\/uploads\/2024\/01\/SpeedyBee-F405-V3-V4-3-6S-30X30mm-FPV-Stack-F405-Flight-Controller-BLHELIS-50A-55A-4in1-98x300.jpg 98w, https:\/\/digitaltarget.com.tr\/wp-content\/uploads\/2024\/01\/SpeedyBee-F405-V3-V4-3-6S-30X30mm-FPV-Stack-F405-Flight-Controller-BLHELIS-50A-55A-4in1-262x800.jpg 262w, https:\/\/digitaltarget.com.tr\/wp-content\/uploads\/2024\/01\/SpeedyBee-F405-V3-V4-3-6S-30X30mm-FPV-Stack-F405-Flight-Controller-BLHELIS-50A-55A-4in1-768x2349.jpg 768w, https:\/\/digitaltarget.com.tr\/wp-content\/uploads\/2024\/01\/SpeedyBee-F405-V3-V4-3-6S-30X30mm-FPV-Stack-F405-Flight-Controller-BLHELIS-50A-55A-4in1-502x1536.jpg 502w, https:\/\/digitaltarget.com.tr\/wp-content\/uploads\/2024\/01\/SpeedyBee-F405-V3-V4-3-6S-30X30mm-FPV-Stack-F405-Flight-Controller-BLHELIS-50A-55A-4in1-670x2048.jpg 670w, https:\/\/digitaltarget.com.tr\/wp-content\/uploads\/2024\/01\/SpeedyBee-F405-V3-V4-3-6S-30X30mm-FPV-Stack-F405-Flight-Controller-BLHELIS-50A-55A-4in1-4x12.jpg 4w, https:\/\/digitaltarget.com.tr\/wp-content\/uploads\/2024\/01\/SpeedyBee-F405-V3-V4-3-6S-30X30mm-FPV-Stack-F405-Flight-Controller-BLHELIS-50A-55A-4in1-860x2631.jpg 860w, https:\/\/digitaltarget.com.tr\/wp-content\/uploads\/2024\/01\/SpeedyBee-F405-V3-V4-3-6S-30X30mm-FPV-Stack-F405-Flight-Controller-BLHELIS-50A-55A-4in1-430x1315.jpg 430w, https:\/\/digitaltarget.com.tr\/wp-content\/uploads\/2024\/01\/SpeedyBee-F405-V3-V4-3-6S-30X30mm-FPV-Stack-F405-Flight-Controller-BLHELIS-50A-55A-4in1-700x2141.jpg 700w, https:\/\/digitaltarget.com.tr\/wp-content\/uploads\/2024\/01\/SpeedyBee-F405-V3-V4-3-6S-30X30mm-FPV-Stack-F405-Flight-Controller-BLHELIS-50A-55A-4in1-150x459.jpg 150w\" sizes=\"(max-width: 837px) 100vw, 837px\" \/><\/p>","protected":false},"excerpt":{"rendered":"","protected":false},"featured_media":17994,"comment_status":"open","ping_status":"closed","template":"","meta":{"_monsterinsights_skip_tracking":false,"_monsterinsights_sitenote_active":false,"_monsterinsights_sitenote_note":"","_monsterinsights_sitenote_category":0},"product_cat":[355,358,444],"product_tag":[],"aioseo_notices":[],"jetpack_sharing_enabled":true,"_links":{"self":[{"href":"https:\/\/digitaltarget.com.tr\/ar\/wp-json\/wp\/v2\/product\/17992"}],"collection":[{"href":"https:\/\/digitaltarget.com.tr\/ar\/wp-json\/wp\/v2\/product"}],"about":[{"href":"https:\/\/digitaltarget.com.tr\/ar\/wp-json\/wp\/v2\/types\/product"}],"replies":[{"embeddable":true,"href":"https:\/\/digitaltarget.com.tr\/ar\/wp-json\/wp\/v2\/comments?post=17992"}],"version-history":[{"count":2,"href":"https:\/\/digitaltarget.com.tr\/ar\/wp-json\/wp\/v2\/product\/17992\/revisions"}],"predecessor-version":[{"id":19116,"href":"https:\/\/digitaltarget.com.tr\/ar\/wp-json\/wp\/v2\/product\/17992\/revisions\/19116"}],"wp:featuredmedia":[{"embeddable":true,"href":"https:\/\/digitaltarget.com.tr\/ar\/wp-json\/wp\/v2\/media\/17994"}],"wp:attachment":[{"href":"https:\/\/digitaltarget.com.tr\/ar\/wp-json\/wp\/v2\/media?parent=17992"}],"wp:term":[{"taxonomy":"product_cat","embeddable":true,"href":"https:\/\/digitaltarget.com.tr\/ar\/wp-json\/wp\/v2\/product_cat?post=17992"},{"taxonomy":"product_tag","embeddable":true,"href":"https:\/\/digitaltarget.com.tr\/ar\/wp-json\/wp\/v2\/product_tag?post=17992"}],"curies":[{"name":"wp","href":"https:\/\/api.w.org\/{rel}","templated":true}]}}