{"id":17998,"date":"2024-01-29T22:26:23","date_gmt":"2024-01-29T22:26:23","guid":{"rendered":"https:\/\/digitaltarget.com.tr\/?post_type=product&#038;p=17998"},"modified":"2024-12-19T14:39:25","modified_gmt":"2024-12-19T14:39:25","slug":"f4-v3s-plus-flight-control-osd-2-6s-two-way-3a-bec-9v-pad-design","status":"publish","type":"product","link":"https:\/\/digitaltarget.com.tr\/ar\/product\/f4-v3s-plus-flight-control-osd-2-6s-two-way-3a-bec-9v-pad-design\/","title":{"rendered":"F4 V3S Plus U\u00e7u\u015f Kontrol OSD 2-6S \u0130ki Y\u00f6nl\u00fc 3A BEC 9V Ped Tasar\u0131m\u0131"},"content":{"rendered":"<div align=\"start\">\n<p>\u00dcr\u00fcn ad\u0131: F4 V3 PLUS U\u00e7u\u015f Kontrol Cihaz\u0131<\/p>\n<p>Firmware:Omnibus~f4<\/p>\n<p>Boyut: 36x36mm<\/p>\n<p>Montaj delikleri: 30,5&#215;30,5mm<\/p>\n<p>STM32 F405 MCU<\/p>\n<p>Dshot deste\u011fi<\/p>\n<p>Betaflight ile yap\u0131land\u0131r\u0131lm\u0131\u015f S\u00fcr\u00fckle ve B\u0131rak OSD<\/p>\n<p>&nbsp;<\/p>\n<p>BMI270 \/ MPU6500 6 eksenli SPI cayro ve ivme\u00f6l\u00e7er (rastgele g\u00f6nder)<\/p>\n<p>&nbsp;<\/p>\n<p>SBUS \/ PPM VE Spketrum DSMX portlar\u0131<\/p>\n<p>MicroSD kart kara kutusu<\/p>\n<p>Baro (BMP280)<\/p>\n<p>5v3a 9V3A BEC<\/p>\n<p>Yerle\u015fik video filtreleri (VTX ve kameraya sadece 5V)<\/p>\n<p class=\" translation-block\">\u00d6zellikler:<br>\r\n\u00f6l\u00e7\u00fcl\u00fc.<br>\r\nF4 i\u015flemci, yerle\u015fik Betaflight OSD, MicroSD Kara Kutu, 5v3a sbec, video filtresi ile vericinizle pid\u2019leri ayarlayacak ve<br>\r\nK\u0131sa s\u00fcrede pistte y\u0131rt\u0131n!<\/p>\n<\/div>","protected":false},"excerpt":{"rendered":"<p>\u00dcr\u00fcn ad\u0131: F4 V3 PLUS U\u00e7u\u015f Kontrol Cihaz\u0131 Firmware:Omnibus~f4 Boyut: 36x36mm Montaj delikleri: 30,5&#215;30,5mm STM32 F405 MCU Dshot deste\u011fi Betaflight<\/p>","protected":false},"featured_media":18000,"comment_status":"open","ping_status":"closed","template":"","meta":{"_monsterinsights_skip_tracking":false,"_monsterinsights_sitenote_active":false,"_monsterinsights_sitenote_note":"","_monsterinsights_sitenote_category":0},"product_cat":[355,358],"product_tag":[],"aioseo_notices":[],"jetpack_sharing_enabled":true,"_links":{"self":[{"href":"https:\/\/digitaltarget.com.tr\/ar\/wp-json\/wp\/v2\/product\/17998"}],"collection":[{"href":"https:\/\/digitaltarget.com.tr\/ar\/wp-json\/wp\/v2\/product"}],"about":[{"href":"https:\/\/digitaltarget.com.tr\/ar\/wp-json\/wp\/v2\/types\/product"}],"replies":[{"embeddable":true,"href":"https:\/\/digitaltarget.com.tr\/ar\/wp-json\/wp\/v2\/comments?post=17998"}],"version-history":[{"count":3,"href":"https:\/\/digitaltarget.com.tr\/ar\/wp-json\/wp\/v2\/product\/17998\/revisions"}],"predecessor-version":[{"id":18915,"href":"https:\/\/digitaltarget.com.tr\/ar\/wp-json\/wp\/v2\/product\/17998\/revisions\/18915"}],"wp:featuredmedia":[{"embeddable":true,"href":"https:\/\/digitaltarget.com.tr\/ar\/wp-json\/wp\/v2\/media\/18000"}],"wp:attachment":[{"href":"https:\/\/digitaltarget.com.tr\/ar\/wp-json\/wp\/v2\/media?parent=17998"}],"wp:term":[{"taxonomy":"product_cat","embeddable":true,"href":"https:\/\/digitaltarget.com.tr\/ar\/wp-json\/wp\/v2\/product_cat?post=17998"},{"taxonomy":"product_tag","embeddable":true,"href":"https:\/\/digitaltarget.com.tr\/ar\/wp-json\/wp\/v2\/product_tag?post=17998"}],"curies":[{"name":"wp","href":"https:\/\/api.w.org\/{rel}","templated":true}]}}