{"id":18017,"date":"2024-01-30T07:16:28","date_gmt":"2024-01-30T07:16:28","guid":{"rendered":"https:\/\/digitaltarget.com.tr\/?post_type=product&#038;p=18017"},"modified":"2024-12-19T14:30:14","modified_gmt":"2024-12-19T14:30:14","slug":"hobbywing-flyfun-110a-v5-speed-controller-brushless-esc-6-14s-lipo-with-deo-function-hv-sbec","status":"publish","type":"product","link":"https:\/\/digitaltarget.com.tr\/ar\/product\/hobbywing-flyfun-110a-v5-speed-controller-brushless-esc-6-14s-lipo-with-deo-function-hv-sbec\/","title":{"rendered":"Hobbywing FlyFun 110A V5 H\u0131z Kontrol Cihaz\u0131 F\u0131r\u00e7as\u0131z ESC DEO Fonksiyonlu 6-14S Lipo HV SBEC"},"content":{"rendered":"<h3>FLYFUN-110A-HV-SBEC-V5 ESC<\/h3>\n<p>S\u00fcrekli ak\u0131m: 110A (anl\u0131k 140A)<\/p>\n<p>G\u00fc\u00e7: 6-14S LiPo lityum pil<\/p>\n<p>\u00d6zellikler: 92,7*45,6*27mm<\/p>\n<p>A\u011f\u0131rl\u0131k: 180g<\/p>\n<p>BEC \u00e7\u0131k\u0131\u015f\u0131: 5.1V \/ 6.0V \/ 7.4V \u00fc\u00e7 h\u0131zl\u0131 ayarlanabilir; \u00e7\u0131k\u0131\u015f ak\u0131m\u0131 10A s\u00fcrer, anl\u0131k 25A<\/p>\n<p>Ayar kart\u0131: LED dijital t\u00fcp ayar kart\u0131. Veya uzaktan kumanda ayarlar\u0131.<\/p>\n<p>Daha do\u011frusal gaz kelebe\u011fi, daha d\u00fc\u015f\u00fck s\u0131cakl\u0131k ve daha uzun u\u00e7u\u015f s\u00fcreleri<\/p>\n<p>ESC, senkron rektifikasyon tahrik verimlili\u011fi optimizasyon teknolojisine* (DEO&#8212;S\u00fcr\u00fc\u015f Verimlili\u011fi Optimizasyonu) eklenmi\u015ftir,<\/p>\n<p>U\u00e7u\u015f stabilitesini ve esnekli\u011fini art\u0131r\u0131rken daha h\u0131zl\u0131 ve daha do\u011frusal gaz tepkisi sa\u011flar; daha d\u00fc\u015f\u00fck ESC s\u0131cakl\u0131k art\u0131\u015f\u0131,<\/p>\n<p>EDM \u00e7al\u0131\u015fmas\u0131 daha g\u00fcvenilirdir; daha y\u00fcksek tahrik verimlili\u011fi ve daha uzun pil \u00f6mr\u00fc.<\/p>\n<p>Yava\u015f ba\u015flatma teknolojisi, kanall\u0131 motora uyum, ters itme i\u015flevi,<\/p>\n<p>Ger\u00e7ek gibi, sabit kanatl\u0131 u\u00e7u\u015f daha fazla e\u011flence kat\u0131yor<\/p>\n<p>&nbsp;<\/p>\n<p>Yeni tasarlanan \u00e7ok h\u0131zl\u0131 yava\u015f ba\u015flatma i\u015flevi, genel pervaneli u\u00e7aklara uyum sa\u011flaman\u0131n yan\u0131 s\u0131ra, farkl\u0131 boyutlar i\u00e7in daha uygundur.<\/p>\n<p>S\u00fcnek u\u00e7ak; ters itme fonksiyonu ile (ESC&#8217;de ters fren fonksiyonu), u\u00e7ak inerken a\u00e7\u0131k<\/p>\n<p>U\u00e7a\u011f\u0131n taksi mesafesini etkili bir \u015fekilde azaltabilir ve s\u0131radan u\u00e7aklara ek olarak ger\u00e7ek u\u00e7aklar\u0131n ultra k\u0131sa menzilli ini\u015f y\u00f6ntemini sim\u00fcle edebilir.<\/p>\n<p>Fren, oransal fren, fren kapal\u0131 \u00fc\u00e7 mod, fren kuvveti normal fren modunda, oransal frende ayarlanabilir<\/p>\n<p>Araba modunda, fren kuvveti otomatik olarak gaz kelebe\u011fi \u00e7ubu\u011fu arac\u0131l\u0131\u011f\u0131yla da\u011f\u0131t\u0131l\u0131r.<\/p>","protected":false},"excerpt":{"rendered":"<p>FLYFUN-110A-HV-SBEC-V5 ESC S\u00fcrekli ak\u0131m: 110A (anl\u0131k 140A) G\u00fc\u00e7: 6-14S LiPo lityum pil \u00d6zellikler: 92,7*45,6*27mm A\u011f\u0131rl\u0131k: 180g BEC \u00e7\u0131k\u0131\u015f\u0131: 5.1V \/<\/p>","protected":false},"featured_media":18018,"comment_status":"open","ping_status":"closed","template":"","meta":{"_monsterinsights_skip_tracking":false,"_monsterinsights_sitenote_active":false,"_monsterinsights_sitenote_note":"","_monsterinsights_sitenote_category":0},"product_cat":[444],"product_tag":[],"aioseo_notices":[],"jetpack_sharing_enabled":true,"_links":{"self":[{"href":"https:\/\/digitaltarget.com.tr\/ar\/wp-json\/wp\/v2\/product\/18017"}],"collection":[{"href":"https:\/\/digitaltarget.com.tr\/ar\/wp-json\/wp\/v2\/product"}],"about":[{"href":"https:\/\/digitaltarget.com.tr\/ar\/wp-json\/wp\/v2\/types\/product"}],"replies":[{"embeddable":true,"href":"https:\/\/digitaltarget.com.tr\/ar\/wp-json\/wp\/v2\/comments?post=18017"}],"version-history":[{"count":3,"href":"https:\/\/digitaltarget.com.tr\/ar\/wp-json\/wp\/v2\/product\/18017\/revisions"}],"predecessor-version":[{"id":18909,"href":"https:\/\/digitaltarget.com.tr\/ar\/wp-json\/wp\/v2\/product\/18017\/revisions\/18909"}],"wp:featuredmedia":[{"embeddable":true,"href":"https:\/\/digitaltarget.com.tr\/ar\/wp-json\/wp\/v2\/media\/18018"}],"wp:attachment":[{"href":"https:\/\/digitaltarget.com.tr\/ar\/wp-json\/wp\/v2\/media?parent=18017"}],"wp:term":[{"taxonomy":"product_cat","embeddable":true,"href":"https:\/\/digitaltarget.com.tr\/ar\/wp-json\/wp\/v2\/product_cat?post=18017"},{"taxonomy":"product_tag","embeddable":true,"href":"https:\/\/digitaltarget.com.tr\/ar\/wp-json\/wp\/v2\/product_tag?post=18017"}],"curies":[{"name":"wp","href":"https:\/\/api.w.org\/{rel}","templated":true}]}}