{"id":18043,"date":"2024-01-30T08:28:33","date_gmt":"2024-01-30T08:28:33","guid":{"rendered":"https:\/\/digitaltarget.com.tr\/?post_type=product&#038;p=18043"},"modified":"2025-02-25T08:50:26","modified_gmt":"2025-02-25T08:50:26","slug":"power-hd-lw15mg-metal-gear-high-torque-full-waterproof-digital-servo","status":"publish","type":"product","link":"https:\/\/digitaltarget.com.tr\/ar\/product\/power-hd-lw15mg-metal-gear-high-torque-full-waterproof-digital-servo\/","title":{"rendered":"Power HD LW15MG Metal Di\u015fli Y\u00fcksek Torklu Tam Su Ge\u00e7irmez Dijital Servo"},"content":{"rendered":"<h3>LW-15MG parametreleri:<\/h3>\n<p class=\" translation-block\">-Tork (4,8V): 9,0 kg-cm (125,0 oz\/in);<br>\r\n-Tork (6.0V): 12,5 kg-cm (173,6 oz\/in);<br>\r\n-Tork (7,2V): 15,0 kg-cm (208,3 oz\/in);<br>\r\n-H\u0131z: 0,15 sn (4,8V) \u2502 0,13 sn (6,0V)\u2502 0,11 sn (7,2V);<br>\r\n-\u00c7al\u0131\u015fma Voltaj\u0131: 4,8 ~ 7,2 DC Volt;<br>\r\n-A\u011f\u0131rl\u0131k: 62 g (2,19 oz);<br>\r\n-Yatak Tipi: Bilyal\u0131 Rulman x2;<br>\r\n-Motor Tipi: DC Motor;<br>\r\n-Di\u015fli Tipi: Bak\u0131r ve Al\u00fcminyum;<br>\r\n-\u00c7al\u0131\u015fma S\u0131cakl\u0131\u011f\u0131: -20 \u2103 ~ 60 \u2103;<br>\r\n-\u00c7al\u0131\u015fma Frekans\u0131: 1520\u03bcs \/ 333hz;<br>\r\n-Boyut: 40.5\u00d720.5\u00d739.3mm (1.59\u00d70.81\u00d71.55 in\u00e7);<\/p>","protected":false},"excerpt":{"rendered":"<p>LW-15MG parametreleri: -Tork (4,8V): 9,0 kg-cm (125,0 oz\/in); -Tork (6.0V): 12,5 kg-cm (173,6 oz\/in); -Tork (7,2V): 15,0 kg-cm (208,3 oz\/in);<\/p>","protected":false},"featured_media":18047,"comment_status":"open","ping_status":"closed","template":"","meta":{"_monsterinsights_skip_tracking":false,"_monsterinsights_sitenote_active":false,"_monsterinsights_sitenote_note":"","_monsterinsights_sitenote_category":0},"product_cat":[357],"product_tag":[],"aioseo_notices":[],"jetpack_sharing_enabled":true,"_links":{"self":[{"href":"https:\/\/digitaltarget.com.tr\/ar\/wp-json\/wp\/v2\/product\/18043"}],"collection":[{"href":"https:\/\/digitaltarget.com.tr\/ar\/wp-json\/wp\/v2\/product"}],"about":[{"href":"https:\/\/digitaltarget.com.tr\/ar\/wp-json\/wp\/v2\/types\/product"}],"replies":[{"embeddable":true,"href":"https:\/\/digitaltarget.com.tr\/ar\/wp-json\/wp\/v2\/comments?post=18043"}],"version-history":[{"count":3,"href":"https:\/\/digitaltarget.com.tr\/ar\/wp-json\/wp\/v2\/product\/18043\/revisions"}],"predecessor-version":[{"id":18907,"href":"https:\/\/digitaltarget.com.tr\/ar\/wp-json\/wp\/v2\/product\/18043\/revisions\/18907"}],"wp:featuredmedia":[{"embeddable":true,"href":"https:\/\/digitaltarget.com.tr\/ar\/wp-json\/wp\/v2\/media\/18047"}],"wp:attachment":[{"href":"https:\/\/digitaltarget.com.tr\/ar\/wp-json\/wp\/v2\/media?parent=18043"}],"wp:term":[{"taxonomy":"product_cat","embeddable":true,"href":"https:\/\/digitaltarget.com.tr\/ar\/wp-json\/wp\/v2\/product_cat?post=18043"},{"taxonomy":"product_tag","embeddable":true,"href":"https:\/\/digitaltarget.com.tr\/ar\/wp-json\/wp\/v2\/product_tag?post=18043"}],"curies":[{"name":"wp","href":"https:\/\/api.w.org\/{rel}","templated":true}]}}