{"id":18051,"date":"2024-01-30T08:35:12","date_gmt":"2024-01-30T08:35:12","guid":{"rendered":"https:\/\/digitaltarget.com.tr\/?post_type=product&#038;p=18051"},"modified":"2025-07-22T13:37:16","modified_gmt":"2025-07-22T13:37:16","slug":"power-hd-40kg-25t-hv-metal-waterproof-digital-servo","status":"publish","type":"product","link":"https:\/\/digitaltarget.com.tr\/ar\/product\/power-hd-40kg-25t-hv-metal-waterproof-digital-servo\/","title":{"rendered":"Power HD 40KG 25T HV Metal Su Ge\u00e7irmez Dijital Servo"},"content":{"rendered":"<p class=\" translation-block\">Tork (6.0V): 29,0 kg-cm (402,7 oz\/in)<br>\r\nTork (7,4V): 35,0 kg-cm (486,1 oz\/in)<br>\r\nTork (8,4V): 40,0 kg-cm (555,5 oz\/in)<br>\r\nH\u0131z: 0,20 sn (6,0V)\u25020,18 sn (7,4V)\u25020,17 sn (8,4V)<br>\r\n\u00c7al\u0131\u015fma Voltaj\u0131: 6.0 ~ 8.4V DC Volt<br>\r\nA\u011f\u0131rl\u0131k: 82 g (2,89 oz)<br>\r\nRulman Tipi:Bilyal\u0131 Rulman x 2<br>\r\nMotor Tipi:\u00c7ekirdeksiz Motor<br>\r\nDi\u015fli Tipi:Titanyum ve \u00c7elik<br>\r\n\u00c7al\u0131\u015fma S\u0131cakl\u0131\u011f\u0131: -20 \u2103 ~ 60 \u2103<br>\r\n\u00c7al\u0131\u015fma frekans\u0131: 1520\u03bcs \/ 333hz<br>\r\nBoyut: 40,7 x 20,5 x 38,5 mm (1,60 x 0,81 x 1,52 in\u00e7)<\/p>","protected":false},"excerpt":{"rendered":"<p>Tork (6.0V): 29,0 kg-cm (402,7 oz\/in) Tork (7,4V): 35,0 kg-cm (486,1 oz\/in) Tork (8,4V): 40,0 kg-cm (555,5 oz\/in) H\u0131z: 0,20<\/p>","protected":false},"featured_media":18052,"comment_status":"open","ping_status":"closed","template":"","meta":{"_monsterinsights_skip_tracking":false,"_monsterinsights_sitenote_active":false,"_monsterinsights_sitenote_note":"","_monsterinsights_sitenote_category":0},"product_cat":[357],"product_tag":[],"aioseo_notices":[],"jetpack_sharing_enabled":true,"_links":{"self":[{"href":"https:\/\/digitaltarget.com.tr\/ar\/wp-json\/wp\/v2\/product\/18051"}],"collection":[{"href":"https:\/\/digitaltarget.com.tr\/ar\/wp-json\/wp\/v2\/product"}],"about":[{"href":"https:\/\/digitaltarget.com.tr\/ar\/wp-json\/wp\/v2\/types\/product"}],"replies":[{"embeddable":true,"href":"https:\/\/digitaltarget.com.tr\/ar\/wp-json\/wp\/v2\/comments?post=18051"}],"version-history":[{"count":3,"href":"https:\/\/digitaltarget.com.tr\/ar\/wp-json\/wp\/v2\/product\/18051\/revisions"}],"predecessor-version":[{"id":18905,"href":"https:\/\/digitaltarget.com.tr\/ar\/wp-json\/wp\/v2\/product\/18051\/revisions\/18905"}],"wp:featuredmedia":[{"embeddable":true,"href":"https:\/\/digitaltarget.com.tr\/ar\/wp-json\/wp\/v2\/media\/18052"}],"wp:attachment":[{"href":"https:\/\/digitaltarget.com.tr\/ar\/wp-json\/wp\/v2\/media?parent=18051"}],"wp:term":[{"taxonomy":"product_cat","embeddable":true,"href":"https:\/\/digitaltarget.com.tr\/ar\/wp-json\/wp\/v2\/product_cat?post=18051"},{"taxonomy":"product_tag","embeddable":true,"href":"https:\/\/digitaltarget.com.tr\/ar\/wp-json\/wp\/v2\/product_tag?post=18051"}],"curies":[{"name":"wp","href":"https:\/\/api.w.org\/{rel}","templated":true}]}}