{"id":18054,"date":"2024-01-30T08:40:58","date_gmt":"2024-01-30T08:40:58","guid":{"rendered":"https:\/\/digitaltarget.com.tr\/?post_type=product&#038;p=18054"},"modified":"2024-08-02T08:14:16","modified_gmt":"2024-08-02T08:14:16","slug":"emax-es3003-17g-3-5kg-13-sec-analog-servo","status":"publish","type":"product","link":"https:\/\/digitaltarget.com.tr\/ar\/product\/emax-es3003-17g-3-5kg-13-sec-analog-servo\/","title":{"rendered":"EMAX ES3003 17g\/ 3,5kg\/ .13 sn Analog Servo"},"content":{"rendered":"<p class=\"detail-desc-decorate-content translation-block\">ES3003 servo<br>\r\nVoltaj: 4.8-6.0V<br>\r\nTork: 3.0\/3.5kgf.cm<br>\r\nH\u0131z: 0.15\/0.13s\/60 derece<br>\r\nBoyut: 28.5*13.0*27.0mm<br>\r\nDi\u015fli: plastik di\u015fli<br>\r\nA\u011f\u0131rl\u0131k: 17.5g<br>\r\nTip: analog servo<\/p>","protected":false},"excerpt":{"rendered":"<p class=\" translation-block\">ES3003 servo<br>\r\nVoltaj: 4.8-6.0V<br>\r\nTork: 3.0\/3.5kgf.cm<br>\r\nH\u0131z: 0.15\/0.13s\/60 derece<br>\r\nBoyut: 28.5*13.0*27.0mm<br>\r\nDi\u015fli: plastik di\u015fli<br>\r\nA\u011f\u0131rl\u0131k: 17.5g<br>\r\nTip: analog servo<\/p>","protected":false},"featured_media":18055,"comment_status":"open","ping_status":"closed","template":"","meta":{"_monsterinsights_skip_tracking":false,"_monsterinsights_sitenote_active":false,"_monsterinsights_sitenote_note":"","_monsterinsights_sitenote_category":0},"product_cat":[357],"product_tag":[],"aioseo_notices":[],"jetpack_sharing_enabled":true,"_links":{"self":[{"href":"https:\/\/digitaltarget.com.tr\/ar\/wp-json\/wp\/v2\/product\/18054"}],"collection":[{"href":"https:\/\/digitaltarget.com.tr\/ar\/wp-json\/wp\/v2\/product"}],"about":[{"href":"https:\/\/digitaltarget.com.tr\/ar\/wp-json\/wp\/v2\/types\/product"}],"replies":[{"embeddable":true,"href":"https:\/\/digitaltarget.com.tr\/ar\/wp-json\/wp\/v2\/comments?post=18054"}],"version-history":[{"count":3,"href":"https:\/\/digitaltarget.com.tr\/ar\/wp-json\/wp\/v2\/product\/18054\/revisions"}],"predecessor-version":[{"id":19113,"href":"https:\/\/digitaltarget.com.tr\/ar\/wp-json\/wp\/v2\/product\/18054\/revisions\/19113"}],"wp:featuredmedia":[{"embeddable":true,"href":"https:\/\/digitaltarget.com.tr\/ar\/wp-json\/wp\/v2\/media\/18055"}],"wp:attachment":[{"href":"https:\/\/digitaltarget.com.tr\/ar\/wp-json\/wp\/v2\/media?parent=18054"}],"wp:term":[{"taxonomy":"product_cat","embeddable":true,"href":"https:\/\/digitaltarget.com.tr\/ar\/wp-json\/wp\/v2\/product_cat?post=18054"},{"taxonomy":"product_tag","embeddable":true,"href":"https:\/\/digitaltarget.com.tr\/ar\/wp-json\/wp\/v2\/product_tag?post=18054"}],"curies":[{"name":"wp","href":"https:\/\/api.w.org\/{rel}","templated":true}]}}