{"id":18060,"date":"2024-01-30T09:03:16","date_gmt":"2024-01-30T09:03:16","guid":{"rendered":"https:\/\/digitaltarget.com.tr\/?post_type=product&#038;p=18060"},"modified":"2024-08-02T08:08:07","modified_gmt":"2024-08-02T08:08:07","slug":"kst-x10-mini-hv-metal-gear-digital-wing-coreless-servo","status":"publish","type":"product","link":"https:\/\/digitaltarget.com.tr\/ar\/product\/kst-x10-mini-hv-metal-gear-digital-wing-coreless-servo\/","title":{"rendered":"KST X10 Mini HV Metal Gear Dijital Kanat \u00c7ekirdeksiz Servo"},"content":{"rendered":"<div class=\" translation-block\"><strong>\u00d6zellikler<\/strong><br>\r\nKompakt ve hafif tasar\u0131m<br>\r\nM\u00fckemmel tork ve h\u0131z<br>\r\nY\u00fcksek performansl\u0131 RC Plan\u00f6rler i\u00e7in tasarlanm\u0131\u015f<br>\r\nM\u00fckemmel \u0131s\u0131 da\u011f\u0131l\u0131m\u0131<br>\r\n<strong>Teknik \u00d6zellikler<\/strong><br>\r\nBoyutlar: 30 x 10 x 35.5mm<br>\r\nTork (4.8V): 6.2 Kg.cm \/ (6.0V): 7.5 Kg.cm \/ (8.4V): 10.8 Kg.cm<br>\r\n\u00c7al\u0131\u015fma h\u0131z\u0131 (4.8V): 0.16 sn\/60\u00b0 \/ (6.0V): 0.14 sn\/60\u00b0 \/ (8.4V): 0.12 sn\/60\u00b0<br>\r\n\u00c7al\u0131\u015fma voltaj\u0131: 4.8V \u2013 8.4V<br>\r\nKablo uzunlu\u011fu: 15 cm<br>\r\nA\u011f\u0131rl\u0131k: 28 g<br>\r\nRulman: \u00c7ift bilyal\u0131 rulman<br>\r\nDi\u015fli malzemesi: \u00c7elik di\u015fli versiyonu<br>\r\nMotor tipi: \u00c7ekirdeksiz<br>\r\nG\u00f6vde malzemesi: Al\u00fcminyum<\/div>","protected":false},"excerpt":{"rendered":"<p>\u00d6zellikler Kompakt ve hafif tasar\u0131m M\u00fckemmel tork ve h\u0131z Y\u00fcksek performansl\u0131 RC Plan\u00f6rler i\u00e7in tasarlanm\u0131\u015f M\u00fckemmel \u0131s\u0131 da\u011f\u0131l\u0131m\u0131 Teknik \u00d6zellikler<\/p>","protected":false},"featured_media":18061,"comment_status":"open","ping_status":"closed","template":"","meta":{"_monsterinsights_skip_tracking":false,"_monsterinsights_sitenote_active":false,"_monsterinsights_sitenote_note":"","_monsterinsights_sitenote_category":0},"product_cat":[357],"product_tag":[],"aioseo_notices":[],"jetpack_sharing_enabled":true,"_links":{"self":[{"href":"https:\/\/digitaltarget.com.tr\/ar\/wp-json\/wp\/v2\/product\/18060"}],"collection":[{"href":"https:\/\/digitaltarget.com.tr\/ar\/wp-json\/wp\/v2\/product"}],"about":[{"href":"https:\/\/digitaltarget.com.tr\/ar\/wp-json\/wp\/v2\/types\/product"}],"replies":[{"embeddable":true,"href":"https:\/\/digitaltarget.com.tr\/ar\/wp-json\/wp\/v2\/comments?post=18060"}],"version-history":[{"count":5,"href":"https:\/\/digitaltarget.com.tr\/ar\/wp-json\/wp\/v2\/product\/18060\/revisions"}],"predecessor-version":[{"id":19109,"href":"https:\/\/digitaltarget.com.tr\/ar\/wp-json\/wp\/v2\/product\/18060\/revisions\/19109"}],"wp:featuredmedia":[{"embeddable":true,"href":"https:\/\/digitaltarget.com.tr\/ar\/wp-json\/wp\/v2\/media\/18061"}],"wp:attachment":[{"href":"https:\/\/digitaltarget.com.tr\/ar\/wp-json\/wp\/v2\/media?parent=18060"}],"wp:term":[{"taxonomy":"product_cat","embeddable":true,"href":"https:\/\/digitaltarget.com.tr\/ar\/wp-json\/wp\/v2\/product_cat?post=18060"},{"taxonomy":"product_tag","embeddable":true,"href":"https:\/\/digitaltarget.com.tr\/ar\/wp-json\/wp\/v2\/product_tag?post=18060"}],"curies":[{"name":"wp","href":"https:\/\/api.w.org\/{rel}","templated":true}]}}