{"id":18070,"date":"2024-01-30T20:02:42","date_gmt":"2024-01-30T20:02:42","guid":{"rendered":"https:\/\/digitaltarget.com.tr\/?post_type=product&#038;p=18070"},"modified":"2024-08-02T08:03:04","modified_gmt":"2024-08-02T08:03:04","slug":"ns175-8-prop-2pcs-pair","status":"publish","type":"product","link":"https:\/\/digitaltarget.com.tr\/ar\/product\/ns175-8-prop-2pcs-pair\/","title":{"rendered":"NS17*5.8 Pervane-2 ADET\/\u00c7\u0130FT"},"content":{"rendered":"<p class=\" translation-block\">\u2022 Hafif, verimli, uzun u\u00e7u\u015f s\u00fcresi<br>\r\n\u2022 Daha d\u00fc\u015f\u00fck atalet momenti<br>\r\n\u2022 \u00c7izilmeye dayan\u0131kl\u0131<\/p>","protected":false},"excerpt":{"rendered":"<p class=\" translation-block\">\u2022 Hafif, verimli, uzun u\u00e7u\u015f s\u00fcresi<br>\r\n\u2022 Daha d\u00fc\u015f\u00fck atalet momenti<br>\r\n\u2022 \u00c7izilmeye dayan\u0131kl\u0131<\/p>","protected":false},"featured_media":18072,"comment_status":"open","ping_status":"closed","template":"","meta":{"_monsterinsights_skip_tracking":false,"_monsterinsights_sitenote_active":false,"_monsterinsights_sitenote_note":"","_monsterinsights_sitenote_category":0},"product_cat":[350],"product_tag":[],"aioseo_notices":[],"jetpack_sharing_enabled":true,"_links":{"self":[{"href":"https:\/\/digitaltarget.com.tr\/ar\/wp-json\/wp\/v2\/product\/18070"}],"collection":[{"href":"https:\/\/digitaltarget.com.tr\/ar\/wp-json\/wp\/v2\/product"}],"about":[{"href":"https:\/\/digitaltarget.com.tr\/ar\/wp-json\/wp\/v2\/types\/product"}],"replies":[{"embeddable":true,"href":"https:\/\/digitaltarget.com.tr\/ar\/wp-json\/wp\/v2\/comments?post=18070"}],"version-history":[{"count":2,"href":"https:\/\/digitaltarget.com.tr\/ar\/wp-json\/wp\/v2\/product\/18070\/revisions"}],"predecessor-version":[{"id":19107,"href":"https:\/\/digitaltarget.com.tr\/ar\/wp-json\/wp\/v2\/product\/18070\/revisions\/19107"}],"wp:featuredmedia":[{"embeddable":true,"href":"https:\/\/digitaltarget.com.tr\/ar\/wp-json\/wp\/v2\/media\/18072"}],"wp:attachment":[{"href":"https:\/\/digitaltarget.com.tr\/ar\/wp-json\/wp\/v2\/media?parent=18070"}],"wp:term":[{"taxonomy":"product_cat","embeddable":true,"href":"https:\/\/digitaltarget.com.tr\/ar\/wp-json\/wp\/v2\/product_cat?post=18070"},{"taxonomy":"product_tag","embeddable":true,"href":"https:\/\/digitaltarget.com.tr\/ar\/wp-json\/wp\/v2\/product_tag?post=18070"}],"curies":[{"name":"wp","href":"https:\/\/api.w.org\/{rel}","templated":true}]}}