{"id":18077,"date":"2024-01-30T20:22:37","date_gmt":"2024-01-30T20:22:37","guid":{"rendered":"https:\/\/digitaltarget.com.tr\/?post_type=product&#038;p=18077"},"modified":"2025-02-25T08:50:11","modified_gmt":"2025-02-25T08:50:11","slug":"4pcs-hqprop-8inch-3-brade-8045-8x4-5x3-propeller","status":"publish","type":"product","link":"https:\/\/digitaltarget.com.tr\/ar\/product\/4pcs-hqprop-8inch-3-brade-8045-8x4-5x3-propeller\/","title":{"rendered":"4 adet HQProp 8 in\u00e7 3 kanatl\u0131 8045 8&#215;4.5&#215;3 pervane"},"content":{"rendered":"<p>4 adet HQProp 8 in\u00e7 3 b\u0131\u00e7akl\u0131 8045 8 * 4.5 * 3 pervane RC FPV Yar\u0131\u015f Drone Quadcopter DIY Par\u00e7alar\u0131 i\u00e7in<\/p>\n<p>\u00d6zellikler:<\/p>\n<p>-Model: 8&#215;4.5&#215;3<\/p>\n<p>-Uzunluk: 8 in\u00e7<\/p>\n<p>-Pitch: 4,5 in\u00e7<\/p>\n<p>-B\u0131\u00e7ak: 3 b\u0131\u00e7ak<\/p>\n<p>-Malzeme: CRN<\/p>\n<p>-A\u011f\u0131rl\u0131k: 15,5G<\/p>\n<p>-G\u00f6bek \u00e7ap\u0131: 18mm<\/p>\n<p>-G\u00f6bek kal\u0131nl\u0131\u011f\u0131: 9mm<\/p>\n<p>-\u015eaft: 9,5\/5mm<\/p>","protected":false},"excerpt":{"rendered":"<p>4 adet HQProp 8 in\u00e7 3 b\u0131\u00e7akl\u0131 8045 8 * 4.5 * 3 pervane RC FPV Yar\u0131\u015f Drone Quadcopter DIY<\/p>","protected":false},"featured_media":18079,"comment_status":"open","ping_status":"closed","template":"","meta":{"_monsterinsights_skip_tracking":false,"_monsterinsights_sitenote_active":false,"_monsterinsights_sitenote_note":"","_monsterinsights_sitenote_category":0},"product_cat":[350],"product_tag":[],"aioseo_notices":[],"jetpack_sharing_enabled":true,"_links":{"self":[{"href":"https:\/\/digitaltarget.com.tr\/ar\/wp-json\/wp\/v2\/product\/18077"}],"collection":[{"href":"https:\/\/digitaltarget.com.tr\/ar\/wp-json\/wp\/v2\/product"}],"about":[{"href":"https:\/\/digitaltarget.com.tr\/ar\/wp-json\/wp\/v2\/types\/product"}],"replies":[{"embeddable":true,"href":"https:\/\/digitaltarget.com.tr\/ar\/wp-json\/wp\/v2\/comments?post=18077"}],"version-history":[{"count":2,"href":"https:\/\/digitaltarget.com.tr\/ar\/wp-json\/wp\/v2\/product\/18077\/revisions"}],"predecessor-version":[{"id":18903,"href":"https:\/\/digitaltarget.com.tr\/ar\/wp-json\/wp\/v2\/product\/18077\/revisions\/18903"}],"wp:featuredmedia":[{"embeddable":true,"href":"https:\/\/digitaltarget.com.tr\/ar\/wp-json\/wp\/v2\/media\/18079"}],"wp:attachment":[{"href":"https:\/\/digitaltarget.com.tr\/ar\/wp-json\/wp\/v2\/media?parent=18077"}],"wp:term":[{"taxonomy":"product_cat","embeddable":true,"href":"https:\/\/digitaltarget.com.tr\/ar\/wp-json\/wp\/v2\/product_cat?post=18077"},{"taxonomy":"product_tag","embeddable":true,"href":"https:\/\/digitaltarget.com.tr\/ar\/wp-json\/wp\/v2\/product_tag?post=18077"}],"curies":[{"name":"wp","href":"https:\/\/api.w.org\/{rel}","templated":true}]}}