{"id":18083,"date":"2024-01-30T20:41:01","date_gmt":"2024-01-30T20:41:01","guid":{"rendered":"https:\/\/digitaltarget.com.tr\/?post_type=product&#038;p=18083"},"modified":"2024-08-02T08:01:52","modified_gmt":"2024-08-02T08:01:52","slug":"1-2ghz-8ch-1-5w-1500mw-wireless-av-sender-tv-audio-video-transmitter","status":"publish","type":"product","link":"https:\/\/digitaltarget.com.tr\/ar\/product\/1-2ghz-8ch-1-5w-1500mw-wireless-av-sender-tv-audio-video-transmitter\/","title":{"rendered":"1.2Ghz 8CH 1.5W 1500mw Kablosuz AV G\u00f6nderici TV Ses Video Vericisi"},"content":{"rendered":"<p><span data-spm-anchor-id=\"a2g0o.detail.1000023.i1.3165rWs6rWs6mD\">Verici Parametresi:<\/span><\/p>\n<p>A\u011f\u0131rl\u0131k: 80g<\/p>\n<p><span data-spm-anchor-id=\"a2g0o.detail.1000023.i0.3165rWs6rWs6mD\">Boyut: 73*41*14mm<\/span><\/p>\n<p>\u00c7al\u0131\u015fma Voltaj\u0131: DC12V<\/p>\n<p>\u00c7al\u0131\u015fma Ak\u0131m\u0131: \u2264400mA<\/p>\n<p>\u00c7al\u0131\u015fma Frekans\u0131: 1.2G-1.3G<\/p>\n<p>\u00c7al\u0131\u015fma Kanallar\u0131: 8CH<\/p>\n<p>Ba\u011flay\u0131c\u0131: verici mod\u00fcl\u00fc taraf\u0131 RP-SMA jak, anten SMA fi\u015f<\/p>\n<p class=\" translation-block\">Frekans:<br>\r\nCH0: 910 MHz<br>\r\nCH1: 980 MHz<br>\r\nCH2: 1010 MHz<br>\r\nCH3: 1040 MHz<br>\r\nCH4: 1080 MHz<br>\r\nCH5: 1120 MHz<br>\r\nCH6: 1160 MHz<br>\r\nHC7: 1200 MHz<br>\r\nHC8: 1240 MHz<br>\r\nCH9: 1280 MHz<br>\r\nCHH: 1320 MHz<br>\r\nCHC12: 1360 MHz<br>\r\nCHD: 1258 MHz<br>\r\nCHE: 1100 MHz<br>\r\nCHF: 1140 MHz<\/p>\n<p>\u00c7al\u0131\u015fma G\u00fcc\u00fc: 1500mW<\/p>\n<p>\u0130letim Menzili: 1000m ~ 2000m (A\u00e7\u0131k Alanlarda)<\/p>\n<p>Verici Aksesuarlar\u0131: verici, anten, Tx kablo, 1.25A adapt\u00f6r.<\/p>","protected":false},"excerpt":{"rendered":"<p>Verici Parametresi: A\u011f\u0131rl\u0131k: 80g Boyut: 73*41*14mm \u00c7al\u0131\u015fma Voltaj\u0131: DC12V \u00c7al\u0131\u015fma Ak\u0131m\u0131: \u2264400mA \u00c7al\u0131\u015fma Frekans\u0131: 1.2G-1.3G \u00c7al\u0131\u015fma Kanallar\u0131: 8CH Ba\u011flay\u0131c\u0131: verici<\/p>","protected":false},"featured_media":18084,"comment_status":"open","ping_status":"closed","template":"","meta":{"_monsterinsights_skip_tracking":false,"_monsterinsights_sitenote_active":false,"_monsterinsights_sitenote_note":"","_monsterinsights_sitenote_category":0},"product_cat":[356,438],"product_tag":[],"aioseo_notices":[],"jetpack_sharing_enabled":true,"_links":{"self":[{"href":"https:\/\/digitaltarget.com.tr\/ar\/wp-json\/wp\/v2\/product\/18083"}],"collection":[{"href":"https:\/\/digitaltarget.com.tr\/ar\/wp-json\/wp\/v2\/product"}],"about":[{"href":"https:\/\/digitaltarget.com.tr\/ar\/wp-json\/wp\/v2\/types\/product"}],"replies":[{"embeddable":true,"href":"https:\/\/digitaltarget.com.tr\/ar\/wp-json\/wp\/v2\/comments?post=18083"}],"version-history":[{"count":3,"href":"https:\/\/digitaltarget.com.tr\/ar\/wp-json\/wp\/v2\/product\/18083\/revisions"}],"predecessor-version":[{"id":19106,"href":"https:\/\/digitaltarget.com.tr\/ar\/wp-json\/wp\/v2\/product\/18083\/revisions\/19106"}],"wp:featuredmedia":[{"embeddable":true,"href":"https:\/\/digitaltarget.com.tr\/ar\/wp-json\/wp\/v2\/media\/18084"}],"wp:attachment":[{"href":"https:\/\/digitaltarget.com.tr\/ar\/wp-json\/wp\/v2\/media?parent=18083"}],"wp:term":[{"taxonomy":"product_cat","embeddable":true,"href":"https:\/\/digitaltarget.com.tr\/ar\/wp-json\/wp\/v2\/product_cat?post=18083"},{"taxonomy":"product_tag","embeddable":true,"href":"https:\/\/digitaltarget.com.tr\/ar\/wp-json\/wp\/v2\/product_tag?post=18083"}],"curies":[{"name":"wp","href":"https:\/\/api.w.org\/{rel}","templated":true}]}}