{"id":18144,"date":"2024-02-01T08:25:54","date_gmt":"2024-02-01T08:25:54","guid":{"rendered":"https:\/\/digitaltarget.com.tr\/?post_type=product&#038;p=18144"},"modified":"2024-08-01T13:28:30","modified_gmt":"2024-08-01T13:28:30","slug":"long-range-rmilec-t4047nb20-nb20-v2-20-channel-5w-433mhz-uhf-system-w-receiver-for-jr-futaba-radios","status":"publish","type":"product","link":"https:\/\/digitaltarget.com.tr\/ar\/product\/long-range-rmilec-t4047nb20-nb20-v2-20-channel-5w-433mhz-uhf-system-w-receiver-for-jr-futaba-radios\/","title":{"rendered":"Uzun Menzilli RMILEC T4047NB20 NB20 V2 20 Kanal 5W 433Mhz UHF Sistemi JR\/Futaba Radyo Al\u0131c\u0131s\u0131 ile"},"content":{"rendered":"<div class=\"std\">Bu, 10\/12\/2019 tarihinde \u00fcretici Rmilec taraf\u0131ndan piyasaya s\u00fcr\u00fclen en son NB20 20 kanall\u0131 UHF LRS Sistemidir.<\/div>\n<div class=\"std\">\n<p>B\u00fcy\u00fck 5.8w ile iletim g\u00fcc\u00fc sunan m\u00fckemmel LRS radyo sistemi mi ar\u0131yorsunuz? RMILEC NB20 sistemi geldi! NB20, esasen bir radyo kontrol ve LRS sisteminin birle\u015fimidir. Sistem nas\u0131l \u00e7al\u0131\u015f\u0131r? Mevcut vericiniz bir sinyali al\u0131c\u0131ya g\u00f6nderir ve bu al\u0131c\u0131 NB20 vericisine (yerde) ba\u011fl\u0131d\u0131r. NB20, bu sinyali al\u0131r ve etkileyici bir \u015fekilde 2 &#8211; 5.8w aral\u0131\u011f\u0131nda yeniden yayar! (se\u00e7ilebilir)<\/p>\n<p>NB20 sistemi, 20 mevcut kanal\u0131n\u0131 kullanacak \u015fekilde ayarland\u0131\u011f\u0131nda, modelinizin parametreleri u\u00e7u\u015f s\u0131ras\u0131nda ayarlanabilir, bu da bir pilot ve yard\u0131mc\u0131 pilot \/ hava video kameraman\u0131n\u0131n tek bir radyo sistemi ile birlikte \u00e7al\u0131\u015fabilece\u011fi anlam\u0131na gelir. Buna ek olarak, yeni sistem, aral\u0131ks\u0131z bir \u015fekilde m\u00fcdahaleyi h\u0131zl\u0131 ve do\u011fru bir \u015fekilde hari\u00e7 tutarak hem menzil hem de g\u00fcvenilirlik a\u00e7\u0131s\u0131ndan b\u00fcy\u00fck iyile\u015ftirmeler sunar.<\/p>\n<p>NB20, en son RF teknolojisini kullanarak, \u00e7ok y\u00fcksek kom\u015fu kanal reddetme oran\u0131 ve anti-engelleme performans\u0131 sa\u011flar. NB20 al\u0131c\u0131s\u0131, EMI parazitinin frekans\u0131n\u0131 ve genli\u011fini rakipsiz do\u011fruluk ve hassasiyetle alg\u0131layabilir.<\/p>\n<p>En son NB20 sisteminin RF performans\u0131, eski nesil 4047 sistemini geride b\u0131rakmaktad\u0131r. Sistem, a\u015f\u0131r\u0131 do\u011fruluk sa\u011flayan s\u00fcper h\u0131zl\u0131 i\u015flemciler kullanarak sinyal iletimi ve al\u0131m\u0131 ger\u00e7ekle\u015ftirir. NB20&#8217;nin verici al\u0131c\u0131s\u0131, veri al\u0131\u015fveri\u015fi ve frekans kalibrasyon s\u00fcresini azaltan bant geni\u015fli\u011fi k\u0131s\u0131tlamalar\u0131n\u0131 tam olarak kullan\u0131r.<\/p>\n<p>K\u0131sacas\u0131, NB20 sistemi uzun menzilli u\u00e7u\u015f merakl\u0131lar\u0131 i\u00e7in muazzam performans ve kalite sunar ve t\u00fcm bunlar\u0131 uygun bir fiyatla sa\u011flar.<\/p>\n<p><strong>\u00d6zellikler:<\/strong><\/p>\n<div>\n<ul>\n<li class=\" translation-block\">Giri\u015f: <strong>2 PPM, 1 SBUS. PWM sinyal d\u00f6n\u00fc\u015ft\u00fcr\u00fcc\u00fc kullanarak PPM veya SBUS sinyali olarak d\u00f6n\u00fc\u015ft\u00fcr\u00fclmelidir.<\/strong><\/li>\n<li class=\" translation-block\">RF \u00c7\u0131k\u0131\u015f\u0131: <strong>0.5w, 1w, 2w, 5w<\/strong><\/li>\n<li class=\" translation-block\">Frekans: <strong>433, 435, 445, 455Mhz. 400-470Mhz programlanabilir.<\/strong><\/li>\n<li class=\" translation-block\">Hassasiyet: <strong>-115dBm<\/strong><\/li>\n<li class=\" translation-block\">Kom\u015fu Kanal Reddi: <strong>Y\u00fcksek<\/strong><\/li>\n<li class=\" translation-block\">Sinirli Sinyal Engelleme: <strong>Y\u00fcksek<\/strong><\/li>\n<li class=\" translation-block\">Servonun \u0130letim Sinyali: <strong>20ch<\/strong><\/li>\n<li class=\" translation-block\">Giri\u015f Voltaj\u0131: <strong>12v DC<\/strong><\/li>\n<li class=\" translation-block\">Ekran: <strong>Sistem Durumu, \u00c7\u0131k\u0131\u015f Servo Verisi, Giri\u015f Sinyali<\/strong><\/li>\n<li class=\" translation-block\">RF G\u00fc\u00e7 Ayar\u0131: <strong>Uzaktan Kumanda RF G\u00fcc\u00fc, Dokunmatik Ekran Kontrol\u00fc, Programlanabilir<\/strong><\/li>\n<li class=\" translation-block\">Sistem Bo\u015fta: <strong>Uzaktan Kumanda Sistemi Bo\u015fta, Programlanabilir<\/strong><\/li>\n<li class=\" translation-block\">Kanal E\u015fleme: <strong>Uzaktan Kumanda Sistemi Bo\u015fta, Programlanabilir<\/strong><\/li>\n<li class=\" translation-block\">Is\u0131 Da\u011f\u0131l\u0131m\u0131: <strong>Otomatik<\/strong><\/li>\n<li class=\" translation-block\">So\u011futma: <strong>Geli\u015ftirilmi\u015f So\u011futma Fan\u0131<\/strong><\/li>\n<li class=\" translation-block\">Numune Alma: <strong>Kompakt Kurulum Tasar\u0131m\u0131<\/strong><\/li>\n<li class=\" translation-block\">Anten: <strong>Standart Diamond SRH771 Anten<\/strong><\/li>\n<li class=\" translation-block\">Al\u0131c\u0131: <strong>4047NB20RX<\/strong><\/li>\n<\/ul>\n<\/div>\n<div><\/div>\n<div><\/div>\n<div><\/div>\n<\/div>","protected":false},"excerpt":{"rendered":"<p>Bu, 10\/12\/2019 tarihinde \u00fcretici Rmilec taraf\u0131ndan piyasaya s\u00fcr\u00fclen en son NB20 20 kanall\u0131 UHF LRS Sistemidir. B\u00fcy\u00fck 5.8w ile iletim<\/p>","protected":false},"featured_media":18145,"comment_status":"open","ping_status":"closed","template":"","meta":{"_monsterinsights_skip_tracking":false,"_monsterinsights_sitenote_active":false,"_monsterinsights_sitenote_note":"","_monsterinsights_sitenote_category":0},"product_cat":[448,356],"product_tag":[],"aioseo_notices":[],"jetpack_sharing_enabled":true,"_links":{"self":[{"href":"https:\/\/digitaltarget.com.tr\/ar\/wp-json\/wp\/v2\/product\/18144"}],"collection":[{"href":"https:\/\/digitaltarget.com.tr\/ar\/wp-json\/wp\/v2\/product"}],"about":[{"href":"https:\/\/digitaltarget.com.tr\/ar\/wp-json\/wp\/v2\/types\/product"}],"replies":[{"embeddable":true,"href":"https:\/\/digitaltarget.com.tr\/ar\/wp-json\/wp\/v2\/comments?post=18144"}],"version-history":[{"count":3,"href":"https:\/\/digitaltarget.com.tr\/ar\/wp-json\/wp\/v2\/product\/18144\/revisions"}],"predecessor-version":[{"id":19102,"href":"https:\/\/digitaltarget.com.tr\/ar\/wp-json\/wp\/v2\/product\/18144\/revisions\/19102"}],"wp:featuredmedia":[{"embeddable":true,"href":"https:\/\/digitaltarget.com.tr\/ar\/wp-json\/wp\/v2\/media\/18145"}],"wp:attachment":[{"href":"https:\/\/digitaltarget.com.tr\/ar\/wp-json\/wp\/v2\/media?parent=18144"}],"wp:term":[{"taxonomy":"product_cat","embeddable":true,"href":"https:\/\/digitaltarget.com.tr\/ar\/wp-json\/wp\/v2\/product_cat?post=18144"},{"taxonomy":"product_tag","embeddable":true,"href":"https:\/\/digitaltarget.com.tr\/ar\/wp-json\/wp\/v2\/product_tag?post=18144"}],"curies":[{"name":"wp","href":"https:\/\/api.w.org\/{rel}","templated":true}]}}