{"id":18181,"date":"2024-02-01T09:39:27","date_gmt":"2024-02-01T09:39:27","guid":{"rendered":"https:\/\/digitaltarget.com.tr\/?post_type=product&#038;p=18181"},"modified":"2024-08-01T13:17:12","modified_gmt":"2024-08-01T13:17:12","slug":"ls-800d-fpv-goggles-5-8g-40ch-5-inch-800480-video-headset-hd-dvr-with-2000mah-battery-for-rc-model","status":"publish","type":"product","link":"https:\/\/digitaltarget.com.tr\/ar\/product\/ls-800d-fpv-goggles-5-8g-40ch-5-inch-800480-video-headset-hd-dvr-with-2000mah-battery-for-rc-model\/","title":{"rendered":"LS-800D FPV G\u00f6zl\u00fck 5.8G 40CH 5 \u0130n\u00e7 800*480 Video Kulakl\u0131k HD DVR 2000mAh Pil ile RC Modeli \u0130\u00e7in"},"content":{"rendered":"<h3>\u00d6zellikler<\/h3>\n<ul>\n<li>Ay\u0131r\u0131labilir tasar\u0131m, 5 in\u00e7 ekran radyo kontrol cihaz\u0131nda veya tripod ile k\u00fc\u00e7\u00fck monit\u00f6r olarak kullan\u0131labilir<\/li>\n<li>FPV yar\u0131\u015flar\u0131 veya model u\u00e7aklar i\u00e7in \u00f6zel olarak ayarlanm\u0131\u015f HD y\u00fcksek parlakl\u0131kta 5 in\u00e7 LCD ekran<\/li>\n<li>\u00d6zellikle RaceBand ile 5.8GHz 40 kanal al\u0131c\u0131ya sahip y\u00fcksek hassasiyetli yerle\u015fik al\u0131c\u0131<\/li>\n<li>Geli\u015fmi\u015f otomatik arama fonksiyonu ile birlikte gelir ve ekran \u00fczerinde \u00e7al\u0131\u015fan frekans\u0131 g\u00f6sterir<\/li>\n<li>3.7V\/2000mA batarya yerle\u015fik olarak bulunur, her tam \u015farjla yakla\u015f\u0131k 2 saat \u00e7al\u0131\u015fma s\u00fcresi sa\u011flar<\/li>\n<li>Ergonomik tasar\u0131m y\u00fcz\u00fcn\u00fcze uygun<\/li>\n<li>82 dereceye kadar s\u00fcper geni\u015f g\u00f6r\u00fcn\u00fcm a\u00e7\u0131s\u0131<\/li>\n<li>%92 \u015feffaf lens kullan\u0131lm\u0131\u015ft\u0131r, ekran kenarlar\u0131nda distorsiyon veya bulan\u0131kl\u0131k yok<\/li>\n<li>375g a\u011f\u0131rl\u0131\u011f\u0131nda, 2 saat 2000mAh batarya ile hafif, her \u00f6l\u00e7ek, yar\u0131\u015f ve model u\u00e7ak oyunlar\u0131 i\u00e7in haz\u0131r<\/li>\n<li>5 in\u00e7 800*480px HD y\u00fcksek parlakl\u0131kta LCD<\/li>\n<\/ul>","protected":false},"excerpt":{"rendered":"<p>\u00d6zellikler Ay\u0131r\u0131labilir tasar\u0131m, 5 in\u00e7 ekran radyo kontrol cihaz\u0131nda veya tripod ile k\u00fc\u00e7\u00fck monit\u00f6r olarak kullan\u0131labilir FPV yar\u0131\u015flar\u0131 veya model<\/p>","protected":false},"featured_media":18183,"comment_status":"open","ping_status":"closed","template":"","meta":{"_monsterinsights_skip_tracking":false,"_monsterinsights_sitenote_active":false,"_monsterinsights_sitenote_note":"","_monsterinsights_sitenote_category":0},"product_cat":[449],"product_tag":[],"aioseo_notices":[],"jetpack_sharing_enabled":true,"_links":{"self":[{"href":"https:\/\/digitaltarget.com.tr\/ar\/wp-json\/wp\/v2\/product\/18181"}],"collection":[{"href":"https:\/\/digitaltarget.com.tr\/ar\/wp-json\/wp\/v2\/product"}],"about":[{"href":"https:\/\/digitaltarget.com.tr\/ar\/wp-json\/wp\/v2\/types\/product"}],"replies":[{"embeddable":true,"href":"https:\/\/digitaltarget.com.tr\/ar\/wp-json\/wp\/v2\/comments?post=18181"}],"version-history":[{"count":3,"href":"https:\/\/digitaltarget.com.tr\/ar\/wp-json\/wp\/v2\/product\/18181\/revisions"}],"predecessor-version":[{"id":19097,"href":"https:\/\/digitaltarget.com.tr\/ar\/wp-json\/wp\/v2\/product\/18181\/revisions\/19097"}],"wp:featuredmedia":[{"embeddable":true,"href":"https:\/\/digitaltarget.com.tr\/ar\/wp-json\/wp\/v2\/media\/18183"}],"wp:attachment":[{"href":"https:\/\/digitaltarget.com.tr\/ar\/wp-json\/wp\/v2\/media?parent=18181"}],"wp:term":[{"taxonomy":"product_cat","embeddable":true,"href":"https:\/\/digitaltarget.com.tr\/ar\/wp-json\/wp\/v2\/product_cat?post=18181"},{"taxonomy":"product_tag","embeddable":true,"href":"https:\/\/digitaltarget.com.tr\/ar\/wp-json\/wp\/v2\/product_tag?post=18181"}],"curies":[{"name":"wp","href":"https:\/\/api.w.org\/{rel}","templated":true}]}}